{"id":96106,"date":"2024-08-01T20:00:29","date_gmt":"2024-08-01T19:00:29","guid":{"rendered":"https:\/\/www.parcastronomicprades.cat\/?post_type=product&#038;p=96106"},"modified":"2025-08-01T08:56:01","modified_gmt":"2025-08-01T07:56:01","slug":"1-de-agosto-noche-del-cosmos-prades-club","status":"publish","type":"product","link":"https:\/\/www.parcastronomicprades.cat\/es\/espectacle\/1-de-agosto-noche-del-cosmos-prades-club\/","title":{"rendered":"1 de agosto: Noche del Cosmos Prades"},"content":{"rendered":"<h2><strong>M\u00e1s INFORMACI\u00d3N:<\/strong><\/h2>\n<ul>\n<li>Punto de encuentro: Vilanova de Prades (C\/ de las Pruneretes esquina con C\/ de la Font)<\/li>\n<li>Hora de encuentro: 19.45<\/li>\n<li>Se aconseja llevar ropa de abrigo sea cual sea la \u00e9poca del a\u00f1o. Vilanova de Prades es una poblaci\u00f3n con clima de monta\u00f1a.<\/li>\n<li>La organizaci\u00f3n se reserva el derecho de suspender la observaci\u00f3n en caso de condiciones meteorol\u00f3gicas adversas. En este caso, nuestros gu\u00edas les ofrecer\u00e1n una actividad alternativa.<\/li>\n<li>Actividad recomendada por mayores de 18 a\u00f1os.<\/li>\n<li style=\"list-style-type: none;\"><\/li>\n<\/ul>\n","protected":false},"excerpt":{"rendered":"<p>Vive una puesta de Sol exclusiva al pie de los vi\u00f1edos del Celler Vega Aixal\u00e0, mientras degustas una cata de vinos. A continuaci\u00f3n cena con productos km0 bajo el espectacular cielo de las Monta\u00f1as de Prades de la mano de gu\u00edas astron\u00f3micos acreditados por la Fundaci\u00f3n Starlight.<\/p>\n<p>&nbsp;<\/p>\n<p>Nuestro <strong>programa de fidelizaci\u00f3n COSMOS PRADES<\/strong> est\u00e1 pensado para que tu pasi\u00f3n por la astronom\u00eda se convierta en una experiencia llena de ventajas, descuentos, actividades exclusivas, regalos y contenido especializado para que puedas disfrutar del cielo oscuro de Prades y experiencias astron\u00f3micas en todo el mundo. En nuestro club exclusivo COMSOS PRADES encontrar\u00e1s diferentes beneficios y podr\u00e1s convertirte en EMBAJADOR de nuestro observatorio. <\/p>\n<p>Tu viaje comienza bajo el cielo oscuro de las Monta\u00f1as de Prades en un acto emotivo que hemos pensado y creado con mucho cari\u00f1o para ofrecerles una bienvenida muy especial. \u00a1Disfruta de tus ventajas como miembro del club! <\/p>\n<p>&nbsp;<\/p>\n<h3><strong>M\u00c1S INFORMACI\u00d3N:<\/strong><\/h3>\n<ul>\n<li>Actividad exclusiva para MIEMBROS DEL CLUB EXCLUSIVO DEL PARC ASTRON\u00d2MIC MUNTANYES DE PRADES<\/li>\n<li>Punto de encuentro: Vilanova de Prades (C\/ de las Pruneretes esquina con C\/ de la Font)<\/li>\n<li>Hora de encuentro: 19.45<\/li>\n<li>Se aconseja llevar ropa de abrigo sea cual sea la \u00e9poca del a\u00f1o. Vilanova de Prades es una poblaci\u00f3n con clima de monta\u00f1a.<\/li>\n<li>La organizaci\u00f3n se reserva el derecho de suspender la observaci\u00f3n en caso de condiciones meteorol\u00f3gicas adversas. En este caso, nuestros gu\u00edas les ofrecer\u00e1n una actividad alternativa.<\/li>\n<li>Actividad recomendada por mayores de 18 a\u00f1os.<\/li>\n<li>Idioma: catalan<\/li>\n<li>Duraci\u00f3n: 5h (de 20:00 a 01:00)<\/li>\n<li>Si no puedes venir el d\u00eda 1 de agosto pero quieres formar parte del COSMOS PRADES, puede clicar el siguiente <a href=\"https:\/\/www.parcastronomicprades.cat\/es\/espectacle\/cosmos-prades\/\">ENLACE<\/a><\/li>\n<\/ul>\n","protected":false},"featured_media":96109,"template":"","meta":{"_acf_changed":false,"site-sidebar-layout":"default","site-content-layout":"","ast-site-content-layout":"default","site-content-style":"default","site-sidebar-style":"default","ast-global-header-display":"","ast-banner-title-visibility":"","ast-main-header-display":"","ast-hfb-above-header-display":"","ast-hfb-below-header-display":"","ast-hfb-mobile-header-display":"","site-post-title":"","ast-breadcrumbs-content":"","ast-featured-img":"","footer-sml-layout":"","theme-transparent-header-meta":"default","adv-header-id-meta":"","stick-header-meta":"","header-above-stick-meta":"","header-main-stick-meta":"","header-below-stick-meta":"","astra-migrate-meta-layouts":"set","ast-page-background-enabled":"default","ast-page-background-meta":{"desktop":{"background-color":"var(--ast-global-color-5)","background-image":"","background-repeat":"repeat","background-position":"center center","background-size":"auto","background-attachment":"scroll","background-type":"","background-media":"","overlay-type":"","overlay-color":"","overlay-opacity":"","overlay-gradient":""},"tablet":{"background-color":"","background-image":"","background-repeat":"repeat","background-position":"center center","background-size":"auto","background-attachment":"scroll","background-type":"","background-media":"","overlay-type":"","overlay-color":"","overlay-opacity":"","overlay-gradient":""},"mobile":{"background-color":"","background-image":"","background-repeat":"repeat","background-position":"center center","background-size":"auto","background-attachment":"scroll","background-type":"","background-media":"","overlay-type":"","overlay-color":"","overlay-opacity":"","overlay-gradient":""}},"ast-content-background-meta":{"desktop":{"background-color":"var(--ast-global-color-4)","background-image":"","background-repeat":"repeat","background-position":"center center","background-size":"auto","background-attachment":"scroll","background-type":"","background-media":"","overlay-type":"","overlay-color":"","overlay-opacity":"","overlay-gradient":""},"tablet":{"background-color":"var(--ast-global-color-4)","background-image":"","background-repeat":"repeat","background-position":"center center","background-size":"auto","background-attachment":"scroll","background-type":"","background-media":"","overlay-type":"","overlay-color":"","overlay-opacity":"","overlay-gradient":""},"mobile":{"background-color":"var(--ast-global-color-4)","background-image":"","background-repeat":"repeat","background-position":"center center","background-size":"auto","background-attachment":"scroll","background-type":"","background-media":"","overlay-type":"","overlay-color":"","overlay-opacity":"","overlay-gradient":""}}},"product_brand":[],"product_cat":[63,61],"product_tag":[],"giftcard-category":[],"class_list":{"0":"post-96106","1":"product","2":"type-product","3":"status-publish","4":"has-post-thumbnail","6":"product_cat-experiencias","7":"product_cat-otros-productos","8":"desktop-align-left","9":"tablet-align-left","10":"mobile-align-left","12":"first","13":"outofstock","14":"taxable","15":"shipping-taxable","16":"purchasable","17":"product-type-variable"},"acf":[],"_links":{"self":[{"href":"https:\/\/www.parcastronomicprades.cat\/es\/wp-json\/wp\/v2\/product\/96106","targetHints":{"allow":["GET"]}}],"collection":[{"href":"https:\/\/www.parcastronomicprades.cat\/es\/wp-json\/wp\/v2\/product"}],"about":[{"href":"https:\/\/www.parcastronomicprades.cat\/es\/wp-json\/wp\/v2\/types\/product"}],"wp:featuredmedia":[{"embeddable":true,"href":"https:\/\/www.parcastronomicprades.cat\/es\/wp-json\/wp\/v2\/media\/96109"}],"wp:attachment":[{"href":"https:\/\/www.parcastronomicprades.cat\/es\/wp-json\/wp\/v2\/media?parent=96106"}],"wp:term":[{"taxonomy":"product_brand","embeddable":true,"href":"https:\/\/www.parcastronomicprades.cat\/es\/wp-json\/wp\/v2\/product_brand?post=96106"},{"taxonomy":"product_cat","embeddable":true,"href":"https:\/\/www.parcastronomicprades.cat\/es\/wp-json\/wp\/v2\/product_cat?post=96106"},{"taxonomy":"product_tag","embeddable":true,"href":"https:\/\/www.parcastronomicprades.cat\/es\/wp-json\/wp\/v2\/product_tag?post=96106"},{"taxonomy":"giftcard-category","embeddable":true,"href":"https:\/\/www.parcastronomicprades.cat\/es\/wp-json\/wp\/v2\/giftcard-category?post=96106"}],"curies":[{"name":"wp","href":"https:\/\/api.w.org\/{rel}","templated":true}]}}