{"id":91750,"date":"2024-08-03T22:00:07","date_gmt":"2024-08-03T21:00:07","guid":{"rendered":"https:\/\/www.parcastronomicprades.cat\/?post_type=product&#038;p=91750"},"modified":"2025-08-21T16:22:37","modified_gmt":"2025-08-21T15:22:37","slug":"curso-astropaisaje-con-nebulb","status":"publish","type":"product","link":"https:\/\/www.parcastronomicprades.cat\/es\/espectacle\/curso-astropaisaje-con-nebulb\/","title":{"rendered":"CURSO ASTROPAISAJE CON NEBULB: Lluvias de Estrellas"},"content":{"rendered":"<h3><strong>M\u00e1s INFORMACI\u00d3N:<\/strong><\/h3>\n<ul>\n<li>Punto de encuentro: Centro de Visitantes del Parque Astron\u00f3mico Monta\u00f1as de Prades (C\/ Muralla, 5, 43364 Prades, Tarragona). M\u00e1ximo 15\u2032 antes del inicio de la sesi\u00f3n.<\/li>\n<li>Se aconseja llevar ropa de abrigo sea cual sea la \u00e9poca del a\u00f1o. Prades es una poblaci\u00f3n con clima de monta\u00f1a.<\/li>\n<li>Se aconseja disponer de linterna o luz frontal de color rojo.<\/li>\n<li>No est\u00e1 permitida la entrada de animales en el Centro de Visitantes del PAP.<\/li>\n<li>No est\u00e1 permitida la entrada de comida ni bebida en el Centro de Visitantes del PAP.<\/li>\n<\/ul>\n<p>&nbsp;<\/p>\n","protected":false},"excerpt":{"rendered":"<p><strong>PROFESORADO<\/strong><\/p>\n<p><strong>Toni Guti\u00e9rrez<\/strong> @nebulb_software y <strong>Aleix Roig<\/strong> @astrocatinfo<\/p>\n<p>&nbsp;<\/p>\n<p><strong><u>3 y 4 de AGOSTO 2025 \u2013 PRADES (8h):<\/u><\/strong><\/p>\n<p><strong><em>Master Class<\/em><\/strong><strong> con Toni &#8211; DOMINGO 03\/08\/2025 22-00h\u00a0<\/strong><\/p>\n<p>Ubicaci\u00f3n:<strong>\u00a0<\/strong>Parc Astron\u00f2mic Muntanyes de Prades (C\/Muralla, 5 \u2013 Prades)<\/p>\n<p><strong><em>Pr\u00e1ctica guiada<\/em><\/strong><strong> con Toni y Aleix \u2013\u00a0LUNES 04\/08\/2025 00-03h\u00a0<\/strong><\/p>\n<p>Ubicaci\u00f3n: Mirador Astron\u00f3mico en Prades<\/p>\n<p><strong><em>Procesado Guiado<\/em><\/strong><strong> con Toni y Aleix &#8211; LUNES 04\/08\/2025 11-14h <\/strong><\/p>\n<p><strong>Incluye Coffee Break KM0 a media ma\u00f1ana<\/strong><\/p>\n<p>Ubicaci\u00f3n: Parc Astron\u00f2mic Muntanyes de Prades (C\/Muralla, 5 \u2013 Prades)<\/p>\n<p>&nbsp;<\/p>\n<p>Idioma: Castellano<\/p>\n<p>Programas: NEBULB<\/p>\n<p><span style=\"color: #339966;\"><strong>Todos los asistentes al curso obtendr\u00e9is una licencia especial de prueba de Nebulb de 1 mes<\/strong><\/span>. As\u00ed podr\u00e9is hacer vosotros mismos la sesi\u00f3n pr\u00e1ctica procesando vuestras fotos con Nebulb y luego podr\u00e9is seguir practicando y disfrutando del software todo el mes de agosto.<\/p>\n<p>&nbsp;<\/p>\n<p><strong>Material recomendado: <\/strong><\/p>\n<ul>\n<li>Ropa de abrigo, luz frontal con opci\u00f3n de luz roja, comida e hidrataci\u00f3n.<\/li>\n<li>PC para el procesado guiado del domingo con programa NEBULB instalado.<\/li>\n<li>Equipo de astrofotograf\u00eda de paisaje si disponemos de \u00e9l (no es obligatorio).<\/li>\n<li>Se necesitar\u00e1 veh\u00edculo propio para el desplazamiento a la parte pr\u00e1ctica.<\/li>\n<\/ul>\n<p>&nbsp;<\/p>\n<p><strong>Precio:\u00a0<\/strong>160\u20ac\/curso<\/p>\n<p>Incluye: 8h de formaci\u00f3n te\u00f3rica, pr\u00e1ctica y procesado. Incluye materiales del curso (material del alumno y apuntes del curso) y Coffee Break KM0 del domingo.<\/p>\n<p><strong>\u00a0<\/strong><\/p>\n<p><strong>A tener en cuenta:<\/strong><\/p>\n<p>En caso de no poder realizar la parte pr\u00e1ctica por lluvia esta se realizar\u00e1 en interior con simulaci\u00f3n de la escena exterior. En caso de nubes (sin lluvia) la parte pr\u00e1ctica se realizar\u00e1 en exterior.<\/p>\n<p>&nbsp;<\/p>\n<h2><span style=\"color: #000080;\"><strong><a style=\"color: #000080;\" href=\"https:\/\/www.parcastronomicprades.cat\/wp-content\/uploads\/2025\/06\/CURSO-ASTROPAISAJE-2025.pdf\">Quiero m\u00e1s informaci\u00f3n del CURSO<\/a><\/strong><\/span><\/h2>\n","protected":false},"featured_media":91755,"template":"","meta":{"_acf_changed":false,"site-sidebar-layout":"default","site-content-layout":"","ast-site-content-layout":"default","site-content-style":"default","site-sidebar-style":"default","ast-global-header-display":"","ast-banner-title-visibility":"","ast-main-header-display":"","ast-hfb-above-header-display":"","ast-hfb-below-header-display":"","ast-hfb-mobile-header-display":"","site-post-title":"","ast-breadcrumbs-content":"","ast-featured-img":"","footer-sml-layout":"","theme-transparent-header-meta":"","adv-header-id-meta":"","stick-header-meta":"","header-above-stick-meta":"","header-main-stick-meta":"","header-below-stick-meta":"","astra-migrate-meta-layouts":"default","ast-page-background-enabled":"default","ast-page-background-meta":{"desktop":{"background-color":"var(--ast-global-color-5)","background-image":"","background-repeat":"repeat","background-position":"center center","background-size":"auto","background-attachment":"scroll","background-type":"","background-media":"","overlay-type":"","overlay-color":"","overlay-opacity":"","overlay-gradient":""},"tablet":{"background-color":"","background-image":"","background-repeat":"repeat","background-position":"center center","background-size":"auto","background-attachment":"scroll","background-type":"","background-media":"","overlay-type":"","overlay-color":"","overlay-opacity":"","overlay-gradient":""},"mobile":{"background-color":"","background-image":"","background-repeat":"repeat","background-position":"center center","background-size":"auto","background-attachment":"scroll","background-type":"","background-media":"","overlay-type":"","overlay-color":"","overlay-opacity":"","overlay-gradient":""}},"ast-content-background-meta":{"desktop":{"background-color":"var(--ast-global-color-4)","background-image":"","background-repeat":"repeat","background-position":"center center","background-size":"auto","background-attachment":"scroll","background-type":"","background-media":"","overlay-type":"","overlay-color":"","overlay-opacity":"","overlay-gradient":""},"tablet":{"background-color":"var(--ast-global-color-4)","background-image":"","background-repeat":"repeat","background-position":"center center","background-size":"auto","background-attachment":"scroll","background-type":"","background-media":"","overlay-type":"","overlay-color":"","overlay-opacity":"","overlay-gradient":""},"mobile":{"background-color":"var(--ast-global-color-4)","background-image":"","background-repeat":"repeat","background-position":"center center","background-size":"auto","background-attachment":"scroll","background-type":"","background-media":"","overlay-type":"","overlay-color":"","overlay-opacity":"","overlay-gradient":""}}},"product_brand":[],"product_cat":[63],"product_tag":[],"giftcard-category":[],"class_list":{"0":"post-91750","1":"product","2":"type-product","3":"status-publish","4":"has-post-thumbnail","6":"product_cat-experiencias","7":"desktop-align-left","8":"tablet-align-left","9":"mobile-align-left","11":"first","12":"outofstock","13":"taxable","14":"shipping-taxable","15":"purchasable","16":"product-type-variable"},"acf":[],"_links":{"self":[{"href":"https:\/\/www.parcastronomicprades.cat\/es\/wp-json\/wp\/v2\/product\/91750","targetHints":{"allow":["GET"]}}],"collection":[{"href":"https:\/\/www.parcastronomicprades.cat\/es\/wp-json\/wp\/v2\/product"}],"about":[{"href":"https:\/\/www.parcastronomicprades.cat\/es\/wp-json\/wp\/v2\/types\/product"}],"wp:featuredmedia":[{"embeddable":true,"href":"https:\/\/www.parcastronomicprades.cat\/es\/wp-json\/wp\/v2\/media\/91755"}],"wp:attachment":[{"href":"https:\/\/www.parcastronomicprades.cat\/es\/wp-json\/wp\/v2\/media?parent=91750"}],"wp:term":[{"taxonomy":"product_brand","embeddable":true,"href":"https:\/\/www.parcastronomicprades.cat\/es\/wp-json\/wp\/v2\/product_brand?post=91750"},{"taxonomy":"product_cat","embeddable":true,"href":"https:\/\/www.parcastronomicprades.cat\/es\/wp-json\/wp\/v2\/product_cat?post=91750"},{"taxonomy":"product_tag","embeddable":true,"href":"https:\/\/www.parcastronomicprades.cat\/es\/wp-json\/wp\/v2\/product_tag?post=91750"},{"taxonomy":"giftcard-category","embeddable":true,"href":"https:\/\/www.parcastronomicprades.cat\/es\/wp-json\/wp\/v2\/giftcard-category?post=91750"}],"curies":[{"name":"wp","href":"https:\/\/api.w.org\/{rel}","templated":true}]}}