{"id":70048,"date":"2023-07-26T21:00:01","date_gmt":"2023-07-26T20:00:01","guid":{"rendered":"https:\/\/www.parcastronomicprades.cat\/espectacle\/monografico-via-lactea-26-y-27-de-julio\/"},"modified":"2025-02-15T10:22:49","modified_gmt":"2025-02-15T09:22:49","slug":"monografico-via-lactea-26-y-27-de-julio","status":"publish","type":"product","link":"https:\/\/www.parcastronomicprades.cat\/es\/espectacle\/monografico-via-lactea-26-y-27-de-julio\/","title":{"rendered":"Monogr\u00e1fico: V\u00cdA L\u00c1CTEA &#8211; 26 y 27 de julio"},"content":{"rendered":"<p><strong>M\u00e1s INFORMACI\u00d3N:<\/strong><\/p>\n<ul>\n<li>Punto de encuentro: Centro de Visitantes del Parque Astron\u00f3mico Monta\u00f1as de Prades (C\/Muralla, 5, 43364 Prades, Tarragona). M\u00e1ximo 15\u2032 antes del inicio de la sesi\u00f3n.<\/li>\n<li>Se aconseja llevar ropa de abrigo sea cual sea la \u00e9poca del a\u00f1o. Prades es una poblaci\u00f3n con clima de monta\u00f1a.<\/li>\n<li>Se aconseja, disponer de linterna o luz frontal de color rojo.<\/li>\n<li>Se aconseja llevar el propio equipo (c\u00e1mara y ordenador) para realizar las pr\u00e1cticas interiores y exteriores.<\/li>\n<li>No est\u00e1 permitida la entrada de animales en el Centro de Visitantes del PAP.<\/li>\n<li>No est\u00e1 permitida la entrada de comida ni bebida en el Centro de Visitantes del PAP.<\/li>\n<\/ul>\n<h5><\/h5>\n<h5>Opci\u00f3n de alojamiento en Prades:<\/h5>\n<p>Existe la opci\u00f3n de incluir la noche del d\u00eda 26 en un piso compartido con otros alumnos del curso. Habitaci\u00f3n individual y ba\u00f1o compartido.<strong><span style=\"color: #ff0000;\"> <\/span><\/strong><\/p>\n","protected":false},"excerpt":{"rendered":"<p>Este curso va dirigido a personas que est\u00e1n inici\u00e1ndose en el mundo de la astrofotograf\u00eda de paisaje. Por eso contamos con un astrofot\u00f3grafos especializado en astrofotograf\u00eda de paisaje: Aleix Roig @astrocatinfo. Seguiremos todos los pasos para llegar a una fotograf\u00eda final. El curso consta de partes te\u00f3ricas y partes pr\u00e1cticas donde montaremos nuestros equipos y procesaremos las im\u00e1genes para obtener un resultado final. Si disponemos, recomendamos llevar nuestra c\u00e1mara y tr\u00edpode, interval\u00f3metro y un PC port\u00e1til con programas instalados (Photoshop y Lightroom) para poder realizar la parte pr\u00e1ctica.<\/p>\n<p>El curso se realizar\u00e1 en CATAL\u00c1N.<\/p>\n<p>Se facilitar\u00e1 conexi\u00f3n el\u00e9ctrica.<\/p>\n<p>&nbsp;<\/p>\n<h3>El curso incluye:<\/h3>\n<p>&#8211; Material del curso: acceso a la carpeta de Google Drive con todas las presentaciones en PDF, im\u00e1genes para las pr\u00e1cticas de procesamiento, libreta y bol\u00edgrafo, identificador.<\/p>\n<p>&nbsp;<\/p>\n<h3><strong>PROFESORADO<\/strong>:<\/h3>\n<p>Aleix Roig: Astrofot\u00f3grafo especializado en cielo profundo. Tiene su propio observatorio (Astrocat Observatory) situado en Prades (Tarragona). Trabaja de consultor en astroturismo en Mizar Xperience, SL. Es divulgador cient\u00edfico y gu\u00eda astron\u00f3mico acreditado por la Fundaci\u00f3n Starlight en el Parc Astron\u00f2mic Muntanyes de Prades. Colabora en proyectos cient\u00edficos con el Instituto de Astrof\u00edsica de Canarias.<\/p>\n<p>Puede ver su trabajo en www.astrocat.info @astrocatinfo<\/p>\n<p>&nbsp;<\/p>\n<h3><strong>PROGRAMA:<\/strong><\/h3>\n<p><strong>Viernes 26 de julio 2024<\/strong><\/p>\n<p>20.15-20.30 Recepci\u00f3n de los participantes y check-in en el Centro de Visitantes del Parque Astron\u00f3mico Monta\u00f1as de Prades (C\/ de la Muralla 3, segunda planta).<\/p>\n<p>20.30 \u2013 21.30 Sesi\u00f3n te\u00f3rica en el Centro de visitantes<\/p>\n<p>21.30-01.00 Sesi\u00f3n pr\u00e1ctica en el Mirador de Sant Roc. Iremos en coche (15&#8242;). Se puede llevar un bocadillo y cenar una vez llegados a Sant Roc mientras cada uno monta su equipo.<\/p>\n<p>&nbsp;<\/p>\n<p><strong>S\u00e1bado 27 de julio de 2024<\/strong><\/p>\n<p>12.30 &#8211; 14.00 Sesi\u00f3n de procesado en el aula. Incluye pr\u00e1ctica guiada con las propias im\u00e1genes tomadas la noche anterior.<\/p>\n<p>&nbsp;<\/p>\n<h3><strong>CONTENIDOS<\/strong>:<\/h3>\n<ol>\n<li>Equipamiento necesario para practicar la astrofotograf\u00eda: diferentes especializaciones en la astrofotograf\u00eda<\/li>\n<li>Planificaci\u00f3n de nuestras sesiones<\/li>\n<li>Obtenci\u00f3n de im\u00e1genes<\/li>\n<li>Procesado b\u00e1sico<\/li>\n<\/ol>\n<p>&nbsp;<\/p>\n<p>Este curso cuenta con el soporte de Valkanik. Todos los participantes del curso tendr\u00e1n un descuento para sus productos.<\/p>\n","protected":false},"featured_media":37903,"template":"","meta":{"_acf_changed":false,"site-sidebar-layout":"default","site-content-layout":"","ast-site-content-layout":"default","site-content-style":"default","site-sidebar-style":"default","ast-global-header-display":"","ast-banner-title-visibility":"","ast-main-header-display":"","ast-hfb-above-header-display":"","ast-hfb-below-header-display":"","ast-hfb-mobile-header-display":"","site-post-title":"","ast-breadcrumbs-content":"","ast-featured-img":"","footer-sml-layout":"","theme-transparent-header-meta":"","adv-header-id-meta":"","stick-header-meta":"","header-above-stick-meta":"","header-main-stick-meta":"","header-below-stick-meta":"","astra-migrate-meta-layouts":"default","ast-page-background-enabled":"default","ast-page-background-meta":{"desktop":{"background-color":"var(--ast-global-color-5)","background-image":"","background-repeat":"repeat","background-position":"center center","background-size":"auto","background-attachment":"scroll","background-type":"","background-media":"","overlay-type":"","overlay-color":"","overlay-opacity":"","overlay-gradient":""},"tablet":{"background-color":"","background-image":"","background-repeat":"repeat","background-position":"center center","background-size":"auto","background-attachment":"scroll","background-type":"","background-media":"","overlay-type":"","overlay-color":"","overlay-opacity":"","overlay-gradient":""},"mobile":{"background-color":"","background-image":"","background-repeat":"repeat","background-position":"center center","background-size":"auto","background-attachment":"scroll","background-type":"","background-media":"","overlay-type":"","overlay-color":"","overlay-opacity":"","overlay-gradient":""}},"ast-content-background-meta":{"desktop":{"background-color":"var(--ast-global-color-4)","background-image":"","background-repeat":"repeat","background-position":"center center","background-size":"auto","background-attachment":"scroll","background-type":"","background-media":"","overlay-type":"","overlay-color":"","overlay-opacity":"","overlay-gradient":""},"tablet":{"background-color":"var(--ast-global-color-4)","background-image":"","background-repeat":"repeat","background-position":"center center","background-size":"auto","background-attachment":"scroll","background-type":"","background-media":"","overlay-type":"","overlay-color":"","overlay-opacity":"","overlay-gradient":""},"mobile":{"background-color":"var(--ast-global-color-4)","background-image":"","background-repeat":"repeat","background-position":"center center","background-size":"auto","background-attachment":"scroll","background-type":"","background-media":"","overlay-type":"","overlay-color":"","overlay-opacity":"","overlay-gradient":""}}},"product_brand":[],"product_cat":[61],"product_tag":[],"giftcard-category":[],"class_list":{"0":"post-70048","1":"product","2":"type-product","3":"status-publish","4":"has-post-thumbnail","6":"product_cat-otros-productos","7":"desktop-align-left","8":"tablet-align-left","9":"mobile-align-left","11":"first","12":"outofstock","13":"taxable","14":"shipping-taxable","15":"purchasable","16":"product-type-variable"},"acf":[],"_links":{"self":[{"href":"https:\/\/www.parcastronomicprades.cat\/es\/wp-json\/wp\/v2\/product\/70048","targetHints":{"allow":["GET"]}}],"collection":[{"href":"https:\/\/www.parcastronomicprades.cat\/es\/wp-json\/wp\/v2\/product"}],"about":[{"href":"https:\/\/www.parcastronomicprades.cat\/es\/wp-json\/wp\/v2\/types\/product"}],"wp:featuredmedia":[{"embeddable":true,"href":"https:\/\/www.parcastronomicprades.cat\/es\/wp-json\/wp\/v2\/media\/37903"}],"wp:attachment":[{"href":"https:\/\/www.parcastronomicprades.cat\/es\/wp-json\/wp\/v2\/media?parent=70048"}],"wp:term":[{"taxonomy":"product_brand","embeddable":true,"href":"https:\/\/www.parcastronomicprades.cat\/es\/wp-json\/wp\/v2\/product_brand?post=70048"},{"taxonomy":"product_cat","embeddable":true,"href":"https:\/\/www.parcastronomicprades.cat\/es\/wp-json\/wp\/v2\/product_cat?post=70048"},{"taxonomy":"product_tag","embeddable":true,"href":"https:\/\/www.parcastronomicprades.cat\/es\/wp-json\/wp\/v2\/product_tag?post=70048"},{"taxonomy":"giftcard-category","embeddable":true,"href":"https:\/\/www.parcastronomicprades.cat\/es\/wp-json\/wp\/v2\/giftcard-category?post=70048"}],"curies":[{"name":"wp","href":"https:\/\/api.w.org\/{rel}","templated":true}]}}