{"id":49192,"date":"2023-07-01T00:00:45","date_gmt":"2023-06-30T23:00:45","guid":{"rendered":"https:\/\/www.parcastronomicprades.cat\/?post_type=product&#038;p=49192"},"modified":"2025-02-15T10:23:15","modified_gmt":"2025-02-15T09:23:15","slug":"phototrip-namibia-2024","status":"publish","type":"product","link":"https:\/\/www.parcastronomicprades.cat\/es\/espectacle\/phototrip-namibia-2024\/","title":{"rendered":"PHOTOTRIP NAMIBIA 2024"},"content":{"rendered":"<p><strong>\u00bfQu\u00e9 le proponemos?<\/strong><\/p>\n<p>10 noches bajo el cielo oscuro de Namibia, en un alojamiento\/observatorio situado en un punto remoto (BORTLE 1) totalmente equipado y pensado para la astrofotograf\u00eda, en r\u00e9gimen de pensi\u00f3n completa, con acceso a plataformas con electricidad. Incluye desplazamientos en el aeropuerto y visita a las dunas de arena de roja con cena viendo la puesta de sol.<\/p>\n<p><strong>FECHAS<\/strong>: llegada lunes 1 de julio de 2024, salida jueves 11 de julio de 2024<\/p>\n<p>&nbsp;<\/p>\n<p><strong>ALOJAMIENTO:<\/strong><\/p>\n<p>-10 noches en alojamiento dedicado 100% a la astronom\u00eda. Uno de los complejos de observatorios amateurs m\u00e1s grande del mundo, situado a 1.400 metros sobre el nivel del mar, BORTLE 1 (por encima de 22,00 mag\/arcsec<sup>2<\/sup>)<\/p>\n<p>-Pensi\u00f3n completa: desayuno dulce y salado en horario a medida de los astrofot\u00f3grafos, al mediod\u00eda pastel casero y caf\u00e9\/t\u00e9, cena antes de que oscurezca elaborado con productos de la granja km0 (todo tipo de alimentos destacando la carne de caza de la propia granja, oryx, gacelas, etc., o los productos de su propio huerto), sandwich al gusto para la madrugada.<\/p>\n<p>-Alojamiento exclusivo para astr\u00f3nomos profesionales y amateurs (no abierto al turismo). Se trata de un lugar privilegiado en el que de noche s\u00f3lo veremos nuestras luces rojas de frontales, y el silencio absoluto. El aforo del alojamiento es de un m\u00e1ximo de 15 personas, repartidas en diferentes caba\u00f1as\/bungalows con todos los servicios (servicio de habitaciones diario, agua caliente, caf\u00e9s, nevera, minibar, etc.)<\/p>\n<p>-Ofrecemos 6 \u00fanicas plazas a reservar hasta finales de existencias:<\/p>\n<p>2 plazas en habitaci\u00f3n individual con ba\u00f1o compartido<\/p>\n<p>4 plazas en habitaci\u00f3n doble (2 camas individuales en la misma habitaci\u00f3n)<\/p>\n<p>&nbsp;<\/p>\n<p><strong>ASTRONOM\u00cdA:<\/strong><\/p>\n<p>-Acceso a punto de conexi\u00f3n el\u00e9ctrica por sus equipos y plataforma compartida de hormig\u00f3n<\/p>\n<p>-Destacar que las fechas propuestas (primeros de julio) corresponden a la mejor \u00e9poca del a\u00f1o donde la meteorolog\u00eda es muy estable y las probabilidades de noche destapada superan el 95%. Cielo despejado, ambiente seco, y valores de oscuridad m\u00e1ximos (llegando a 22,15 mag\/arcsec<sup>2<\/sup>). Estamos en plena estaci\u00f3n de invierno en la que las noches son largas y fr\u00edas (5\u00baC a 10\u00baC), con d\u00edas soleados y moderadamente calurosos (25\u00baC).<\/p>\n<p>-El entorno del alojamiento es muy pintoresco y se pueden registrar muy buenas im\u00e1genes de paisaje nocturno y timelapse. La contaminaci\u00f3n lum\u00ednica es 0 en cualquiera de los 4 horizontes (N, E, S, O).<\/p>\n<p>OPCIONAL ASTRONOM\u00cdA no incluido (hay que reservar con antelaci\u00f3n): alquiler de todo tipo de equipos tales como monturas puestas en estaci\u00f3n, telescopios de astrofotograf\u00eda (desde FSQ106 a newtonianos de 8\u201d&#8230;), observatorios completos (techo corredero con montura , o tambi\u00e9n con telescopio de altas prestaciones incorporado como la ASA 12\u201d), telescopios de gran di\u00e1metro para visual (dobsons de 20\u201d y 24\u201d), entre otros.<\/p>\n<p>&nbsp;<\/p>\n<p>&nbsp;<\/p>\n<p><strong>OTROS SERVICIOS INCLUIDOS:<\/strong><\/p>\n<p>-Traslados de ida y vuelta al alojamiento en transporte privado desde el aeropuerto internacional de Windhoek: llegada lunes 1 de julio de 2024, salida jueves 11 de julio de 2024<\/p>\n<p>-Persona de contacto del Parque Astron\u00f3mico durante los 10 d\u00edas de la estancia para acompa\u00f1ar al grupo y atender cualquier necesidad que se presente<\/p>\n<p>-Seguro de responsabilidad civil para todo el grupo<\/p>\n<p>-Excursi\u00f3n a las dunas de arena roja para disfrutar de la puesta de sol con cena y bebidas incluidas (refrescos, cerveza, vinos). Regreso al alojamiento pronto para aprovechar toda la noche<\/p>\n<p>&nbsp;<\/p>\n<p><strong>SERVICIOS NO INCLUIDOS:<\/strong><\/p>\n<p>&#8211; Billetes de avi\u00f3n para llegar a Namibia<\/p>\n<p>-Bebidas del minibar y bebidas extras durante las comidas (hay un amplio surtido de cervezas locales y vinos de Namibia y Sud\u00e1frica)<\/p>\n<p>-Seguro de viaje<\/p>\n<p>&nbsp;<\/p>\n<p><strong>PRECIO ABIERTO<\/strong> a partir del 1 de enero de 2023:<\/p>\n<p>&nbsp;<\/p>\n<p>2.100\u20ac habitaci\u00f3n compartida (sujeto a disponibilidad)<\/p>\n<p>2.400\u20ac habitaci\u00f3n individual (sujeto a disponibilidad)<\/p>\n<p>&nbsp;<\/p>\n<p>&nbsp;<\/p>\n<p>&nbsp;<\/p>\n<p><strong>Pol\u00edtica de anulaci\u00f3n:<\/strong><\/p>\n<p>&nbsp;<\/p>\n<p>-Una vez hecha la paga y se\u00f1al la plaza queda reservada en firme. Se puede anular la reserva con la siguiente penalizaci\u00f3n de la paga y se\u00f1al: 10% hasta el 31\/12\/2022 &#8211; a partir del 31\/12\/2022 no se devolver\u00e1 la paga y se\u00f1al. El resto del importe deber\u00e1 abonarse antes del 1 de junio de 2023. Una vez pagado el importe total se aplicar\u00e1 la siguiente pol\u00edtica de anulaci\u00f3n: devoluci\u00f3n del 50% del importe hasta el 31\/12\/2023. A partir del 31\/12\/2023 no se devolver\u00e1 el importe de la plaza.<\/p>\n<p>&nbsp;<\/p>\n<p>-S\u00ed que se aceptan cambios de nombre por la plaza reservada hasta 1 mes antes de la salida: 1 de junio 2024.<\/p>\n","protected":false},"excerpt":{"rendered":"<p>El cielo oscuro de Namibia est\u00e1 considerado como uno de los mejores del mundo. Situado a unos 20 grados de latitud sur, a 1.400 metros de altura, permite capturar im\u00e1genes in\u00e9ditas de objetos del hemisferio sur como las Nubes de Magallanes, nebulosas como Eta Carina, y los grandes c\u00famulos globulares de nuestra V\u00eda L\u00e1ctea ( Omega Centauri, 47 Tucanae, entre otros). Poder capturar im\u00e1genes del Centro Gal\u00e1ctico en el zenit es una oportunidad \u00fanica que s\u00f3lo podemos vivir visitando los cielos del hemisferio sur.<\/p>\n<p>Para que pueda vivir este cielo le ofrecemos un viaje in\u00e9dito, el Phototrip NAMBIA 2024, con <strong>6 \u00fanicas plazas<\/strong>. Pensado para astrofot\u00f3grafos avanzados que deseen capturar espectaculares im\u00e1genes imposibles de conseguir desde Europa.<\/p>\n","protected":false},"featured_media":49206,"template":"","meta":{"_acf_changed":false,"site-sidebar-layout":"default","site-content-layout":"","ast-site-content-layout":"default","site-content-style":"default","site-sidebar-style":"default","ast-global-header-display":"","ast-banner-title-visibility":"","ast-main-header-display":"","ast-hfb-above-header-display":"","ast-hfb-below-header-display":"","ast-hfb-mobile-header-display":"","site-post-title":"","ast-breadcrumbs-content":"","ast-featured-img":"","footer-sml-layout":"","theme-transparent-header-meta":"","adv-header-id-meta":"","stick-header-meta":"","header-above-stick-meta":"","header-main-stick-meta":"","header-below-stick-meta":"","astra-migrate-meta-layouts":"default","ast-page-background-enabled":"default","ast-page-background-meta":{"desktop":{"background-color":"var(--ast-global-color-5)","background-image":"","background-repeat":"repeat","background-position":"center center","background-size":"auto","background-attachment":"scroll","background-type":"","background-media":"","overlay-type":"","overlay-color":"","overlay-opacity":"","overlay-gradient":""},"tablet":{"background-color":"","background-image":"","background-repeat":"repeat","background-position":"center center","background-size":"auto","background-attachment":"scroll","background-type":"","background-media":"","overlay-type":"","overlay-color":"","overlay-opacity":"","overlay-gradient":""},"mobile":{"background-color":"","background-image":"","background-repeat":"repeat","background-position":"center center","background-size":"auto","background-attachment":"scroll","background-type":"","background-media":"","overlay-type":"","overlay-color":"","overlay-opacity":"","overlay-gradient":""}},"ast-content-background-meta":{"desktop":{"background-color":"var(--ast-global-color-4)","background-image":"","background-repeat":"repeat","background-position":"center center","background-size":"auto","background-attachment":"scroll","background-type":"","background-media":"","overlay-type":"","overlay-color":"","overlay-opacity":"","overlay-gradient":""},"tablet":{"background-color":"var(--ast-global-color-4)","background-image":"","background-repeat":"repeat","background-position":"center center","background-size":"auto","background-attachment":"scroll","background-type":"","background-media":"","overlay-type":"","overlay-color":"","overlay-opacity":"","overlay-gradient":""},"mobile":{"background-color":"var(--ast-global-color-4)","background-image":"","background-repeat":"repeat","background-position":"center center","background-size":"auto","background-attachment":"scroll","background-type":"","background-media":"","overlay-type":"","overlay-color":"","overlay-opacity":"","overlay-gradient":""}}},"product_brand":[],"product_cat":[61],"product_tag":[],"giftcard-category":[],"class_list":{"0":"post-49192","1":"product","2":"type-product","3":"status-publish","4":"has-post-thumbnail","6":"product_cat-otros-productos","7":"desktop-align-left","8":"tablet-align-left","9":"mobile-align-left","11":"first","12":"outofstock","13":"taxable","14":"shipping-taxable","15":"purchasable","16":"product-type-variable"},"acf":[],"_links":{"self":[{"href":"https:\/\/www.parcastronomicprades.cat\/es\/wp-json\/wp\/v2\/product\/49192","targetHints":{"allow":["GET"]}}],"collection":[{"href":"https:\/\/www.parcastronomicprades.cat\/es\/wp-json\/wp\/v2\/product"}],"about":[{"href":"https:\/\/www.parcastronomicprades.cat\/es\/wp-json\/wp\/v2\/types\/product"}],"wp:featuredmedia":[{"embeddable":true,"href":"https:\/\/www.parcastronomicprades.cat\/es\/wp-json\/wp\/v2\/media\/49206"}],"wp:attachment":[{"href":"https:\/\/www.parcastronomicprades.cat\/es\/wp-json\/wp\/v2\/media?parent=49192"}],"wp:term":[{"taxonomy":"product_brand","embeddable":true,"href":"https:\/\/www.parcastronomicprades.cat\/es\/wp-json\/wp\/v2\/product_brand?post=49192"},{"taxonomy":"product_cat","embeddable":true,"href":"https:\/\/www.parcastronomicprades.cat\/es\/wp-json\/wp\/v2\/product_cat?post=49192"},{"taxonomy":"product_tag","embeddable":true,"href":"https:\/\/www.parcastronomicprades.cat\/es\/wp-json\/wp\/v2\/product_tag?post=49192"},{"taxonomy":"giftcard-category","embeddable":true,"href":"https:\/\/www.parcastronomicprades.cat\/es\/wp-json\/wp\/v2\/giftcard-category?post=49192"}],"curies":[{"name":"wp","href":"https:\/\/api.w.org\/{rel}","templated":true}]}}