{"id":103515,"date":"2026-04-27T16:07:09","date_gmt":"2026-04-27T15:07:09","guid":{"rendered":"https:\/\/www.parcastronomicprades.cat\/espectacle\/gafas-eclipse\/"},"modified":"2026-05-09T08:52:38","modified_gmt":"2026-05-09T07:52:38","slug":"gafas-eclipse","status":"publish","type":"product","link":"https:\/\/www.parcastronomicprades.cat\/es\/espectacle\/gafas-eclipse\/","title":{"rendered":"\u00a1Consigue tus gafas!"},"content":{"rendered":"","protected":false},"excerpt":{"rendered":"<p>Recoge tus <strong>gafas de eclipse<\/strong> cuando vengas al Parc Astron\u00f2mic.<\/p>\n<p>&nbsp;<\/p>\n<p>Estas gafas ofrecen una protecci\u00f3n ocular total y segura para la <strong>observaci\u00f3n directa del Sol<\/strong>.<br \/>\nSon la soluci\u00f3n ideal para ver con tus propios ojos las\u00a0<strong>fases parciales de un eclipse solar<\/strong>\u00a0o incluso\u00a0<strong>grandes manchas solares<\/strong>\u00a0en d\u00edas de alta actividad solar.<\/p>\n<ul>\n<li>Fabricadas con\u00a0<strong>l\u00e1mina original AstroSolar\u00ae Silver\/Gold<\/strong>, desarrollada en Alemania<\/li>\n<li><strong>Revestimiento interior antirreflejos<\/strong>\u00a0para una experiencia de visualizaci\u00f3n m\u00e1s c\u00f3moda y clara<\/li>\n<li>Bloqueo total de\u00a0<strong>radiaci\u00f3n infrarroja (IR)<\/strong>, evitando esa sensaci\u00f3n de calor o molestia ocular<\/li>\n<li><strong>Densidad \u00f3ptica OD = 5.0<\/strong>, segura para la vista<\/li>\n<li><strong>Certificaci\u00f3n CE \/ ISO<\/strong>: cumplen con los requisitos de seguridad ocular de la norma\u00a0<strong>EN ISO 12312-2:2015<\/strong><\/li>\n<li>Instrucciones incluidas en 4 idiomas: espa\u00f1ol, ingl\u00e9s, alem\u00e1n y franc\u00e9s<\/li>\n<li>Dependiendo del modelo que elijas, se suministra en un<strong>\u00a0sobre de pl\u00e1stico para su mejor protecci\u00f3n y durabilidad<\/strong>. Este punto es importante y no hay muchas marcas que sirvan las gafas en sobres de pl\u00e1stico individuales.<\/li>\n<\/ul>\n<p><strong>Se recomienda almacenarlas correctamente tras su uso<\/strong>\u00a0para conservarlas en buen estado.<\/p>\n","protected":false},"featured_media":103771,"template":"","meta":{"_acf_changed":false,"site-sidebar-layout":"default","site-content-layout":"","ast-site-content-layout":"default","site-content-style":"default","site-sidebar-style":"default","ast-global-header-display":"","ast-banner-title-visibility":"","ast-main-header-display":"","ast-hfb-above-header-display":"","ast-hfb-below-header-display":"","ast-hfb-mobile-header-display":"","site-post-title":"","ast-breadcrumbs-content":"","ast-featured-img":"","footer-sml-layout":"","theme-transparent-header-meta":"default","adv-header-id-meta":"","stick-header-meta":"","header-above-stick-meta":"","header-main-stick-meta":"","header-below-stick-meta":"","astra-migrate-meta-layouts":"set","ast-page-background-enabled":"default","ast-page-background-meta":{"desktop":{"background-color":"var(--ast-global-color-5)","background-image":"","background-repeat":"repeat","background-position":"center center","background-size":"auto","background-attachment":"scroll","background-type":"","background-media":"","overlay-type":"","overlay-color":"","overlay-opacity":"","overlay-gradient":""},"tablet":{"background-color":"","background-image":"","background-repeat":"repeat","background-position":"center center","background-size":"auto","background-attachment":"scroll","background-type":"","background-media":"","overlay-type":"","overlay-color":"","overlay-opacity":"","overlay-gradient":""},"mobile":{"background-color":"","background-image":"","background-repeat":"repeat","background-position":"center center","background-size":"auto","background-attachment":"scroll","background-type":"","background-media":"","overlay-type":"","overlay-color":"","overlay-opacity":"","overlay-gradient":""}},"ast-content-background-meta":{"desktop":{"background-color":"var(--ast-global-color-4)","background-image":"","background-repeat":"repeat","background-position":"center center","background-size":"auto","background-attachment":"scroll","background-type":"","background-media":"","overlay-type":"","overlay-color":"","overlay-opacity":"","overlay-gradient":""},"tablet":{"background-color":"var(--ast-global-color-4)","background-image":"","background-repeat":"repeat","background-position":"center center","background-size":"auto","background-attachment":"scroll","background-type":"","background-media":"","overlay-type":"","overlay-color":"","overlay-opacity":"","overlay-gradient":""},"mobile":{"background-color":"var(--ast-global-color-4)","background-image":"","background-repeat":"repeat","background-position":"center center","background-size":"auto","background-attachment":"scroll","background-type":"","background-media":"","overlay-type":"","overlay-color":"","overlay-opacity":"","overlay-gradient":""}}},"product_brand":[],"product_cat":[61],"product_tag":[],"giftcard-category":[],"class_list":{"0":"post-103515","1":"product","2":"type-product","3":"status-publish","4":"has-post-thumbnail","6":"product_cat-otros-productos","7":"desktop-align-left","8":"tablet-align-left","9":"mobile-align-left","11":"first","12":"instock","13":"taxable","14":"shipping-taxable","15":"purchasable","16":"product-type-simple"},"acf":[],"_links":{"self":[{"href":"https:\/\/www.parcastronomicprades.cat\/es\/wp-json\/wp\/v2\/product\/103515","targetHints":{"allow":["GET"]}}],"collection":[{"href":"https:\/\/www.parcastronomicprades.cat\/es\/wp-json\/wp\/v2\/product"}],"about":[{"href":"https:\/\/www.parcastronomicprades.cat\/es\/wp-json\/wp\/v2\/types\/product"}],"wp:featuredmedia":[{"embeddable":true,"href":"https:\/\/www.parcastronomicprades.cat\/es\/wp-json\/wp\/v2\/media\/103771"}],"wp:attachment":[{"href":"https:\/\/www.parcastronomicprades.cat\/es\/wp-json\/wp\/v2\/media?parent=103515"}],"wp:term":[{"taxonomy":"product_brand","embeddable":true,"href":"https:\/\/www.parcastronomicprades.cat\/es\/wp-json\/wp\/v2\/product_brand?post=103515"},{"taxonomy":"product_cat","embeddable":true,"href":"https:\/\/www.parcastronomicprades.cat\/es\/wp-json\/wp\/v2\/product_cat?post=103515"},{"taxonomy":"product_tag","embeddable":true,"href":"https:\/\/www.parcastronomicprades.cat\/es\/wp-json\/wp\/v2\/product_tag?post=103515"},{"taxonomy":"giftcard-category","embeddable":true,"href":"https:\/\/www.parcastronomicprades.cat\/es\/wp-json\/wp\/v2\/giftcard-category?post=103515"}],"curies":[{"name":"wp","href":"https:\/\/api.w.org\/{rel}","templated":true}]}}