{"id":102941,"date":"2025-04-10T21:00:42","date_gmt":"2025-04-10T20:00:42","guid":{"rendered":"https:\/\/www.parcastronomicprades.cat\/?post_type=product&#038;p=102941"},"modified":"2026-04-09T20:29:49","modified_gmt":"2026-04-09T19:29:49","slug":"artemis-ii-party","status":"publish","type":"product","link":"https:\/\/www.parcastronomicprades.cat\/es\/espectacle\/artemis-ii-party\/","title":{"rendered":"ARTEMIS II PARTY"},"content":{"rendered":"<h2><strong>M\u00e1s INFORMACI\u00d3N:<\/strong><\/h2>\n<ul>\n<li>Punto de encuentro: Mirador Astron\u00f2mic d\u2019Ulldemolins<\/li>\n<li>Hora de inicio: 20h<\/li>\n<li>Duraci\u00f3n de la actividad: 1h<\/li>\n<li>Se aconseja llevar ropa de abrigo sea cual sea la \u00e9poca del a\u00f1o.<\/li>\n<li>Se aconseja, aunque no es imprescindible, disponer de linterna o luz frontal de color rojo para una mejor adaptaci\u00f3n de nuestra vista al cielo oscuro. No se permite el uso de luz blanca durante la observaci\u00f3n con telescopios.<\/li>\n<li>La organizaci\u00f3n se reserva el derecho de suspender la observaci\u00f3n en caso de condiciones meteorol\u00f3gicas adversas. En ese caso, nuestros gu\u00edas les ofrecer\u00e1n una nueva fecha.<\/li>\n<li>Espect\u00e1culo recomendado por mayores de 8 a\u00f1os.<\/li>\n<\/ul>\n","protected":false},"excerpt":{"rendered":"<p><span style=\"color: #ff0000;\"><em><strong>Programa de la noche<\/strong><\/em><\/span><\/p>\n<ul>\n<li>21:30 \u2013 23:00 h: Observaci\u00f3n JUNIOR con telescopios de gran di\u00e1metro (ideal para familias, pero abierto a todo el mundo)<\/li>\n<li>23:00 &#8211; 01:00 h: Observaci\u00f3n astron\u00f3mica para todos los p\u00fablicos<\/li>\n<li>A partir de las 01:00 h: Conexi\u00f3n con el directo de la NASA para seguir en vivo un momento hist\u00f3rico y cr\u00edtico: la reentrada a la atm\u00f3sfera terrestre y el amaraje de la nave Orion<\/li>\n<\/ul>\n<p><span style=\"color: #ff0000;\"><em><strong>Tipo de entrada<\/strong><\/em> (s\u00f3lo hay que escoger un tipo!!)<\/span><\/p>\n<ul>\n<li><em>Entrada \u00fanica (horario junior 21.30):<\/em> Para ni\u00f1os y adultos que quieran venir a la sesi\u00f3n de 21.30 a 23.00<\/li>\n<li><em>Entrada \u00fanica (horario 23.00):<\/em> Para ni\u00f1os y adultos que quieran venir a la sesi\u00f3n de 23.00 a 01.00<\/li>\n<\/ul>\n<p>ATENCI\u00d3N!! Si quiere venir a las 21.30 y quiere quedarse hasta el final, s\u00f3lo tiene que elegir la entrada de las 21.30! \u00a1No hace falta coger entrada para cada horario!  <\/p>\n<p>&nbsp;<\/p>\n<p>Con motivo del regreso de la misi\u00f3n Artemis II, el Parque Astron\u00f3mico Monta\u00f1as de Prades organiza una noche muy especial con una serie de actividades abiertas y gratuitas para acompa\u00f1ar los momentos previos al aterrizaje de la nave Orion, previsto en las primeras horas de la madrugada del s\u00e1bado.<\/p>\n<p>La velada <strong>empezar\u00e1 a las 21:30<\/strong> h con la Nutella Party, un ambiente distendido y festivo para dar la bienvenida a este evento hist\u00f3rico (\u00a1NUTELLA no faltar\u00e1!). Paralelamente, se iniciar\u00e1 una <span style=\"color: #ff0000;\">observaci\u00f3n astron\u00f3mica con telescopios<\/span> de gran di\u00e1metro, que se alargar\u00e1 durante toda la noche. <\/p>\n<p>A lo largo de la noche contaremos con la participaci\u00f3n de varios invitados, tanto presencialmente como en <strong>conexiones en directo<\/strong>, que nos ayudar\u00e1n a entender la importancia de la misi\u00f3n Artemis y su impacto en la exploraci\u00f3n espacial. Entre ellos habr\u00e1: <\/p>\n<ul>\n<li>Joan Anton Catal\u00e0, astr\u00f3nomo<\/li>\n<li>Miquel Sureda, ingeniero aeroespacial<\/li>\n<li>Albert Nicol\u00e1s, impulsor del ecosistema espacial catal\u00e1n en el IEEC<\/li>\n<li>El equipo de divulgadores del Parque, con Judith Ard\u00e8vol, investigadora del Instituto de Ciencias del Cosmos de la Universidad de Barcelona, \u200b\u200by Aleix Roig, astrofot\u00f3grafo y divulgador cient\u00edfico<\/li>\n<\/ul>\n<p>&nbsp;<\/p>\n<p>Durante toda la noche disfrutaremos del cielo oscuro de Prades, reconocido con el sello internacional de Destino Tur\u00edstico Starlight, una garant\u00eda de calidad excepcional para la observaci\u00f3n del firmamento.<\/p>\n<p>&nbsp;<\/p>\n<p>Se trata de una actividad abierta a todos los p\u00fablicos, pensada tanto para familias como apasionados de la astronom\u00eda y la ciencia.<\/p>\n<p>&nbsp;<\/p>\n<p>TODA LA NOCHE: degustaremos Nutella para endulzar la velada \ud83c\udf6b<\/p>\n<p>Idiomas: CAT \/ CAST<\/p>\n<p><strong><span style=\"color: #ff0000;\"><a style=\"color: #ff0000;\" href=\"https:\/\/www.parcastronomicprades.cat\/es\/punto-de-observacion\/\">UBICACI\u00d3N del evento<\/a><\/span><\/strong><\/p>\n<p>&nbsp;<\/p>\n<h4><span style=\"color: #ff9900;\"><strong>ENTRADAS AGOTADAS<\/strong><\/span><\/h4>\n","protected":false},"featured_media":102969,"template":"","meta":{"_acf_changed":false,"site-sidebar-layout":"default","site-content-layout":"","ast-site-content-layout":"default","site-content-style":"default","site-sidebar-style":"default","ast-global-header-display":"","ast-banner-title-visibility":"","ast-main-header-display":"","ast-hfb-above-header-display":"","ast-hfb-below-header-display":"","ast-hfb-mobile-header-display":"","site-post-title":"","ast-breadcrumbs-content":"","ast-featured-img":"","footer-sml-layout":"","theme-transparent-header-meta":"default","adv-header-id-meta":"","stick-header-meta":"","header-above-stick-meta":"","header-main-stick-meta":"","header-below-stick-meta":"","astra-migrate-meta-layouts":"set","ast-page-background-enabled":"default","ast-page-background-meta":{"desktop":{"background-color":"var(--ast-global-color-5)","background-image":"","background-repeat":"repeat","background-position":"center center","background-size":"auto","background-attachment":"scroll","background-type":"","background-media":"","overlay-type":"","overlay-color":"","overlay-opacity":"","overlay-gradient":""},"tablet":{"background-color":"","background-image":"","background-repeat":"repeat","background-position":"center center","background-size":"auto","background-attachment":"scroll","background-type":"","background-media":"","overlay-type":"","overlay-color":"","overlay-opacity":"","overlay-gradient":""},"mobile":{"background-color":"","background-image":"","background-repeat":"repeat","background-position":"center center","background-size":"auto","background-attachment":"scroll","background-type":"","background-media":"","overlay-type":"","overlay-color":"","overlay-opacity":"","overlay-gradient":""}},"ast-content-background-meta":{"desktop":{"background-color":"var(--ast-global-color-4)","background-image":"","background-repeat":"repeat","background-position":"center center","background-size":"auto","background-attachment":"scroll","background-type":"","background-media":"","overlay-type":"","overlay-color":"","overlay-opacity":"","overlay-gradient":""},"tablet":{"background-color":"var(--ast-global-color-4)","background-image":"","background-repeat":"repeat","background-position":"center center","background-size":"auto","background-attachment":"scroll","background-type":"","background-media":"","overlay-type":"","overlay-color":"","overlay-opacity":"","overlay-gradient":""},"mobile":{"background-color":"var(--ast-global-color-4)","background-image":"","background-repeat":"repeat","background-position":"center center","background-size":"auto","background-attachment":"scroll","background-type":"","background-media":"","overlay-type":"","overlay-color":"","overlay-opacity":"","overlay-gradient":""}}},"product_brand":[],"product_cat":[74],"product_tag":[],"giftcard-category":[],"class_list":{"0":"post-102941","1":"product","2":"type-product","3":"status-publish","4":"has-post-thumbnail","6":"product_cat-conferencia-es","7":"desktop-align-left","8":"tablet-align-left","9":"mobile-align-left","11":"first","12":"instock","13":"taxable","14":"shipping-taxable","15":"purchasable","16":"product-type-variable"},"acf":[],"_links":{"self":[{"href":"https:\/\/www.parcastronomicprades.cat\/es\/wp-json\/wp\/v2\/product\/102941","targetHints":{"allow":["GET"]}}],"collection":[{"href":"https:\/\/www.parcastronomicprades.cat\/es\/wp-json\/wp\/v2\/product"}],"about":[{"href":"https:\/\/www.parcastronomicprades.cat\/es\/wp-json\/wp\/v2\/types\/product"}],"wp:featuredmedia":[{"embeddable":true,"href":"https:\/\/www.parcastronomicprades.cat\/es\/wp-json\/wp\/v2\/media\/102969"}],"wp:attachment":[{"href":"https:\/\/www.parcastronomicprades.cat\/es\/wp-json\/wp\/v2\/media?parent=102941"}],"wp:term":[{"taxonomy":"product_brand","embeddable":true,"href":"https:\/\/www.parcastronomicprades.cat\/es\/wp-json\/wp\/v2\/product_brand?post=102941"},{"taxonomy":"product_cat","embeddable":true,"href":"https:\/\/www.parcastronomicprades.cat\/es\/wp-json\/wp\/v2\/product_cat?post=102941"},{"taxonomy":"product_tag","embeddable":true,"href":"https:\/\/www.parcastronomicprades.cat\/es\/wp-json\/wp\/v2\/product_tag?post=102941"},{"taxonomy":"giftcard-category","embeddable":true,"href":"https:\/\/www.parcastronomicprades.cat\/es\/wp-json\/wp\/v2\/giftcard-category?post=102941"}],"curies":[{"name":"wp","href":"https:\/\/api.w.org\/{rel}","templated":true}]}}