{"id":102648,"date":"2025-08-21T19:16:38","date_gmt":"2025-08-21T18:16:38","guid":{"rendered":"https:\/\/www.parcastronomicprades.cat\/?post_type=product&#038;p=102648"},"modified":"2026-04-01T10:39:10","modified_gmt":"2026-04-01T09:39:10","slug":"gaia-19-00-observacion-23-30-21-de-agosto-catalan","status":"publish","type":"product","link":"https:\/\/www.parcastronomicprades.cat\/es\/espectacle\/gaia-19-00-observacion-23-30-21-de-agosto-catalan\/","title":{"rendered":"GAIA 19.00 &#8211; Observaci\u00f3n 23.30 &#8211; 21 de agosto CATAL\u00c1N"},"content":{"rendered":"<h2><strong>M\u00e1s INFORMACI\u00d3N:<\/strong><\/h2>\n<ul>\n<li>\nPunto de encuentro: Centro de Visitantes del Parque Astron\u00f3mico Monta\u00f1as de Prades (C\/ Muralla, 5, 43364 Prades, Tarragona). Es necesario llegar 15\u2032 antes del inicio de la sesi\u00f3n. Es necesario llegar 15&#8242; antes del inicio de la sesi\u00f3n.<\/li>\n<li>Por respeto al resto de asistentes, pasada la hora de inicio de la actividad no se podr\u00e1 acceder a la sesi\u00f3n.<\/li>\n<li>La observaci\u00f3n con telescopios se realiza a 8&#8242; andando del Centro de Visitantes. En caso de necesitar aparcamiento prioritario por movilidad reducida, es necesario que se pongan en contacto con los gu\u00edas del Parc.<\/li>\n<li>Se aconseja llevar ropa de abrigo sea cual sea la \u00e9poca del a\u00f1o. Prades es una poblaci\u00f3n con clima de monta\u00f1a.<\/li>\n<li>No est\u00e1 permitido el uso de luz durante la observaci\u00f3n con telescopios.<\/li>\n<li>No est\u00e1 permitida la entrada de animales en el Centro de Visitantes del Parc.<\/li>\n<li>No est\u00e1 permitida la entrada de comida ni bebida en el Centro de Visitantes del Parc.<\/li>\n<li>L&#8217;organitzaci\u00f3 es reserva el dret de suspendre l&#8217;observaci\u00f3 al Mirador Astron\u00f2mic en cas de condicions meteorol\u00f2giques adverses. En este caso, nuestros gu\u00edas les ofrecer\u00e1n una entrada gratuita por la parte de observaci\u00f3n con telescopios disponible durante los siguientes 3 meses.<\/li>\n<li>Espect\u00e1culo accesible para personas con movilidad reducida. Quienes no pueden levantarse de la silla (de ruedas), es necesario que avisen con antelaci\u00f3n para poder preparar el telescopio adaptado.<\/li>\n<li>En todos los espect\u00e1culos del Parc Astron\u00f2mic se utilizan luces estrobosc\u00f3picas y efecto de humo.<\/li>\n<li>Espect\u00e1culo recomendado a partir de 7-8 a\u00f1os.<\/li>\n<\/ul>\n","protected":false},"excerpt":{"rendered":"<p>GAIA es un espect\u00e1culo de astronom\u00eda pensado para el p\u00fablico joven y adulto y especialmente recomendado para familias con ni\u00f1os de <strong>m\u00e1s de 8 a\u00f1os<\/strong>.<\/p>\n<p>Nos ofrece un recorrido por el universo y se compone de dos partes separadas por una pausa:<\/p>\n<ul>\n<li>La primera parte, en la <strong>Sala Hypatia<\/strong>, es un viaje en el tiempo que nos permitir\u00e1 descubrir desde la expansi\u00f3n del universo hasta la formaci\u00f3n de la Tierra centr\u00e1ndonos en los fen\u00f3menos naturales que podemos ver desde nuestro planeta. Rodeados de atm\u00f3sferas sonoras y lum\u00ednicas disfrutaremos de las lluvias de meteoros, las auroras boreales y el paso cercano de los cometas. Hablaremos de ciencia en un formato fresco y divertido. Seguidamente, en el <strong>Planetario <\/strong>disfrutaremos de las m\u00e1s espectaculares producciones y simulaciones del universo en un formato inmersivo.<\/li>\n<li>La segunda parte, cuando ya oscurezca, desde el Mirador Astron\u00f3mico, descubriremos el cielo oscuro de Prades de la mano de nuestros gu\u00edas Starlight. Realizaremos una <strong>observaci\u00f3n <\/strong>con <strong>telescopios <\/strong>de gran di\u00e1metro y, estirados en unas c\u00f3modas hamacas para una visi\u00f3n del cielo de 360 grados, realizaremos un recorrido comentado y guiado con l\u00e1ser verde por las <strong>constelaciones y su mitolog\u00eda<\/strong>.<\/li>\n<\/ul>\n<p>Direcci\u00f3n: Aleix Roig<\/p>\n<p>Direcci\u00f3n art\u00edstica: Gerard Marsal<\/p>\n<p>M\u00fasica: Gerard Marsal<\/p>\n<p>Luz y sonido: Pau Vila<\/p>\n<p>Escenograf\u00eda: Mizar Xperience<\/p>\n<p>Producci\u00f3n: Parc Astron\u00f2mic Muntanyes de Prades<\/p>\n<p>Duraci\u00f3n: 2h15&#8242; en total<\/p>\n<p>Menores de 2 a\u00f1os gratuito mostrando DNI o libro de familia.<\/p>\n<p><strong>Ven descubrir el fant\u00e1stico cielo de Prades de la mano de nuestros gu\u00edas astron\u00f3micos acreditados por la Fundaci\u00f3n Starlight.<\/strong><\/p>\n<p>&nbsp;<\/p>\n<p>Idioma: catalan<\/p>\n<p><span style=\"color: #ff0000;\"><em><strong>HORARIO PARTIDO<\/strong><\/em><strong>:<\/strong> <\/span><\/p>\n<ul>\n<li><span style=\"color: #ff0000;\"><strong>19.00-20.15 Parte interior (Gaia + planetario)<\/strong><\/span><\/li>\n<li><span style=\"color: #ff0000;\"><strong>20.15-22.00 Tiempo libre para cenar<\/strong><\/span><\/li>\n<li><span style=\"color: #ff0000;\"><strong>22.00-23.00 Parte exterior (observaci\u00f3n)<\/strong><\/span><\/li>\n<\/ul>\n<p>&nbsp;<\/p>\n","protected":false},"featured_media":83297,"template":"","meta":{"_acf_changed":false,"site-sidebar-layout":"default","site-content-layout":"","ast-site-content-layout":"default","site-content-style":"default","site-sidebar-style":"default","ast-global-header-display":"","ast-banner-title-visibility":"","ast-main-header-display":"","ast-hfb-above-header-display":"","ast-hfb-below-header-display":"","ast-hfb-mobile-header-display":"","site-post-title":"","ast-breadcrumbs-content":"","ast-featured-img":"","footer-sml-layout":"","theme-transparent-header-meta":"default","adv-header-id-meta":"","stick-header-meta":"","header-above-stick-meta":"","header-main-stick-meta":"","header-below-stick-meta":"","astra-migrate-meta-layouts":"set","ast-page-background-enabled":"default","ast-page-background-meta":{"desktop":{"background-color":"var(--ast-global-color-5)","background-image":"","background-repeat":"repeat","background-position":"center center","background-size":"auto","background-attachment":"scroll","background-type":"","background-media":"","overlay-type":"","overlay-color":"","overlay-opacity":"","overlay-gradient":""},"tablet":{"background-color":"","background-image":"","background-repeat":"repeat","background-position":"center center","background-size":"auto","background-attachment":"scroll","background-type":"","background-media":"","overlay-type":"","overlay-color":"","overlay-opacity":"","overlay-gradient":""},"mobile":{"background-color":"","background-image":"","background-repeat":"repeat","background-position":"center center","background-size":"auto","background-attachment":"scroll","background-type":"","background-media":"","overlay-type":"","overlay-color":"","overlay-opacity":"","overlay-gradient":""}},"ast-content-background-meta":{"desktop":{"background-color":"var(--ast-global-color-4)","background-image":"","background-repeat":"repeat","background-position":"center center","background-size":"auto","background-attachment":"scroll","background-type":"","background-media":"","overlay-type":"","overlay-color":"","overlay-opacity":"","overlay-gradient":""},"tablet":{"background-color":"var(--ast-global-color-4)","background-image":"","background-repeat":"repeat","background-position":"center center","background-size":"auto","background-attachment":"scroll","background-type":"","background-media":"","overlay-type":"","overlay-color":"","overlay-opacity":"","overlay-gradient":""},"mobile":{"background-color":"var(--ast-global-color-4)","background-image":"","background-repeat":"repeat","background-position":"center center","background-size":"auto","background-attachment":"scroll","background-type":"","background-media":"","overlay-type":"","overlay-color":"","overlay-opacity":"","overlay-gradient":""}}},"product_brand":[],"product_cat":[63,173],"product_tag":[],"giftcard-category":[],"class_list":{"0":"post-102648","1":"product","2":"type-product","3":"status-publish","4":"has-post-thumbnail","6":"product_cat-experiencias","7":"product_cat-gaia-es","8":"desktop-align-left","9":"tablet-align-left","10":"mobile-align-left","12":"first","13":"instock","14":"taxable","15":"shipping-taxable","16":"purchasable","17":"product-type-variable"},"acf":[],"_links":{"self":[{"href":"https:\/\/www.parcastronomicprades.cat\/es\/wp-json\/wp\/v2\/product\/102648","targetHints":{"allow":["GET"]}}],"collection":[{"href":"https:\/\/www.parcastronomicprades.cat\/es\/wp-json\/wp\/v2\/product"}],"about":[{"href":"https:\/\/www.parcastronomicprades.cat\/es\/wp-json\/wp\/v2\/types\/product"}],"wp:featuredmedia":[{"embeddable":true,"href":"https:\/\/www.parcastronomicprades.cat\/es\/wp-json\/wp\/v2\/media\/83297"}],"wp:attachment":[{"href":"https:\/\/www.parcastronomicprades.cat\/es\/wp-json\/wp\/v2\/media?parent=102648"}],"wp:term":[{"taxonomy":"product_brand","embeddable":true,"href":"https:\/\/www.parcastronomicprades.cat\/es\/wp-json\/wp\/v2\/product_brand?post=102648"},{"taxonomy":"product_cat","embeddable":true,"href":"https:\/\/www.parcastronomicprades.cat\/es\/wp-json\/wp\/v2\/product_cat?post=102648"},{"taxonomy":"product_tag","embeddable":true,"href":"https:\/\/www.parcastronomicprades.cat\/es\/wp-json\/wp\/v2\/product_tag?post=102648"},{"taxonomy":"giftcard-category","embeddable":true,"href":"https:\/\/www.parcastronomicprades.cat\/es\/wp-json\/wp\/v2\/giftcard-category?post=102648"}],"curies":[{"name":"wp","href":"https:\/\/api.w.org\/{rel}","templated":true}]}}