{"id":102423,"date":"2025-05-30T21:00:39","date_gmt":"2025-05-30T20:00:39","guid":{"rendered":"https:\/\/www.parcastronomicprades.cat\/?post_type=product&#038;p=102423"},"modified":"2026-04-01T10:37:32","modified_gmt":"2026-04-01T09:37:32","slug":"kosmos-21-00-observacion-00-30-30-de-mayo-catalan","status":"publish","type":"product","link":"https:\/\/www.parcastronomicprades.cat\/es\/espectacle\/kosmos-21-00-observacion-00-30-30-de-mayo-catalan\/","title":{"rendered":"KOSMOS 21.00 \u2013 Observaci\u00f3n 00.30 \u2013 30 de mayo CATAL\u00c1N"},"content":{"rendered":"<h2><strong>M\u00e1s INFORMACI\u00d3N:<\/strong><\/h2>\n<ul>\n<li>\nPunto de encuentro: Centro de Visitantes del Parque Astron\u00f3mico Monta\u00f1as de Prades (C\/ Muralla, 5, 43364 Prades, Tarragona). Es necesario llegar 15\u2032 antes del inicio de la sesi\u00f3n. Es necesario llegar 15&#8242; antes del inicio de la sesi\u00f3n.<\/li>\n<li>Por respeto al resto de asistentes, pasada la hora de inicio de la actividad no se podr\u00e1 acceder a la sesi\u00f3n.<\/li>\n<li>La observaci\u00f3n con telescopios se realiza a 8&#8242; andando del Centro de Visitantes. En caso de necesitar aparcamiento prioritario por movilidad reducida, es necesario que se pongan en contacto con los gu\u00edas del Parc.<\/li>\n<li>Se aconseja llevar ropa de abrigo sea cual sea la \u00e9poca del a\u00f1o. Prades es una poblaci\u00f3n con clima de monta\u00f1a.<\/li>\n<li>No est\u00e1 permitido el uso de luz durante la observaci\u00f3n con telescopios.<\/li>\n<li>No est\u00e1 permitida la entrada de animales en el Centro de Visitantes del Parc.<\/li>\n<li>No est\u00e1 permitida la entrada de comida ni bebida en el Centro de Visitantes del Parc.<\/li>\n<li>L&#8217;organitzaci\u00f3 es reserva el dret de suspendre l&#8217;observaci\u00f3 al Mirador Astron\u00f2mic en cas de condicions meteorol\u00f2giques adverses. En este caso, nuestros gu\u00edas les ofrecer\u00e1n una entrada gratuita por la parte de observaci\u00f3n con telescopios disponible durante los siguientes 3 meses.<\/li>\n<li>Espect\u00e1culo accesible para personas con movilidad reducida. Quienes no pueden levantarse de la silla (de ruedas), es necesario que avisen con antelaci\u00f3n para poder preparar el telescopio adaptado.<\/li>\n<li>En todos los espect\u00e1culos del Parc Astron\u00f2mic se utilizan luces estrobosc\u00f3picas y efecto de humo.<\/li>\n<\/ul>\n<ul>\n<li>Espect\u00e1culo recomendado a partir de 12 a\u00f1os.<\/li>\n<\/ul>\n","protected":false},"excerpt":{"rendered":"<ul>\n<li><\/li>\n<li><\/li>\n<\/ul>\n<p>&nbsp;<\/p>\n<p>&nbsp;<\/p>\n<p>&nbsp;<\/p>\n<ul>\n<li><\/li>\n<li><\/li>\n<li><\/li>\n<\/ul>\n","protected":false},"featured_media":83362,"template":"","meta":{"_acf_changed":false,"site-sidebar-layout":"default","site-content-layout":"","ast-site-content-layout":"default","site-content-style":"default","site-sidebar-style":"default","ast-global-header-display":"","ast-banner-title-visibility":"","ast-main-header-display":"","ast-hfb-above-header-display":"","ast-hfb-below-header-display":"","ast-hfb-mobile-header-display":"","site-post-title":"","ast-breadcrumbs-content":"","ast-featured-img":"","footer-sml-layout":"","theme-transparent-header-meta":"default","adv-header-id-meta":"","stick-header-meta":"","header-above-stick-meta":"","header-main-stick-meta":"","header-below-stick-meta":"","astra-migrate-meta-layouts":"set","ast-page-background-enabled":"default","ast-page-background-meta":{"desktop":{"background-color":"var(--ast-global-color-5)","background-image":"","background-repeat":"repeat","background-position":"center center","background-size":"auto","background-attachment":"scroll","background-type":"","background-media":"","overlay-type":"","overlay-color":"","overlay-opacity":"","overlay-gradient":""},"tablet":{"background-color":"","background-image":"","background-repeat":"repeat","background-position":"center center","background-size":"auto","background-attachment":"scroll","background-type":"","background-media":"","overlay-type":"","overlay-color":"","overlay-opacity":"","overlay-gradient":""},"mobile":{"background-color":"","background-image":"","background-repeat":"repeat","background-position":"center center","background-size":"auto","background-attachment":"scroll","background-type":"","background-media":"","overlay-type":"","overlay-color":"","overlay-opacity":"","overlay-gradient":""}},"ast-content-background-meta":{"desktop":{"background-color":"var(--ast-global-color-4)","background-image":"","background-repeat":"repeat","background-position":"center center","background-size":"auto","background-attachment":"scroll","background-type":"","background-media":"","overlay-type":"","overlay-color":"","overlay-opacity":"","overlay-gradient":""},"tablet":{"background-color":"var(--ast-global-color-4)","background-image":"","background-repeat":"repeat","background-position":"center center","background-size":"auto","background-attachment":"scroll","background-type":"","background-media":"","overlay-type":"","overlay-color":"","overlay-opacity":"","overlay-gradient":""},"mobile":{"background-color":"var(--ast-global-color-4)","background-image":"","background-repeat":"repeat","background-position":"center center","background-size":"auto","background-attachment":"scroll","background-type":"","background-media":"","overlay-type":"","overlay-color":"","overlay-opacity":"","overlay-gradient":""}}},"product_brand":[],"product_cat":[63,136],"product_tag":[],"giftcard-category":[],"class_list":{"0":"post-102423","1":"product","2":"type-product","3":"status-publish","4":"has-post-thumbnail","6":"product_cat-experiencias","7":"product_cat-kosmos-es","8":"desktop-align-left","9":"tablet-align-left","10":"mobile-align-left","12":"first","13":"instock","14":"taxable","15":"shipping-taxable","16":"purchasable","17":"product-type-variable"},"acf":[],"_links":{"self":[{"href":"https:\/\/www.parcastronomicprades.cat\/es\/wp-json\/wp\/v2\/product\/102423","targetHints":{"allow":["GET"]}}],"collection":[{"href":"https:\/\/www.parcastronomicprades.cat\/es\/wp-json\/wp\/v2\/product"}],"about":[{"href":"https:\/\/www.parcastronomicprades.cat\/es\/wp-json\/wp\/v2\/types\/product"}],"wp:featuredmedia":[{"embeddable":true,"href":"https:\/\/www.parcastronomicprades.cat\/es\/wp-json\/wp\/v2\/media\/83362"}],"wp:attachment":[{"href":"https:\/\/www.parcastronomicprades.cat\/es\/wp-json\/wp\/v2\/media?parent=102423"}],"wp:term":[{"taxonomy":"product_brand","embeddable":true,"href":"https:\/\/www.parcastronomicprades.cat\/es\/wp-json\/wp\/v2\/product_brand?post=102423"},{"taxonomy":"product_cat","embeddable":true,"href":"https:\/\/www.parcastronomicprades.cat\/es\/wp-json\/wp\/v2\/product_cat?post=102423"},{"taxonomy":"product_tag","embeddable":true,"href":"https:\/\/www.parcastronomicprades.cat\/es\/wp-json\/wp\/v2\/product_tag?post=102423"},{"taxonomy":"giftcard-category","embeddable":true,"href":"https:\/\/www.parcastronomicprades.cat\/es\/wp-json\/wp\/v2\/giftcard-category?post=102423"}],"curies":[{"name":"wp","href":"https:\/\/api.w.org\/{rel}","templated":true}]}}