{"id":56672,"date":"2023-04-26T16:43:45","date_gmt":"2023-04-26T15:43:45","guid":{"rendered":"https:\/\/www.parcastronomicprades.cat\/kosmos-cast\/"},"modified":"2025-07-03T21:34:07","modified_gmt":"2025-07-03T20:34:07","slug":"kosmos-cast","status":"publish","type":"page","link":"https:\/\/www.parcastronomicprades.cat\/es\/kosmos-cast\/","title":{"rendered":"Espect\u00e1culos en castellano"},"content":{"rendered":"\t\t<div data-elementor-type=\"wp-page\" data-elementor-id=\"56672\" class=\"elementor elementor-56672 elementor-56653\" data-elementor-post-type=\"page\">\n\t\t\t\t<div class=\"elementor-element elementor-element-f92e6a0 e-con-full e-flex e-con e-parent\" data-id=\"f92e6a0\" data-element_type=\"container\" data-settings=\"{&quot;background_background&quot;:&quot;classic&quot;}\">\n\t\t<div class=\"elementor-element elementor-element-1952e61 e-con-full e-flex e-con e-child\" data-id=\"1952e61\" data-element_type=\"container\">\n\t\t\t\t<div class=\"elementor-element elementor-element-d358406 elementor-widget elementor-widget-heading\" data-id=\"d358406\" data-element_type=\"widget\" data-widget_type=\"heading.default\">\n\t\t\t\t<div class=\"elementor-widget-container\">\n\t\t\t\t\t<h1 class=\"elementor-heading-title elementor-size-default\">Espect\u00e1culos en castellano<\/h1>\t\t\t\t<\/div>\n\t\t\t\t<\/div>\n\t\t\t\t<\/div>\n\t\t<div class=\"elementor-element elementor-element-ace20b0 e-con-full elementor-hidden-mobile e-flex e-con e-child\" data-id=\"ace20b0\" data-element_type=\"container\">\n\t\t\t\t<\/div>\n\t\t\t\t<\/div>\n\t\t<div class=\"elementor-element elementor-element-4465925d e-con-full e-flex e-con e-parent\" data-id=\"4465925d\" data-element_type=\"container\">\n\t\t\t\t<div class=\"elementor-element elementor-element-25b2113a nogap elementor-widget elementor-widget-text-editor\" data-id=\"25b2113a\" data-element_type=\"widget\" data-widget_type=\"text-editor.default\">\n\t\t\t\t<div class=\"elementor-widget-container\">\n\t\t\t\t\t\t\t\t\t<p>Ven a disfrutar de los espect\u00e1culos del Parque Astron\u00f3mico Monta\u00f1as de Prades<\/p>\t\t\t\t\t\t\t\t<\/div>\n\t\t\t\t<\/div>\n\t\t\t\t<div class=\"elementor-element elementor-element-781672e0 nogap elementor-widget elementor-widget-text-editor\" data-id=\"781672e0\" data-element_type=\"widget\" data-widget_type=\"text-editor.default\">\n\t\t\t\t<div class=\"elementor-widget-container\">\n\t\t\t\t\t\t\t\t\t<div class=\"et_pb_module et_pb_text et_pb_text_1 et_pb_text_align_center et_pb_bg_layout_light\"><div class=\"et_pb_text_inner\"><p><strong>Espect\u00e1culo KOSMOS o GAIA<\/strong><\/p><\/div><\/div>\t\t\t\t\t\t\t\t<\/div>\n\t\t\t\t<\/div>\n\t\t\t\t<\/div>\n\t\t<div class=\"elementor-element elementor-element-289aba50 e-grid e-con-boxed e-con e-parent\" data-id=\"289aba50\" data-element_type=\"container\">\n\t\t\t\t\t<div class=\"e-con-inner\">\n\t\t<div class=\"elementor-element elementor-element-d26591 e-con-full e-flex e-con e-child\" data-id=\"d26591\" data-element_type=\"container\" data-settings=\"{&quot;background_background&quot;:&quot;classic&quot;}\">\n\t\t\t\t<div class=\"elementor-element elementor-element-43ca718d elementor-widget-mobile__width-inherit elementor-widget elementor-widget-heading\" data-id=\"43ca718d\" data-element_type=\"widget\" data-widget_type=\"heading.default\">\n\t\t\t\t<div class=\"elementor-widget-container\">\n\t\t\t\t\t<h2 class=\"elementor-heading-title elementor-size-default\">GAIA CAST<\/h2>\t\t\t\t<\/div>\n\t\t\t\t<\/div>\n\t\t\t\t<div class=\"elementor-element elementor-element-2fe1a6f8 nogap elementor-widget-mobile__width-inherit elementor-widget elementor-widget-text-editor\" data-id=\"2fe1a6f8\" data-element_type=\"widget\" data-widget_type=\"text-editor.default\">\n\t\t\t\t<div class=\"elementor-widget-container\">\n\t\t\t\t\t\t\t\t\t<p>Es un espect\u00e1culo de astronom\u00eda en castellano, un repaso sobre la formaci\u00f3n de la Tierra, como hemos llegado hasta el d\u00eda de hoy y mucho m\u00e1s. Una experiencia inmersiva \u00fanica en Catalu\u00f1a en la que viviremos un viaje a trav\u00e9s del tiempo para volver al cielo oscuro de Prades, donde observaremos con telescopios de gran di\u00e1metro y nos dejaremos guiar por su cielo y las historias de mitolog\u00eda que se esconden.<\/p><div class=\"et_pb_with_border et_pb_column_1_2 et_pb_column et_pb_column_1 et_pb_css_mix_blend_mode_passthrough\"><div class=\"et_pb_module et_pb_text et_pb_text_3 et_pb_text_align_left et_pb_bg_layout_light\"><div class=\"et_pb_text_inner\"><p>Espect\u00e1culo recomendado por mayores de 7-8 a\u00f1os.<\/p><\/div><\/div><\/div>\t\t\t\t\t\t\t\t<\/div>\n\t\t\t\t<\/div>\n\t\t\t\t<\/div>\n\t\t<div class=\"elementor-element elementor-element-6181c296 e-con-full e-flex e-con e-child\" data-id=\"6181c296\" data-element_type=\"container\" data-settings=\"{&quot;background_background&quot;:&quot;classic&quot;}\">\n\t\t\t\t<div class=\"elementor-element elementor-element-12964e07 elementor-widget-mobile__width-inherit elementor-widget elementor-widget-heading\" data-id=\"12964e07\" data-element_type=\"widget\" data-widget_type=\"heading.default\">\n\t\t\t\t<div class=\"elementor-widget-container\">\n\t\t\t\t\t<h2 class=\"elementor-heading-title elementor-size-default\">KOSMOS CAST<\/h2>\t\t\t\t<\/div>\n\t\t\t\t<\/div>\n\t\t\t\t<div class=\"elementor-element elementor-element-29820e4e nogap elementor-widget-mobile__width-inherit elementor-widget elementor-widget-text-editor\" data-id=\"29820e4e\" data-element_type=\"widget\" data-widget_type=\"text-editor.default\">\n\t\t\t\t<div class=\"elementor-widget-container\">\n\t\t\t\t\t\t\t\t\t<p>Es un espect\u00e1culo de astronom\u00eda en espa\u00f1ol, un tributo a la m\u00edtica serie Cosmos, de Carl Sagan. Una experiencia inmersiva \u00fanica en Catalu\u00f1a que nos transportar\u00e1 a los confines del universo para volver al cielo oscuro de Prades, donde observaremos con telescopios de gran di\u00e1metro y nos dejaremos guiar por su cielo y las historias de mitolog\u00eda que se esconden.<\/p><p>Espect\u00e1culo recomendado por mayores de 12 a\u00f1os.<\/p>\t\t\t\t\t\t\t\t<\/div>\n\t\t\t\t<\/div>\n\t\t\t\t<\/div>\n\t\t\t\t\t<\/div>\n\t\t\t\t<\/div>\n\t\t<div class=\"elementor-element elementor-element-253f171f e-con-full e-flex e-con e-parent\" data-id=\"253f171f\" data-element_type=\"container\">\n\t\t\t\t<\/div>\n\t\t<div class=\"elementor-element elementor-element-2c414453 e-flex e-con-boxed e-con e-parent\" data-id=\"2c414453\" data-element_type=\"container\">\n\t\t\t\t\t<div class=\"e-con-inner\">\n\t\t<div class=\"elementor-element elementor-element-70d39d82 e-con-full e-flex e-con e-child\" data-id=\"70d39d82\" data-element_type=\"container\" data-settings=\"{&quot;background_background&quot;:&quot;classic&quot;}\">\n\t\t\t\t<div class=\"elementor-element elementor-element-4020c467 elementor-widget elementor-widget-heading\" data-id=\"4020c467\" data-element_type=\"widget\" data-widget_type=\"heading.default\">\n\t\t\t\t<div class=\"elementor-widget-container\">\n\t\t\t\t\t<h2 class=\"elementor-heading-title elementor-size-default\">Compra tu entrada<\/h2>\t\t\t\t<\/div>\n\t\t\t\t<\/div>\n\t\t\t\t<div class=\"elementor-element elementor-element-1ca09a49 nogap elementor-widget elementor-widget-text-editor\" data-id=\"1ca09a49\" data-element_type=\"widget\" data-widget_type=\"text-editor.default\">\n\t\t\t\t<div class=\"elementor-widget-container\">\n\t\t\t\t\t\t\t\t\t<p style=\"text-align: center;\">Consulta toda la programaci\u00f3n para las pr\u00f3ximas semanas<br>en el Parc Astron\u00f2mic Muntanyes de Prades.<\/p><p style=\"text-align: center;\"><strong>Ven y disfruta del espectacular cielo de Prades!<\/strong><\/p>\t\t\t\t\t\t\t\t<\/div>\n\t\t\t\t<\/div>\n\t\t\t\t<div class=\"elementor-element elementor-element-4ca47e1d elementor-widget elementor-widget-shortcode\" data-id=\"4ca47e1d\" data-element_type=\"widget\" data-widget_type=\"shortcode.default\">\n\t\t\t\t<div class=\"elementor-widget-container\">\n\t\t\t\t\t\t\t<div class=\"elementor-shortcode\"><div id=\"event-calendar\" data-categoria=\"espectacles-cast\"><\/div><\/div>\n\t\t\t\t\t\t<\/div>\n\t\t\t\t<\/div>\n\t\t\t\t<\/div>\n\t\t\t\t\t<\/div>\n\t\t\t\t<\/div>\n\t\t\t\t<\/div>\n\t\t","protected":false},"excerpt":{"rendered":"<p>Ven a disfrutar de los espect\u00e1culos del Parque Astron\u00f3mico Monta\u00f1as de Prades Espect\u00e1culo KOSMOS o GAIA GAIA CAST Es un [&hellip;]<\/p>\n","protected":false},"author":5,"featured_media":0,"parent":0,"menu_order":0,"comment_status":"closed","ping_status":"closed","template":"","meta":{"_acf_changed":false,"site-sidebar-layout":"no-sidebar","site-content-layout":"","ast-site-content-layout":"full-width-container","site-content-style":"default","site-sidebar-style":"default","ast-global-header-display":"","ast-banner-title-visibility":"","ast-main-header-display":"","ast-hfb-above-header-display":"","ast-hfb-below-header-display":"","ast-hfb-mobile-header-display":"","site-post-title":"disabled","ast-breadcrumbs-content":"","ast-featured-img":"disabled","footer-sml-layout":"","theme-transparent-header-meta":"","adv-header-id-meta":"","stick-header-meta":"","header-above-stick-meta":"","header-main-stick-meta":"","header-below-stick-meta":"","astra-migrate-meta-layouts":"default","ast-page-background-enabled":"default","ast-page-background-meta":{"desktop":{"background-color":"var(--ast-global-color-5)","background-image":"","background-repeat":"repeat","background-position":"center center","background-size":"auto","background-attachment":"scroll","background-type":"","background-media":"","overlay-type":"","overlay-color":"","overlay-opacity":"","overlay-gradient":""},"tablet":{"background-color":"","background-image":"","background-repeat":"repeat","background-position":"center center","background-size":"auto","background-attachment":"scroll","background-type":"","background-media":"","overlay-type":"","overlay-color":"","overlay-opacity":"","overlay-gradient":""},"mobile":{"background-color":"","background-image":"","background-repeat":"repeat","background-position":"center center","background-size":"auto","background-attachment":"scroll","background-type":"","background-media":"","overlay-type":"","overlay-color":"","overlay-opacity":"","overlay-gradient":""}},"ast-content-background-meta":{"desktop":{"background-color":"var(--ast-global-color-4)","background-image":"","background-repeat":"repeat","background-position":"center center","background-size":"auto","background-attachment":"scroll","background-type":"","background-media":"","overlay-type":"","overlay-color":"","overlay-opacity":"","overlay-gradient":""},"tablet":{"background-color":"var(--ast-global-color-4)","background-image":"","background-repeat":"repeat","background-position":"center center","background-size":"auto","background-attachment":"scroll","background-type":"","background-media":"","overlay-type":"","overlay-color":"","overlay-opacity":"","overlay-gradient":""},"mobile":{"background-color":"var(--ast-global-color-4)","background-image":"","background-repeat":"repeat","background-position":"center center","background-size":"auto","background-attachment":"scroll","background-type":"","background-media":"","overlay-type":"","overlay-color":"","overlay-opacity":"","overlay-gradient":""}},"footnotes":""},"class_list":["post-56672","page","type-page","status-publish","hentry"],"acf":[],"_links":{"self":[{"href":"https:\/\/www.parcastronomicprades.cat\/es\/wp-json\/wp\/v2\/pages\/56672","targetHints":{"allow":["GET"]}}],"collection":[{"href":"https:\/\/www.parcastronomicprades.cat\/es\/wp-json\/wp\/v2\/pages"}],"about":[{"href":"https:\/\/www.parcastronomicprades.cat\/es\/wp-json\/wp\/v2\/types\/page"}],"author":[{"embeddable":true,"href":"https:\/\/www.parcastronomicprades.cat\/es\/wp-json\/wp\/v2\/users\/5"}],"replies":[{"embeddable":true,"href":"https:\/\/www.parcastronomicprades.cat\/es\/wp-json\/wp\/v2\/comments?post=56672"}],"version-history":[{"count":45,"href":"https:\/\/www.parcastronomicprades.cat\/es\/wp-json\/wp\/v2\/pages\/56672\/revisions"}],"predecessor-version":[{"id":94867,"href":"https:\/\/www.parcastronomicprades.cat\/es\/wp-json\/wp\/v2\/pages\/56672\/revisions\/94867"}],"wp:attachment":[{"href":"https:\/\/www.parcastronomicprades.cat\/es\/wp-json\/wp\/v2\/media?parent=56672"}],"curies":[{"name":"wp","href":"https:\/\/api.w.org\/{rel}","templated":true}]}}