{"id":4448,"date":"2020-06-30T07:33:07","date_gmt":"2020-06-30T06:33:07","guid":{"rendered":"https:\/\/www.parcastronomicprades.cat\/visitamos-vuestro-centro-planetario-360-full-dome-y-sesion-de-astronomia\/"},"modified":"2025-07-07T17:38:03","modified_gmt":"2025-07-07T16:38:03","slug":"visitamos-vuestro-centro-planetario-360-full-dome-y-sesion-de-astronomia","status":"publish","type":"page","link":"https:\/\/www.parcastronomicprades.cat\/es\/visitamos-vuestro-centro-planetario-360-full-dome-y-sesion-de-astronomia\/","title":{"rendered":"Visitamos vuestro centro: Planetario 360\u00b0 Full Dome y sesi\u00f3n de astronom\u00eda"},"content":{"rendered":"\t\t<div data-elementor-type=\"wp-page\" data-elementor-id=\"4448\" class=\"elementor elementor-4448 elementor-598\" data-elementor-post-type=\"page\">\n\t\t\t\t<div class=\"elementor-element elementor-element-c958fc7 e-con-full e-flex e-con e-parent\" data-id=\"c958fc7\" data-element_type=\"container\" data-settings=\"{&quot;background_background&quot;:&quot;classic&quot;}\">\n\t\t<div class=\"elementor-element elementor-element-d7ae083 e-con-full e-flex e-con e-child\" data-id=\"d7ae083\" data-element_type=\"container\">\n\t\t\t\t<div class=\"elementor-element elementor-element-1e6f1e0 elementor-widget elementor-widget-heading\" data-id=\"1e6f1e0\" data-element_type=\"widget\" data-widget_type=\"heading.default\">\n\t\t\t\t<div class=\"elementor-widget-container\">\n\t\t\t\t\t<h1 class=\"elementor-heading-title elementor-size-default\">Visitamos vuestro centro: Planetario 360\u00b0 Full Dome y sesi\u00f3n de astronom\u00eda<\/h1>\t\t\t\t<\/div>\n\t\t\t\t<\/div>\n\t\t\t\t<\/div>\n\t\t<div class=\"elementor-element elementor-element-896cddd e-con-full elementor-hidden-mobile e-flex e-con e-child\" data-id=\"896cddd\" data-element_type=\"container\">\n\t\t\t\t<\/div>\n\t\t\t\t<\/div>\n\t\t<div class=\"elementor-element elementor-element-12e3fe7b e-flex e-con-boxed e-con e-parent\" data-id=\"12e3fe7b\" data-element_type=\"container\" data-settings=\"{&quot;background_background&quot;:&quot;classic&quot;}\">\n\t\t\t\t\t<div class=\"e-con-inner\">\n\t\t<div class=\"elementor-element elementor-element-3bdd521b e-con-full e-flex e-con e-child\" data-id=\"3bdd521b\" data-element_type=\"container\">\n\t\t\t\t<div class=\"elementor-element elementor-element-5103bb94 tb elementor-widget elementor-widget-text-editor\" data-id=\"5103bb94\" data-element_type=\"widget\" data-widget_type=\"text-editor.default\">\n\t\t\t\t<div class=\"elementor-widget-container\">\n\t\t\t\t\t\t\t\t\t<p data-start=\"128\" data-end=\"190\">Planetario 360\u00ba Full Dome y sesi\u00f3n de astronom\u00eda en tu escuela<\/p><hr data-start=\"192\" data-end=\"195\" \/><p data-start=\"197\" data-end=\"489\">Sabemos que a veces puede resultar dif\u00edcil programar una salida fuera del centro educativo, por este motivo ofrecemos una sesi\u00f3n de astronom\u00eda en vuestro propio Centro Educativo.<br data-start=\"375\" data-end=\"378\" \/>Nos desplazamos por toda Catalu\u00f1a y Espa\u00f1a con nuestros Planetarios 360\u00b0 Full Dome de 5 y 6 metros de di\u00e1metro.<\/p><p data-start=\"491\" data-end=\"760\">\u00bfHab\u00e9is visto alguna vez la V\u00eda L\u00e1ctea sobre vuestras cabezas?<br data-start=\"553\" data-end=\"556\" \/>\u00bfSab\u00e9is de d\u00f3nde provienen los nombres de las constelaciones?<br data-start=\"617\" data-end=\"620\" \/>\u00bfQu\u00e9 cielo podemos ver en esta \u00e9poca del a\u00f1o desde nuestra poblaci\u00f3n?<br data-start=\"689\" data-end=\"692\" \/>\u00bfQuer\u00e9is revivir la llegada de los primeros seres humanos a la Luna?<\/p><p data-start=\"762\" data-end=\"965\">Todo esto y mucho m\u00e1s es posible gracias a nuestros Planetarios 360\u00b0 digitales, que acercan de una forma amena e inmersiva los contenidos m\u00e1s apasionantes de la astronom\u00eda ajustados a cada ciclo y etapa.<\/p><hr data-start=\"967\" data-end=\"970\" \/><p data-start=\"972\" data-end=\"1008\"><strong data-start=\"972\" data-end=\"1008\">\u00bfEN QU\u00c9 CONSISTE LA EXPERIENCIA?<\/strong><\/p><ul data-start=\"1010\" data-end=\"1354\"><li data-start=\"1010\" data-end=\"1160\"><p data-start=\"1012\" data-end=\"1160\">Sesi\u00f3n al Planetario 360\u00b0 Full Dome con espectaculares producciones y simulaciones del universo, comentadas en directo por nuestros Gu\u00edas Starlight.<\/p><\/li><li data-start=\"1161\" data-end=\"1354\"><p data-start=\"1163\" data-end=\"1354\">Simulaci\u00f3n del cielo y explicaci\u00f3n de los contenidos de astronom\u00eda acordados con el Centro Educativo.<br data-start=\"1264\" data-end=\"1267\" \/>Tem\u00e1ticas posibles: mec\u00e1nica celeste, mitolog\u00eda, contaminaci\u00f3n lum\u00ednica, entre otros.<\/p><\/li><\/ul><hr data-start=\"1356\" data-end=\"1359\" \/><p data-start=\"1361\" data-end=\"1389\"><strong data-start=\"1361\" data-end=\"1389\">ESPACIO F\u00cdSICO NECESARIO<\/strong><\/p><ul data-start=\"1391\" data-end=\"1647\"><li data-start=\"1391\" data-end=\"1490\"><p data-start=\"1393\" data-end=\"1490\">Planetario de 6 m (35 plazas): espacio interior de m\u00ednimo 4,70 m de altura y superficie de 6&#215;6 m.<\/p><\/li><li data-start=\"1491\" data-end=\"1569\"><p data-start=\"1493\" data-end=\"1569\">Planetario de 5 m (25 plazas): opci\u00f3n si no se dispone del espacio anterior.<\/p><\/li><li data-start=\"1570\" data-end=\"1600\"><p data-start=\"1572\" data-end=\"1600\">Requiere conexi\u00f3n el\u00e9ctrica.<\/p><\/li><li data-start=\"1601\" data-end=\"1647\"><p data-start=\"1603\" data-end=\"1647\">Se recomienda espacio ac\u00fasticamente aislado.<\/p><\/li><\/ul><hr data-start=\"1649\" data-end=\"1652\" \/><p data-start=\"1654\" data-end=\"1666\"><strong data-start=\"1654\" data-end=\"1666\">DURACI\u00d3N<\/strong><\/p><ul data-start=\"1668\" data-end=\"1770\"><li data-start=\"1668\" data-end=\"1693\"><p data-start=\"1670\" data-end=\"1693\">30 minutos por sesi\u00f3n<\/p><\/li><li data-start=\"1694\" data-end=\"1732\"><p data-start=\"1696\" data-end=\"1732\">15 minutos para el cambio de grupo<\/p><\/li><li data-start=\"1733\" data-end=\"1770\"><p data-start=\"1735\" data-end=\"1770\">M\u00e1ximo: 6 sesiones de 25-35 alumnos<\/p><\/li><\/ul><hr data-start=\"1772\" data-end=\"1775\" \/><p data-start=\"1777\" data-end=\"1787\"><strong data-start=\"1777\" data-end=\"1787\">PRECIO<\/strong><\/p><ul data-start=\"1789\" data-end=\"1855\"><li data-start=\"1789\" data-end=\"1817\"><p data-start=\"1791\" data-end=\"1817\">750 \u20ac (hasta 6 sesiones)<\/p><\/li><li data-start=\"1818\" data-end=\"1855\"><p data-start=\"1820\" data-end=\"1855\">+0,35 \u20ac\/km desde Prades (Tarragona)<\/p><\/li><\/ul><p data-start=\"1857\" data-end=\"1869\"><strong data-start=\"1857\" data-end=\"1869\">OPCIONAL<\/strong><\/p><ul data-start=\"1871\" data-end=\"1993\"><li data-start=\"1871\" data-end=\"1993\"><p data-start=\"1873\" data-end=\"1993\">Observaci\u00f3n del Sol y\/o la Luna con telescopios automatizados<br data-start=\"1934\" data-end=\"1937\" \/>Precio: 200 \u20ac (hasta 30 alumnos; 2 \u20ac por alumno extra)<\/p><\/li><\/ul><hr data-start=\"1995\" data-end=\"1998\" \/><p data-start=\"2000\" data-end=\"2034\"><strong data-start=\"2000\" data-end=\"2034\">ALTRES EXPERI\u00c8NCIES EDUCATIVES<\/strong><\/p><ul data-start=\"2036\" data-end=\"2125\"><li data-start=\"2036\" data-end=\"2069\"><p data-start=\"2038\" data-end=\"2069\"><strong data-start=\"2038\" data-end=\"2069\">SESI\u00d3N ASTRON\u00d3MICA NOCTURNA<\/strong><\/p><\/li><li data-start=\"2070\" data-end=\"2101\"><p data-start=\"2072\" data-end=\"2101\"><strong data-start=\"2072\" data-end=\"2101\">SESI\u00d3N ASTRON\u00d3MICA DIURNA<\/strong><\/p><\/li><li data-start=\"2102\" data-end=\"2125\"><p data-start=\"2104\" data-end=\"2125\"><strong data-start=\"2104\" data-end=\"2125\">SESIONES A MEDIDA<\/strong><\/p><\/li><\/ul>\t\t\t\t\t\t\t\t<\/div>\n\t\t\t\t<\/div>\n\t\t\t\t<\/div>\n\t\t\t\t\t<\/div>\n\t\t\t\t<\/div>\n\t\t\t\t<\/div>\n\t\t","protected":false},"excerpt":{"rendered":"<p>Planetario 360\u00ba Full Dome y sesi\u00f3n de astronom\u00eda en tu escuela Sabemos que a veces puede resultar dif\u00edcil programar una [&hellip;]<\/p>\n","protected":false},"author":1,"featured_media":0,"parent":0,"menu_order":0,"comment_status":"closed","ping_status":"closed","template":"","meta":{"_acf_changed":false,"site-sidebar-layout":"default","site-content-layout":"","ast-site-content-layout":"default","site-content-style":"default","site-sidebar-style":"default","ast-global-header-display":"","ast-banner-title-visibility":"","ast-main-header-display":"","ast-hfb-above-header-display":"","ast-hfb-below-header-display":"","ast-hfb-mobile-header-display":"","site-post-title":"","ast-breadcrumbs-content":"","ast-featured-img":"","footer-sml-layout":"","theme-transparent-header-meta":"","adv-header-id-meta":"","stick-header-meta":"","header-above-stick-meta":"","header-main-stick-meta":"","header-below-stick-meta":"","astra-migrate-meta-layouts":"default","ast-page-background-enabled":"default","ast-page-background-meta":{"desktop":{"background-color":"var(--ast-global-color-5)","background-image":"","background-repeat":"repeat","background-position":"center center","background-size":"auto","background-attachment":"scroll","background-type":"","background-media":"","overlay-type":"","overlay-color":"","overlay-opacity":"","overlay-gradient":""},"tablet":{"background-color":"","background-image":"","background-repeat":"repeat","background-position":"center center","background-size":"auto","background-attachment":"scroll","background-type":"","background-media":"","overlay-type":"","overlay-color":"","overlay-opacity":"","overlay-gradient":""},"mobile":{"background-color":"","background-image":"","background-repeat":"repeat","background-position":"center center","background-size":"auto","background-attachment":"scroll","background-type":"","background-media":"","overlay-type":"","overlay-color":"","overlay-opacity":"","overlay-gradient":""}},"ast-content-background-meta":{"desktop":{"background-color":"var(--ast-global-color-4)","background-image":"","background-repeat":"repeat","background-position":"center center","background-size":"auto","background-attachment":"scroll","background-type":"","background-media":"","overlay-type":"","overlay-color":"","overlay-opacity":"","overlay-gradient":""},"tablet":{"background-color":"var(--ast-global-color-4)","background-image":"","background-repeat":"repeat","background-position":"center center","background-size":"auto","background-attachment":"scroll","background-type":"","background-media":"","overlay-type":"","overlay-color":"","overlay-opacity":"","overlay-gradient":""},"mobile":{"background-color":"var(--ast-global-color-4)","background-image":"","background-repeat":"repeat","background-position":"center center","background-size":"auto","background-attachment":"scroll","background-type":"","background-media":"","overlay-type":"","overlay-color":"","overlay-opacity":"","overlay-gradient":""}},"footnotes":""},"class_list":["post-4448","page","type-page","status-publish","hentry"],"acf":[],"_links":{"self":[{"href":"https:\/\/www.parcastronomicprades.cat\/es\/wp-json\/wp\/v2\/pages\/4448","targetHints":{"allow":["GET"]}}],"collection":[{"href":"https:\/\/www.parcastronomicprades.cat\/es\/wp-json\/wp\/v2\/pages"}],"about":[{"href":"https:\/\/www.parcastronomicprades.cat\/es\/wp-json\/wp\/v2\/types\/page"}],"author":[{"embeddable":true,"href":"https:\/\/www.parcastronomicprades.cat\/es\/wp-json\/wp\/v2\/users\/1"}],"replies":[{"embeddable":true,"href":"https:\/\/www.parcastronomicprades.cat\/es\/wp-json\/wp\/v2\/comments?post=4448"}],"version-history":[{"count":37,"href":"https:\/\/www.parcastronomicprades.cat\/es\/wp-json\/wp\/v2\/pages\/4448\/revisions"}],"predecessor-version":[{"id":95498,"href":"https:\/\/www.parcastronomicprades.cat\/es\/wp-json\/wp\/v2\/pages\/4448\/revisions\/95498"}],"wp:attachment":[{"href":"https:\/\/www.parcastronomicprades.cat\/es\/wp-json\/wp\/v2\/media?parent=4448"}],"curies":[{"name":"wp","href":"https:\/\/api.w.org\/{rel}","templated":true}]}}