{"id":4368,"date":"2020-06-30T07:37:31","date_gmt":"2020-06-30T06:37:31","guid":{"rendered":"https:\/\/www.parcastronomicprades.cat\/sesiones-a-medida\/"},"modified":"2025-07-07T17:38:45","modified_gmt":"2025-07-07T16:38:45","slug":"sesiones-a-medida","status":"publish","type":"page","link":"https:\/\/www.parcastronomicprades.cat\/es\/sesiones-a-medida\/","title":{"rendered":"Sesiones a medida"},"content":{"rendered":"\t\t<div data-elementor-type=\"wp-page\" data-elementor-id=\"4368\" class=\"elementor elementor-4368 elementor-603\" data-elementor-post-type=\"page\">\n\t\t\t\t<div class=\"elementor-element elementor-element-f38f218 e-con-full e-flex e-con e-parent\" data-id=\"f38f218\" data-element_type=\"container\" data-settings=\"{&quot;background_background&quot;:&quot;classic&quot;}\">\n\t\t<div class=\"elementor-element elementor-element-3ef7af6 e-con-full e-flex e-con e-child\" data-id=\"3ef7af6\" data-element_type=\"container\">\n\t\t\t\t<div class=\"elementor-element elementor-element-e8ab124 elementor-widget elementor-widget-heading\" data-id=\"e8ab124\" data-element_type=\"widget\" data-widget_type=\"heading.default\">\n\t\t\t\t<div class=\"elementor-widget-container\">\n\t\t\t\t\t<h1 class=\"elementor-heading-title elementor-size-default\">Sesiones a medida<\/h1>\t\t\t\t<\/div>\n\t\t\t\t<\/div>\n\t\t\t\t<div class=\"elementor-element elementor-element-c41db42 nogap elementor-widget elementor-widget-text-editor\" data-id=\"c41db42\" data-element_type=\"widget\" data-widget_type=\"text-editor.default\">\n\t\t\t\t<div class=\"elementor-widget-container\">\n\t\t\t\t\t\t\t\t\t<div class=\"et_pb_module et_pb_text et_pb_text_1 et_pb_text_align_center et_pb_bg_layout_light\"><div class=\"et_pb_text_inner\"><p><strong>Descubre el fant\u00e1stic cielo de Prades<\/strong><\/p><\/div><\/div>\t\t\t\t\t\t\t\t<\/div>\n\t\t\t\t<\/div>\n\t\t\t\t<\/div>\n\t\t<div class=\"elementor-element elementor-element-c73c5fd e-con-full elementor-hidden-mobile e-flex e-con e-child\" data-id=\"c73c5fd\" data-element_type=\"container\">\n\t\t\t\t<\/div>\n\t\t\t\t<\/div>\n\t\t<div class=\"elementor-element elementor-element-494503be e-con-full e-flex e-con e-parent\" data-id=\"494503be\" data-element_type=\"container\">\n\t\t\t\t<\/div>\n\t\t<div class=\"elementor-element elementor-element-28a0ed3 e-flex e-con-boxed e-con e-parent\" data-id=\"28a0ed3\" data-element_type=\"container\" data-settings=\"{&quot;background_background&quot;:&quot;classic&quot;}\">\n\t\t\t\t\t<div class=\"e-con-inner\">\n\t\t<div class=\"elementor-element elementor-element-51ef2b41 e-con-full e-flex e-con e-child\" data-id=\"51ef2b41\" data-element_type=\"container\">\n\t\t\t\t<div class=\"elementor-element elementor-element-3a6eb31b elementor-widget elementor-widget-text-editor\" data-id=\"3a6eb31b\" data-element_type=\"widget\" data-widget_type=\"text-editor.default\">\n\t\t\t\t<div class=\"elementor-widget-container\">\n\t\t\t\t\t\t\t\t\t<p>Hab\u00e9is pensado celebrar la <strong>Semana de la Ciencia de una forma diferente?<\/strong> Est\u00e1is preparando unas <strong>jornadas sobre el universo o la exploraci\u00f3n espacial?<\/strong> Os ofrecemos una serie de <strong>conferencias en vuestro Centro Educativo<\/strong> as\u00ed como otras actividades a medida. No dud\u00e1is al contactarnos.<\/p><p><strong>Listado de conferencias para los Centros Educativos:<\/strong><\/p><p>\u00abEl papel de las mujeres, una mirada femenina a la astronom\u00eda\u00bb<\/p><p>\u00abVida inteligente m\u00e1s all\u00e1 del Sistema Solar\u00bb<\/p><p>\u00abSaturno, el Se\u00f1or de los Anillos\u00bb<\/p><p>\u00abJ\u00fapiter, el rey del Sistema Solar\u00bb<\/p><p>\u00abLa Luna, la compa\u00f1era desconocida\u00bb<\/p><p>\u00abLa V\u00eda L\u00e1ctea: nebulosas y c\u00famulos estelares\u00bb<\/p><p>\u00abLa contaminaci\u00f3n: caminando hacia un mundo m\u00e1s sostenible\u00bb<\/p>\t\t\t\t\t\t\t\t<\/div>\n\t\t\t\t<\/div>\n\t\t<div class=\"elementor-element elementor-element-7e8dfd6b e-con-full e-grid e-con e-child\" data-id=\"7e8dfd6b\" data-element_type=\"container\">\n\t\t\t\t<div class=\"elementor-element elementor-element-326ad128 elementor-view-default elementor-position-top elementor-mobile-position-top elementor-widget elementor-widget-icon-box\" data-id=\"326ad128\" data-element_type=\"widget\" data-widget_type=\"icon-box.default\">\n\t\t\t\t<div class=\"elementor-widget-container\">\n\t\t\t\t\t\t\t<div class=\"elementor-icon-box-wrapper\">\n\n\t\t\t\t\t\t<div class=\"elementor-icon-box-icon\">\n\t\t\t\t<span  class=\"elementor-icon\">\n\t\t\t\t<svg xmlns=\"http:\/\/www.w3.org\/2000\/svg\" height=\"48px\" viewBox=\"0 -960 960 960\" width=\"48px\" fill=\"Currentcolor\"><path d=\"M480-100q-79.38 0-148.73-29.96t-120.85-81.27q-51.5-51.31-80.96-120.96Q100-401.85 100-481.62q0-79.38 29.46-148.42 29.46-69.04 80.96-120.34 51.5-51.31 120.85-80.46Q400.62-860 480-860t148.73 29.16q69.35 29.15 120.85 80.46 51.5 51.3 80.96 120.34Q860-561 860-481.62q0 79.77-29.46 149.43-29.46 69.65-80.96 120.96-51.5 51.31-120.85 81.27Q559.38-100 480-100Zm0-43.39q37.31-40.23 61.38-87.3 24.08-47.08 39.47-110.31H379.77q15.15 62.31 39.23 110.11 24.08 47.81 61 87.5Zm-63.46-8.15q-28.08-36.46-49.73-84.88-21.66-48.43-34.04-104.58H173.54q38.38 77.54 96.46 122.46 58.08 44.93 146.54 67Zm127.92-.61q78.54-17.62 142-66.7 63.46-49.07 100-122.15H627.85q-14.93 56.31-36.08 104.35-21.16 48.03-47.31 84.5ZM158.92-386.38h165.54q-3.77-27.39-4.84-50.43-1.08-23.04-1.08-44.81 0-24.23 1.38-45.84 1.39-21.62 5.16-46.77H158.92q-7.38 23.23-10.46 44.92-3.07 21.69-3.07 47.69 0 26.39 3.07 49 3.08 22.62 10.46 46.24Zm212.16 0h218.46q4.38-30.23 5.77-51.47 1.38-21.23 1.38-43.77 0-21.53-1.38-41.96-1.39-20.42-5.77-50.65H371.08q-4.39 30.23-5.77 50.65-1.39 20.43-1.39 41.96 0 22.54 1.39 43.77 1.38 21.24 5.77 51.47Zm263.84 0h166.16q7.38-23.62 10.46-46.24 3.07-22.61 3.07-49 0-26-3.07-47.69-3.08-21.69-10.46-44.92H635.92q3.39 33.08 4.77 53.88 1.39 20.81 1.39 38.73 0 22.39-1.7 44-1.69 21.62-5.46 51.24Zm-7.69-233.23h159.23q-35.31-76.7-97.81-125.2t-145.19-64.04q28.08 37.77 49.04 84.81t34.73 104.43Zm-247.46 0h202.08q-13.31-56.47-39.5-106.54-26.2-50.08-62.35-89.23-33.92 31.23-57.27 77.15t-42.96 118.62Zm-206.23 0h159.85q12.53-55.54 33-102.08 20.46-46.54 49.15-86.54-82.69 15.92-144.08 63.61-61.38 47.7-97.92 125.01Z\"><\/path><\/svg>\t\t\t\t<\/span>\n\t\t\t<\/div>\n\t\t\t\n\t\t\t\t\t\t<div class=\"elementor-icon-box-content\">\n\n\t\t\t\t\t\t\t\t\t<h3 class=\"elementor-icon-box-title\">\n\t\t\t\t\t\t<span  >\n\t\t\t\t\t\t\tEspacio f\u00edsico\t\t\t\t\t\t<\/span>\n\t\t\t\t\t<\/h3>\n\t\t\t\t\n\t\t\t\t\t\t\t\t\t<p class=\"elementor-icon-box-description\">\n\t\t\t\t\t\t Sala con posibilidad de realizar proyecciones audiovisuales. Aforo seg\u00fan decida el Centro Educativo.\t\t\t\t\t<\/p>\n\t\t\t\t\n\t\t\t<\/div>\n\t\t\t\n\t\t<\/div>\n\t\t\t\t\t\t<\/div>\n\t\t\t\t<\/div>\n\t\t\t\t<div class=\"elementor-element elementor-element-2de906fa elementor-view-default elementor-position-top elementor-mobile-position-top elementor-widget elementor-widget-icon-box\" data-id=\"2de906fa\" data-element_type=\"widget\" data-widget_type=\"icon-box.default\">\n\t\t\t\t<div class=\"elementor-widget-container\">\n\t\t\t\t\t\t\t<div class=\"elementor-icon-box-wrapper\">\n\n\t\t\t\t\t\t<div class=\"elementor-icon-box-icon\">\n\t\t\t\t<span  class=\"elementor-icon\">\n\t\t\t\t<svg xmlns=\"http:\/\/www.w3.org\/2000\/svg\" height=\"48px\" viewBox=\"0 -960 960 960\" width=\"48px\" fill=\"Currentcolor\"><path d=\"m630.08-295.46 33.84-33.85-159-160.01v-200.22h-45.38v218.85l170.54 175.23ZM480.07-100q-78.22 0-147.4-29.92t-120.99-81.71q-51.81-51.79-81.75-120.94Q100-401.71 100-479.93q0-78.22 29.92-147.4t81.71-120.99q51.79-51.81 120.94-81.75Q401.71-860 479.93-860q78.22 0 147.4 29.92t120.99 81.71q51.81 51.79 81.75 120.94Q860-558.29 860-480.07q0 78.22-29.92 147.4t-81.71 120.99q-51.79 51.81-120.94 81.75Q558.29-100 480.07-100ZM480-480Zm0 334.61q138.08 0 236.35-98.26 98.26-98.27 98.26-236.35 0-138.08-98.26-236.35-98.27-98.26-236.35-98.26-138.08 0-236.35 98.26-98.26 98.27-98.26 236.35 0 138.08 98.26 236.35 98.27 98.26 236.35 98.26Z\"><\/path><\/svg>\t\t\t\t<\/span>\n\t\t\t<\/div>\n\t\t\t\n\t\t\t\t\t\t<div class=\"elementor-icon-box-content\">\n\n\t\t\t\t\t\t\t\t\t<h3 class=\"elementor-icon-box-title\">\n\t\t\t\t\t\t<span  >\n\t\t\t\t\t\t\tDuraci\u00f3n\t\t\t\t\t\t<\/span>\n\t\t\t\t\t<\/h3>\n\t\t\t\t\n\t\t\t\t\t\t\t\t\t<p class=\"elementor-icon-box-description\">\n\t\t\t\t\t\t1h.\t\t\t\t\t<\/p>\n\t\t\t\t\n\t\t\t<\/div>\n\t\t\t\n\t\t<\/div>\n\t\t\t\t\t\t<\/div>\n\t\t\t\t<\/div>\n\t\t\t\t<div class=\"elementor-element elementor-element-7ac7c18d elementor-view-default elementor-position-top elementor-mobile-position-top elementor-widget elementor-widget-icon-box\" data-id=\"7ac7c18d\" data-element_type=\"widget\" data-widget_type=\"icon-box.default\">\n\t\t\t\t<div class=\"elementor-widget-container\">\n\t\t\t\t\t\t\t<div class=\"elementor-icon-box-wrapper\">\n\n\t\t\t\t\t\t<div class=\"elementor-icon-box-icon\">\n\t\t\t\t<span  class=\"elementor-icon\">\n\t\t\t\t<svg xmlns=\"http:\/\/www.w3.org\/2000\/svg\" height=\"48px\" viewBox=\"0 -960 960 960\" width=\"48px\" fill=\"Currentcolor\"><path d=\"M535.38-436.92q-41.92 0-70.96-29.04-29.03-29.04-29.03-70.96 0-41.93 29.03-70.96 29.04-29.04 70.96-29.04 41.93 0 70.96 29.04 29.04 29.03 29.04 70.96 0 41.92-29.04 70.96-29.03 29.04-70.96 29.04ZM242.31-298.46q-23.5 0-40.6-17.1-17.09-17.1-17.09-40.6v-361.53q0-23.5 17.09-40.6 17.1-17.09 40.6-17.09h586.15q23.5 0 40.6 17.09 17.09 17.1 17.09 40.6v361.53q0 23.5-17.09 40.6-17.1 17.1-40.6 17.1H242.31Zm74.61-45.39h436.93q0-36.23 25.39-61.57 25.39-25.35 61.53-25.35v-212.31q-36.23 0-61.58-25.39-25.34-25.4-25.34-61.53H316.92q0 36.23-25.39 61.58-25.4 25.34-61.53 25.34v212.31q36.23 0 61.58 25.4 25.34 25.39 25.34 61.52Zm450 156.16H131.54q-23.5 0-40.6-17.1-17.09-17.1-17.09-40.6v-410.76h45.38v410.76q0 4.62 3.85 8.47 3.85 3.84 8.46 3.84h635.38v45.39ZM242.31-343.85H230V-730h12.31q-5 0-8.66 3.65-3.65 3.66-3.65 8.66v361.53q0 5.01 3.65 8.66 3.66 3.65 8.66 3.65Z\"><\/path><\/svg>\t\t\t\t<\/span>\n\t\t\t<\/div>\n\t\t\t\n\t\t\t\t\t\t<div class=\"elementor-icon-box-content\">\n\n\t\t\t\t\t\t\t\t\t<h3 class=\"elementor-icon-box-title\">\n\t\t\t\t\t\t<span  >\n\t\t\t\t\t\t\tPrecio\t\t\t\t\t\t<\/span>\n\t\t\t\t\t<\/h3>\n\t\t\t\t\n\t\t\t\t\t\t\t\t\t<p class=\"elementor-icon-box-description\">\n\t\t\t\t\t\t300\u20ac + 0,35\u20ac\/km (desplazamiento contado desde Prades, Tarragona).\t\t\t\t\t<\/p>\n\t\t\t\t\n\t\t\t<\/div>\n\t\t\t\n\t\t<\/div>\n\t\t\t\t\t\t<\/div>\n\t\t\t\t<\/div>\n\t\t\t\t<div class=\"elementor-element elementor-element-25e3566a elementor-view-default elementor-position-top elementor-mobile-position-top elementor-widget elementor-widget-icon-box\" data-id=\"25e3566a\" data-element_type=\"widget\" data-widget_type=\"icon-box.default\">\n\t\t\t\t<div class=\"elementor-widget-container\">\n\t\t\t\t\t\t\t<div class=\"elementor-icon-box-wrapper\">\n\n\t\t\t\t\t\t<div class=\"elementor-icon-box-icon\">\n\t\t\t\t<span  class=\"elementor-icon\">\n\t\t\t\t<svg xmlns=\"http:\/\/www.w3.org\/2000\/svg\" height=\"48px\" viewBox=\"0 -960 960 960\" width=\"48px\" fill=\"Currentcolor\"><path d=\"M459.54-290h45.38v-164.46H670v-45.39H504.92V-670h-45.38v170.15H290v45.39h169.54V-290Zm20.79 190q-78.95 0-147.89-29.92-68.95-29.92-120.76-81.71-51.81-51.79-81.75-120.78Q100-401.39 100-480.43q0-78.66 29.92-147.87 29.92-69.21 81.71-120.52 51.79-51.31 120.78-81.25Q401.39-860 480.43-860q78.66 0 147.87 29.92 69.21 29.92 120.52 81.21 51.31 51.29 81.25 120.63Q860-558.9 860-480.33q0 78.95-29.92 147.89-29.92 68.95-81.21 120.57-51.29 51.63-120.63 81.75Q558.9-100 480.33-100Zm.17-45.39q139.19 0 236.65-97.76 97.46-97.77 97.46-237.35 0-139.19-97.27-236.65-97.27-97.46-237.34-97.46-139.08 0-236.85 97.27-97.76 97.27-97.76 237.34 0 139.08 97.76 236.85 97.77 97.76 237.35 97.76ZM480-480Z\"><\/path><\/svg>\t\t\t\t<\/span>\n\t\t\t<\/div>\n\t\t\t\n\t\t\t\t\t\t<div class=\"elementor-icon-box-content\">\n\n\t\t\t\t\t\t\t\t\t<h3 class=\"elementor-icon-box-title\">\n\t\t\t\t\t\t<span  >\n\t\t\t\t\t\t\tOpcional\t\t\t\t\t\t<\/span>\n\t\t\t\t\t<\/h3>\n\t\t\t\t\n\t\t\t\t\t\t\t\t\t<p class=\"elementor-icon-box-description\">\n\t\t\t\t\t\tObservaci\u00f3n del Sol y\/o la Luna con telescopios automatizados \u2013 precio: 200\u20ac (m\u00e1ximo 30 alumnos; 2\u20ac alumno extra)\t\t\t\t\t<\/p>\n\t\t\t\t\n\t\t\t<\/div>\n\t\t\t\n\t\t<\/div>\n\t\t\t\t\t\t<\/div>\n\t\t\t\t<\/div>\n\t\t\t\t<\/div>\n\t\t\t\t<\/div>\n\t\t\t\t\t<\/div>\n\t\t\t\t<\/div>\n\t\t<div class=\"elementor-element elementor-element-50b4044 e-flex e-con-boxed e-con e-parent\" data-id=\"50b4044\" data-element_type=\"container\" data-settings=\"{&quot;background_background&quot;:&quot;classic&quot;}\">\n\t\t\t\t\t<div class=\"e-con-inner\">\n\t\t<div class=\"elementor-element elementor-element-7fcc5679 e-con-full e-flex e-con e-child\" data-id=\"7fcc5679\" data-element_type=\"container\" data-settings=\"{&quot;background_background&quot;:&quot;classic&quot;}\">\n\t\t<div class=\"elementor-element elementor-element-21679bb6 e-con-full e-flex e-con e-child\" data-id=\"21679bb6\" data-element_type=\"container\" data-settings=\"{&quot;background_background&quot;:&quot;classic&quot;}\">\n\t\t\t\t<div class=\"elementor-element elementor-element-257b3a39 elementor-view-default elementor-widget elementor-widget-icon\" data-id=\"257b3a39\" data-element_type=\"widget\" data-widget_type=\"icon.default\">\n\t\t\t\t<div class=\"elementor-widget-container\">\n\t\t\t\t\t\t\t<div class=\"elementor-icon-wrapper\">\n\t\t\t<div class=\"elementor-icon\">\n\t\t\t<svg xmlns=\"http:\/\/www.w3.org\/2000\/svg\" height=\"48px\" viewBox=\"0 -960 960 960\" width=\"48px\" fill=\"Currentcolor\"><path d=\"M157.69-180q-23.53 0-40.61-17.08T100-237.69v-484.62q0-23.53 17.08-40.61T157.69-780h644.62q23.53 0 40.61 17.08T860-722.31v484.62q0 23.53-17.08 40.61T802.31-180H157.69ZM480-473.92 145.39-695.39v457.7q0 5.38 3.46 8.84t8.84 3.46h644.62q5.38 0 8.84-3.46t3.46-8.84v-457.7L480-473.92Zm0-47.7 325.61-212.99H155.39L480-521.62ZM145.39-695.39v-39.22V-237.69q0 5.38 3.46 8.84t8.84 3.46h-12.3v-470Z\"><\/path><\/svg>\t\t\t<\/div>\n\t\t<\/div>\n\t\t\t\t\t\t<\/div>\n\t\t\t\t<\/div>\n\t\t\t\t<div class=\"elementor-element elementor-element-3342352a nogap elementor-widget__width-initial elementor-widget elementor-widget-text-editor\" data-id=\"3342352a\" data-element_type=\"widget\" data-widget_type=\"text-editor.default\">\n\t\t\t\t<div class=\"elementor-widget-container\">\n\t\t\t\t\t\t\t\t\t<p style=\"text-align: center;\"><strong>Para reservar la sesi\u00f3n hay que enviar un correo a<\/strong> <a href=\"mailto:info@www.parcastronomicprades.cat\"><strong>info@parcastronomicprades.cat<\/strong><\/a><strong> con la fecha propuesta. Se les enviar\u00e1 un enlace para hacer el pago y as\u00ed dejar la fecha reservada a nuestro calendario. Se recomienda hacerlo con la m\u00e1xima antelaci\u00f3n posible.<\/strong><\/p>\t\t\t\t\t\t\t\t<\/div>\n\t\t\t\t<\/div>\n\t\t\t\t<\/div>\n\t\t\t\t<\/div>\n\t\t\t\t\t<\/div>\n\t\t\t\t<\/div>\n\t\t<div class=\"elementor-element elementor-element-fd364d5 e-con-full e-flex e-con e-parent\" data-id=\"fd364d5\" data-element_type=\"container\">\n\t\t\t\t<\/div>\n\t\t\t\t<\/div>\n\t\t","protected":false},"excerpt":{"rendered":"<p>Descubre el fant\u00e1stic cielo de Prades Hab\u00e9is pensado celebrar la Semana de la Ciencia de una forma diferente? Est\u00e1is preparando [&hellip;]<\/p>\n","protected":false},"author":1,"featured_media":0,"parent":0,"menu_order":0,"comment_status":"closed","ping_status":"closed","template":"","meta":{"_acf_changed":false,"site-sidebar-layout":"default","site-content-layout":"","ast-site-content-layout":"default","site-content-style":"default","site-sidebar-style":"default","ast-global-header-display":"","ast-banner-title-visibility":"","ast-main-header-display":"","ast-hfb-above-header-display":"","ast-hfb-below-header-display":"","ast-hfb-mobile-header-display":"","site-post-title":"","ast-breadcrumbs-content":"","ast-featured-img":"","footer-sml-layout":"","theme-transparent-header-meta":"","adv-header-id-meta":"","stick-header-meta":"","header-above-stick-meta":"","header-main-stick-meta":"","header-below-stick-meta":"","astra-migrate-meta-layouts":"default","ast-page-background-enabled":"default","ast-page-background-meta":{"desktop":{"background-color":"var(--ast-global-color-5)","background-image":"","background-repeat":"repeat","background-position":"center center","background-size":"auto","background-attachment":"scroll","background-type":"","background-media":"","overlay-type":"","overlay-color":"","overlay-opacity":"","overlay-gradient":""},"tablet":{"background-color":"","background-image":"","background-repeat":"repeat","background-position":"center center","background-size":"auto","background-attachment":"scroll","background-type":"","background-media":"","overlay-type":"","overlay-color":"","overlay-opacity":"","overlay-gradient":""},"mobile":{"background-color":"","background-image":"","background-repeat":"repeat","background-position":"center center","background-size":"auto","background-attachment":"scroll","background-type":"","background-media":"","overlay-type":"","overlay-color":"","overlay-opacity":"","overlay-gradient":""}},"ast-content-background-meta":{"desktop":{"background-color":"var(--ast-global-color-4)","background-image":"","background-repeat":"repeat","background-position":"center center","background-size":"auto","background-attachment":"scroll","background-type":"","background-media":"","overlay-type":"","overlay-color":"","overlay-opacity":"","overlay-gradient":""},"tablet":{"background-color":"var(--ast-global-color-4)","background-image":"","background-repeat":"repeat","background-position":"center center","background-size":"auto","background-attachment":"scroll","background-type":"","background-media":"","overlay-type":"","overlay-color":"","overlay-opacity":"","overlay-gradient":""},"mobile":{"background-color":"var(--ast-global-color-4)","background-image":"","background-repeat":"repeat","background-position":"center center","background-size":"auto","background-attachment":"scroll","background-type":"","background-media":"","overlay-type":"","overlay-color":"","overlay-opacity":"","overlay-gradient":""}},"footnotes":""},"class_list":["post-4368","page","type-page","status-publish","hentry"],"acf":[],"_links":{"self":[{"href":"https:\/\/www.parcastronomicprades.cat\/es\/wp-json\/wp\/v2\/pages\/4368","targetHints":{"allow":["GET"]}}],"collection":[{"href":"https:\/\/www.parcastronomicprades.cat\/es\/wp-json\/wp\/v2\/pages"}],"about":[{"href":"https:\/\/www.parcastronomicprades.cat\/es\/wp-json\/wp\/v2\/types\/page"}],"author":[{"embeddable":true,"href":"https:\/\/www.parcastronomicprades.cat\/es\/wp-json\/wp\/v2\/users\/1"}],"replies":[{"embeddable":true,"href":"https:\/\/www.parcastronomicprades.cat\/es\/wp-json\/wp\/v2\/comments?post=4368"}],"version-history":[{"count":23,"href":"https:\/\/www.parcastronomicprades.cat\/es\/wp-json\/wp\/v2\/pages\/4368\/revisions"}],"predecessor-version":[{"id":95501,"href":"https:\/\/www.parcastronomicprades.cat\/es\/wp-json\/wp\/v2\/pages\/4368\/revisions\/95501"}],"wp:attachment":[{"href":"https:\/\/www.parcastronomicprades.cat\/es\/wp-json\/wp\/v2\/media?parent=4368"}],"curies":[{"name":"wp","href":"https:\/\/api.w.org\/{rel}","templated":true}]}}