{"id":4360,"date":"2020-06-30T07:26:09","date_gmt":"2020-06-30T06:26:09","guid":{"rendered":"https:\/\/www.parcastronomicprades.cat\/sesion-astronomica-nocturna-360\/"},"modified":"2025-07-07T17:37:04","modified_gmt":"2025-07-07T16:37:04","slug":"sesion-astronomica-nocturna-360","status":"publish","type":"page","link":"https:\/\/www.parcastronomicprades.cat\/es\/sesion-astronomica-nocturna-360\/","title":{"rendered":"Sesi\u00f3n Astron\u00f3mica Nocturna"},"content":{"rendered":"\t\t<div data-elementor-type=\"wp-page\" data-elementor-id=\"4360\" class=\"elementor elementor-4360 elementor-586\" data-elementor-post-type=\"page\">\n\t\t\t\t<div class=\"elementor-element elementor-element-3cbf9e3 e-con-full e-flex e-con e-parent\" data-id=\"3cbf9e3\" data-element_type=\"container\" data-settings=\"{&quot;background_background&quot;:&quot;classic&quot;}\">\n\t\t<div class=\"elementor-element elementor-element-0fc27f4 e-con-full e-flex e-con e-child\" data-id=\"0fc27f4\" data-element_type=\"container\">\n\t\t\t\t<div class=\"elementor-element elementor-element-e68be5a elementor-widget elementor-widget-heading\" data-id=\"e68be5a\" data-element_type=\"widget\" data-widget_type=\"heading.default\">\n\t\t\t\t<div class=\"elementor-widget-container\">\n\t\t\t\t\t<h1 class=\"elementor-heading-title elementor-size-default\">Sesi\u00f3n Astron\u00f3mica Nocturna<\/h1>\t\t\t\t<\/div>\n\t\t\t\t<\/div>\n\t\t\t\t<div class=\"elementor-element elementor-element-0a321bc nogap elementor-widget elementor-widget-text-editor\" data-id=\"0a321bc\" data-element_type=\"widget\" data-widget_type=\"text-editor.default\">\n\t\t\t\t<div class=\"elementor-widget-container\">\n\t\t\t\t\t\t\t\t\t<p><strong>Descubre el fant\u00e1stic cielo de Prades<\/strong><\/p>\t\t\t\t\t\t\t\t<\/div>\n\t\t\t\t<\/div>\n\t\t\t\t<\/div>\n\t\t<div class=\"elementor-element elementor-element-4e11af4 e-con-full elementor-hidden-mobile e-flex e-con e-child\" data-id=\"4e11af4\" data-element_type=\"container\">\n\t\t\t\t<\/div>\n\t\t\t\t<\/div>\n\t\t<div class=\"elementor-element elementor-element-2352522 e-con-full e-flex e-con e-parent\" data-id=\"2352522\" data-element_type=\"container\">\n\t\t\t\t<\/div>\n\t\t<div class=\"elementor-element elementor-element-1ed817fd e-flex e-con-boxed e-con e-parent\" data-id=\"1ed817fd\" data-element_type=\"container\" data-settings=\"{&quot;background_background&quot;:&quot;classic&quot;}\">\n\t\t\t\t\t<div class=\"e-con-inner\">\n\t\t<div class=\"elementor-element elementor-element-ff5fc8c e-con-full e-flex e-con e-child\" data-id=\"ff5fc8c\" data-element_type=\"container\">\n\t\t\t\t<div class=\"elementor-element elementor-element-5147c96d elementor-widget elementor-widget-text-editor\" data-id=\"5147c96d\" data-element_type=\"widget\" data-widget_type=\"text-editor.default\">\n\t\t\t\t<div class=\"elementor-widget-container\">\n\t\t\t\t\t\t\t\t\t<p>En qu\u00e9 consiste la experiencia?<\/p><p><strong>En el Centro de Visitantes del Parque Astron\u00f3mico Monta\u00f1as de Prades:<\/strong><\/p><ol><li>Sesi\u00f3n en el<strong> Planetario 360\u00ba Full Dome<\/strong> con las m\u00e1s espectaculares producciones y simulaciones del universo comentadas en directo por nuestros <strong>Gu\u00edas Starlight<\/strong>. Una experiencia inmersiva que cautivar\u00e1 la atenci\u00f3n de los alumnos.<\/li><li>Repaso audiovisual con <strong>los contenidos de astronom\u00eda acordados con el Centro Educativo<\/strong> previamente.<\/li><li>Recorrido virtual por los fant\u00e1sticos cielos nocturnos del Parque Astron\u00f3mico Monta\u00f1as de Prades, su protecci\u00f3n y preservaci\u00f3n. <strong>Una mirada hacia un presente y futuro sostenibles<\/strong>.<\/li><li>Explicaci\u00f3n en detalle de los objetos a observar en esta sesi\u00f3n (seg\u00fan la \u00e9poca del a\u00f1o podremos observar unos objetos u otros).<\/li><\/ol><p><strong>En el Mirador Astron\u00f3mico de Sant Roc:<\/strong><\/p><ul><li>Observaci\u00f3n con <strong>telescopios automatizados y recorrido comentado y guiado con l\u00e1ser verde<\/strong> por las <strong>constelaciones y su mitolog\u00eda<\/strong>. Lo haremos desde el Mirador Astron\u00f3mico de Santo Roc, uno de los primeros miradores astron\u00f3micos de Catalu\u00f1a, en un en torno a gran belleza, con visi\u00f3n del cielo de 360\u00b0.<\/li><\/ul>\t\t\t\t\t\t\t\t<\/div>\n\t\t\t\t<\/div>\n\t\t\t\t<\/div>\n\t\t\t\t\t<\/div>\n\t\t\t\t<\/div>\n\t\t<div class=\"elementor-element elementor-element-77508849 e-flex e-con-boxed e-con e-parent\" data-id=\"77508849\" data-element_type=\"container\" data-settings=\"{&quot;background_background&quot;:&quot;classic&quot;}\">\n\t\t\t\t\t<div class=\"e-con-inner\">\n\t\t<div class=\"elementor-element elementor-element-c40e20 e-con-full e-flex e-con e-child\" data-id=\"c40e20\" data-element_type=\"container\" data-settings=\"{&quot;background_background&quot;:&quot;classic&quot;}\">\n\t\t\t\t<div class=\"elementor-element elementor-element-6c0bf5b1 elementor-view-default elementor-widget elementor-widget-icon\" data-id=\"6c0bf5b1\" data-element_type=\"widget\" data-widget_type=\"icon.default\">\n\t\t\t\t<div class=\"elementor-widget-container\">\n\t\t\t\t\t\t\t<div class=\"elementor-icon-wrapper\">\n\t\t\t<div class=\"elementor-icon\">\n\t\t\t<svg xmlns=\"http:\/\/www.w3.org\/2000\/svg\" height=\"48px\" viewBox=\"0 -960 960 960\" width=\"48px\" fill=\"Currentcolor\"><path d=\"M157.69-180q-23.53 0-40.61-17.08T100-237.69v-484.62q0-23.53 17.08-40.61T157.69-780h644.62q23.53 0 40.61 17.08T860-722.31v484.62q0 23.53-17.08 40.61T802.31-180H157.69ZM480-473.92 145.39-695.39v457.7q0 5.38 3.46 8.84t8.84 3.46h644.62q5.38 0 8.84-3.46t3.46-8.84v-457.7L480-473.92Zm0-47.7 325.61-212.99H155.39L480-521.62ZM145.39-695.39v-39.22V-237.69q0 5.38 3.46 8.84t8.84 3.46h-12.3v-470Z\"><\/path><\/svg>\t\t\t<\/div>\n\t\t<\/div>\n\t\t\t\t\t\t<\/div>\n\t\t\t\t<\/div>\n\t\t\t\t<div class=\"elementor-element elementor-element-68a4c207 nogap elementor-widget elementor-widget-text-editor\" data-id=\"68a4c207\" data-element_type=\"widget\" data-widget_type=\"text-editor.default\">\n\t\t\t\t<div class=\"elementor-widget-container\">\n\t\t\t\t\t\t\t\t\t<p style=\"text-align: center;\"><strong>Para reservar la sesi\u00f3n hay que enviar un correo a<\/strong> <a href=\"mailto:info@www.parcastronomicprades.cat\"><strong>info@parcastronomicprades.cat<\/strong><\/a><strong> con la fecha propuesta. Se les enviar\u00e1 un enlace para hacer el pago y as\u00ed dejar la fecha reservada a nuestro calendario. Se recomienda hacerlo con la m\u00e1xima antelaci\u00f3n posible.<\/strong><\/p>\t\t\t\t\t\t\t\t<\/div>\n\t\t\t\t<\/div>\n\t\t\t\t<\/div>\n\t\t<div class=\"elementor-element elementor-element-c56986f e-con-full e-flex e-con e-child\" data-id=\"c56986f\" data-element_type=\"container\" data-settings=\"{&quot;background_background&quot;:&quot;classic&quot;}\">\n\t\t\t\t<div class=\"elementor-element elementor-element-bbfcbf1 elementor-view-default elementor-widget elementor-widget-icon\" data-id=\"bbfcbf1\" data-element_type=\"widget\" data-widget_type=\"icon.default\">\n\t\t\t\t<div class=\"elementor-widget-container\">\n\t\t\t\t\t\t\t<div class=\"elementor-icon-wrapper\">\n\t\t\t<div class=\"elementor-icon\">\n\t\t\t<svg xmlns=\"http:\/\/www.w3.org\/2000\/svg\" height=\"48px\" viewBox=\"0 -960 960 960\" width=\"48px\" fill=\"Currentcolor\"><path d=\"M70.31-187.69v-75.93q0-31.53 16.27-55.8 16.27-24.27 45.55-37.15 64.95-28.51 118.64-42.51 53.69-14 119.73-14t119.23 14q53.19 14 118.52 42.51 28.9 12.88 45.48 37.15 16.58 24.27 16.58 55.8v75.93h-600Zm665.38 0v-74.77q0-53.39-24.86-89.07-24.87-35.69-64.98-58.39 53.23 7.61 101.15 20.81 47.92 13.19 80.17 29.74 28.37 15.91 45.44 40.89 17.08 24.99 17.08 56.02v74.77h-154ZM370.5-492.92q-57.94 0-95.41-37.47-37.47-37.48-37.47-95.42 0-57.94 37.47-95.22t95.41-37.28q57.94 0 95.22 37.28T503-625.81q0 57.94-37.28 95.42-37.28 37.47-95.22 37.47Zm315.96-132.89q0 57.94-37.28 95.42-37.28 37.47-95.36 37.47-6.82 0-14.55-.93-7.73-.92-14.5-3.38 21.43-23.37 32.52-56.12 11.09-32.75 11.09-72.31 0-39.57-11.53-70.61-11.54-31.04-32.08-58.11 6.38-1.46 14.5-2.7 8.11-1.23 14.5-1.23 58.13 0 95.41 37.28 37.28 37.28 37.28 95.22ZM115.69-233.08h509.23v-30.54q0-16-9.11-30.03-9.12-14.04-26.19-22.35-62.77-29.31-110.62-40.5-47.84-11.19-108.5-11.19-60.65 0-108.81 11.19-48.15 11.19-110.92 40.5-17.08 8.31-26.08 22.35-9 14.03-9 30.03v30.54Zm254.62-305.23q37.46 0 62.38-24.92 24.93-24.92 24.93-62.38 0-37.47-24.93-62.39-24.92-24.92-62.38-24.92T307.92-688Q283-663.08 283-625.61q0 37.46 24.92 62.38 24.93 24.92 62.39 24.92Zm0 305.23Zm0-392.53Z\"><\/path><\/svg>\t\t\t<\/div>\n\t\t<\/div>\n\t\t\t\t\t\t<\/div>\n\t\t\t\t<\/div>\n\t\t\t\t<div class=\"elementor-element elementor-element-2d3b0156 elementor-widget elementor-widget-text-editor\" data-id=\"2d3b0156\" data-element_type=\"widget\" data-widget_type=\"text-editor.default\">\n\t\t\t\t<div class=\"elementor-widget-container\">\n\t\t\t\t\t\t\t\t\t<p>Precio por alumno de la Sesi\u00f3n Astron\u00f3mica Nocturna: 14\u20ac<\/p><p>*Grupo m\u00ednimo de 25 alumnos.<\/p><p>**Profesorado gratuito.<\/p>\t\t\t\t\t\t\t\t<\/div>\n\t\t\t\t<\/div>\n\t\t\t\t<\/div>\n\t\t\t\t\t<\/div>\n\t\t\t\t<\/div>\n\t\t<div class=\"elementor-element elementor-element-6c9c65d1 e-con-full e-flex e-con e-parent\" data-id=\"6c9c65d1\" data-element_type=\"container\">\n\t\t\t\t<\/div>\n\t\t\t\t<\/div>\n\t\t","protected":false},"excerpt":{"rendered":"<p>Descubre el fant\u00e1stic cielo de Prades En qu\u00e9 consiste la experiencia? En el Centro de Visitantes del Parque Astron\u00f3mico Monta\u00f1as [&hellip;]<\/p>\n","protected":false},"author":1,"featured_media":0,"parent":0,"menu_order":0,"comment_status":"closed","ping_status":"closed","template":"","meta":{"_acf_changed":false,"site-sidebar-layout":"default","site-content-layout":"","ast-site-content-layout":"default","site-content-style":"default","site-sidebar-style":"default","ast-global-header-display":"","ast-banner-title-visibility":"","ast-main-header-display":"","ast-hfb-above-header-display":"","ast-hfb-below-header-display":"","ast-hfb-mobile-header-display":"","site-post-title":"","ast-breadcrumbs-content":"","ast-featured-img":"","footer-sml-layout":"","theme-transparent-header-meta":"","adv-header-id-meta":"","stick-header-meta":"","header-above-stick-meta":"","header-main-stick-meta":"","header-below-stick-meta":"","astra-migrate-meta-layouts":"default","ast-page-background-enabled":"default","ast-page-background-meta":{"desktop":{"background-color":"var(--ast-global-color-5)","background-image":"","background-repeat":"repeat","background-position":"center center","background-size":"auto","background-attachment":"scroll","background-type":"","background-media":"","overlay-type":"","overlay-color":"","overlay-opacity":"","overlay-gradient":""},"tablet":{"background-color":"","background-image":"","background-repeat":"repeat","background-position":"center center","background-size":"auto","background-attachment":"scroll","background-type":"","background-media":"","overlay-type":"","overlay-color":"","overlay-opacity":"","overlay-gradient":""},"mobile":{"background-color":"","background-image":"","background-repeat":"repeat","background-position":"center center","background-size":"auto","background-attachment":"scroll","background-type":"","background-media":"","overlay-type":"","overlay-color":"","overlay-opacity":"","overlay-gradient":""}},"ast-content-background-meta":{"desktop":{"background-color":"var(--ast-global-color-4)","background-image":"","background-repeat":"repeat","background-position":"center center","background-size":"auto","background-attachment":"scroll","background-type":"","background-media":"","overlay-type":"","overlay-color":"","overlay-opacity":"","overlay-gradient":""},"tablet":{"background-color":"var(--ast-global-color-4)","background-image":"","background-repeat":"repeat","background-position":"center center","background-size":"auto","background-attachment":"scroll","background-type":"","background-media":"","overlay-type":"","overlay-color":"","overlay-opacity":"","overlay-gradient":""},"mobile":{"background-color":"var(--ast-global-color-4)","background-image":"","background-repeat":"repeat","background-position":"center center","background-size":"auto","background-attachment":"scroll","background-type":"","background-media":"","overlay-type":"","overlay-color":"","overlay-opacity":"","overlay-gradient":""}},"footnotes":""},"class_list":["post-4360","page","type-page","status-publish","hentry"],"acf":[],"_links":{"self":[{"href":"https:\/\/www.parcastronomicprades.cat\/es\/wp-json\/wp\/v2\/pages\/4360","targetHints":{"allow":["GET"]}}],"collection":[{"href":"https:\/\/www.parcastronomicprades.cat\/es\/wp-json\/wp\/v2\/pages"}],"about":[{"href":"https:\/\/www.parcastronomicprades.cat\/es\/wp-json\/wp\/v2\/types\/page"}],"author":[{"embeddable":true,"href":"https:\/\/www.parcastronomicprades.cat\/es\/wp-json\/wp\/v2\/users\/1"}],"replies":[{"embeddable":true,"href":"https:\/\/www.parcastronomicprades.cat\/es\/wp-json\/wp\/v2\/comments?post=4360"}],"version-history":[{"count":24,"href":"https:\/\/www.parcastronomicprades.cat\/es\/wp-json\/wp\/v2\/pages\/4360\/revisions"}],"predecessor-version":[{"id":95492,"href":"https:\/\/www.parcastronomicprades.cat\/es\/wp-json\/wp\/v2\/pages\/4360\/revisions\/95492"}],"wp:attachment":[{"href":"https:\/\/www.parcastronomicprades.cat\/es\/wp-json\/wp\/v2\/media?parent=4360"}],"curies":[{"name":"wp","href":"https:\/\/api.w.org\/{rel}","templated":true}]}}