{"id":4223,"date":"2020-08-10T09:27:15","date_gmt":"2020-08-10T08:27:15","guid":{"rendered":"https:\/\/www.parcastronomicprades.cat\/error-404-pagina-no-encontrada\/"},"modified":"2025-07-07T17:57:00","modified_gmt":"2025-07-07T16:57:00","slug":"error-404-pagina-no-encontrada","status":"publish","type":"page","link":"https:\/\/www.parcastronomicprades.cat\/es\/error-404-pagina-no-encontrada\/","title":{"rendered":"Error 404 &#8211; P\u00e1gina no encontrada"},"content":{"rendered":"\t\t<div data-elementor-type=\"wp-page\" data-elementor-id=\"4223\" class=\"elementor elementor-4223 elementor-3844\" data-elementor-post-type=\"page\">\n\t\t\t\t<div class=\"elementor-element elementor-element-e551caa e-con-full e-flex e-con e-parent\" data-id=\"e551caa\" data-element_type=\"container\" data-settings=\"{&quot;background_background&quot;:&quot;classic&quot;}\">\n\t\t<div class=\"elementor-element elementor-element-2c64c7a e-con-full e-flex e-con e-child\" data-id=\"2c64c7a\" data-element_type=\"container\">\n\t\t\t\t<div class=\"elementor-element elementor-element-b2fe46f elementor-widget elementor-widget-heading\" data-id=\"b2fe46f\" data-element_type=\"widget\" data-widget_type=\"heading.default\">\n\t\t\t\t<div class=\"elementor-widget-container\">\n\t\t\t\t\t<h1 class=\"elementor-heading-title elementor-size-default\">Error 404 &#8211; P\u00e1gina no encontrada<\/h1>\t\t\t\t<\/div>\n\t\t\t\t<\/div>\n\t\t\t\t<\/div>\n\t\t<div class=\"elementor-element elementor-element-0547753 e-con-full elementor-hidden-mobile e-flex e-con e-child\" data-id=\"0547753\" data-element_type=\"container\">\n\t\t\t\t<\/div>\n\t\t\t\t<\/div>\n\t\t<div class=\"elementor-element elementor-element-62ab7389 e-flex e-con-boxed e-con e-parent\" data-id=\"62ab7389\" data-element_type=\"container\" data-settings=\"{&quot;background_background&quot;:&quot;classic&quot;}\">\n\t\t\t\t\t<div class=\"e-con-inner\">\n\t\t<div class=\"elementor-element elementor-element-756327d9 e-con-full e-flex e-con e-child\" data-id=\"756327d9\" data-element_type=\"container\">\n\t\t\t\t<div class=\"elementor-element elementor-element-1e815ced tb elementor-widget elementor-widget-text-editor\" data-id=\"1e815ced\" data-element_type=\"widget\" data-widget_type=\"text-editor.default\">\n\t\t\t\t<div class=\"elementor-widget-container\">\n\t\t\t\t\t\t\t\t\t<p data-start=\"132\" data-end=\"233\"><strong data-start=\"132\" data-end=\"156\">Algo no ha ido bien.<\/strong><br data-start=\"156\" data-end=\"159\" \/>Parece que la p\u00e1gina que buscas ya no est\u00e1 disponible. Quiz\u00e1s te interese:<\/p><hr data-start=\"235\" data-end=\"238\" \/><ul data-start=\"240\" data-end=\"674\"><li data-start=\"240\" data-end=\"431\"><p data-start=\"242\" data-end=\"431\"><strong data-start=\"242\" data-end=\"272\">Calendario de Experiencias<\/strong><br data-start=\"272\" data-end=\"275\" \/><a class=\"\" href=\"https:\/\/www.parcastronomicprades.cat\/es\/experiencies\/?orderby=eventdate-asc\" target=\"_new\" rel=\"noopener\" data-start=\"277\" data-end=\"431\">https:\/\/www.parcastronomicprades.cat\/es\/experiencies\/?orderby=eventdate-asc<\/a><\/p><\/li><li data-start=\"433\" data-end=\"538\"><p data-start=\"435\" data-end=\"538\"><strong data-start=\"435\" data-end=\"455\">Volver al inicio<\/strong><br data-start=\"455\" data-end=\"458\" \/><a class=\"\" href=\"https:\/\/www.parcastronomicprades.cat\/\" target=\"_new\" rel=\"noopener\" data-start=\"460\" data-end=\"538\">https:\/\/www.parcastronomicprades.cat\/<\/a><\/p><\/li><li data-start=\"540\" data-end=\"674\"><p data-start=\"542\" data-end=\"674\"><strong data-start=\"542\" data-end=\"567\">Contacta con nosotros<\/strong><br data-start=\"567\" data-end=\"570\" \/><a class=\"\" href=\"https:\/\/www.parcastronomicprades.cat\/es\/contacto\/\" target=\"_new\" rel=\"noopener\" data-start=\"572\" data-end=\"674\">https:\/\/www.parcastronomicprades.cat\/es\/contacto\/<\/a><\/p><\/li><\/ul>\t\t\t\t\t\t\t\t<\/div>\n\t\t\t\t<\/div>\n\t\t\t\t<\/div>\n\t\t\t\t\t<\/div>\n\t\t\t\t<\/div>\n\t\t\t\t<\/div>\n\t\t","protected":false},"excerpt":{"rendered":"<p>Algo no ha ido bien.Parece que la p\u00e1gina que buscas ya no est\u00e1 disponible. Quiz\u00e1s te interese: Calendario de Experienciashttps:\/\/www.parcastronomicprades.cat\/es\/experiencies\/?orderby=eventdate-asc [&hellip;]<\/p>\n","protected":false},"author":1,"featured_media":0,"parent":0,"menu_order":0,"comment_status":"closed","ping_status":"closed","template":"","meta":{"_acf_changed":false,"site-sidebar-layout":"default","site-content-layout":"","ast-site-content-layout":"default","site-content-style":"default","site-sidebar-style":"default","ast-global-header-display":"","ast-banner-title-visibility":"","ast-main-header-display":"","ast-hfb-above-header-display":"","ast-hfb-below-header-display":"","ast-hfb-mobile-header-display":"","site-post-title":"","ast-breadcrumbs-content":"","ast-featured-img":"","footer-sml-layout":"","theme-transparent-header-meta":"","adv-header-id-meta":"","stick-header-meta":"","header-above-stick-meta":"","header-main-stick-meta":"","header-below-stick-meta":"","astra-migrate-meta-layouts":"default","ast-page-background-enabled":"default","ast-page-background-meta":{"desktop":{"background-color":"var(--ast-global-color-5)","background-image":"","background-repeat":"repeat","background-position":"center center","background-size":"auto","background-attachment":"scroll","background-type":"","background-media":"","overlay-type":"","overlay-color":"","overlay-opacity":"","overlay-gradient":""},"tablet":{"background-color":"","background-image":"","background-repeat":"repeat","background-position":"center center","background-size":"auto","background-attachment":"scroll","background-type":"","background-media":"","overlay-type":"","overlay-color":"","overlay-opacity":"","overlay-gradient":""},"mobile":{"background-color":"","background-image":"","background-repeat":"repeat","background-position":"center center","background-size":"auto","background-attachment":"scroll","background-type":"","background-media":"","overlay-type":"","overlay-color":"","overlay-opacity":"","overlay-gradient":""}},"ast-content-background-meta":{"desktop":{"background-color":"var(--ast-global-color-4)","background-image":"","background-repeat":"repeat","background-position":"center center","background-size":"auto","background-attachment":"scroll","background-type":"","background-media":"","overlay-type":"","overlay-color":"","overlay-opacity":"","overlay-gradient":""},"tablet":{"background-color":"var(--ast-global-color-4)","background-image":"","background-repeat":"repeat","background-position":"center center","background-size":"auto","background-attachment":"scroll","background-type":"","background-media":"","overlay-type":"","overlay-color":"","overlay-opacity":"","overlay-gradient":""},"mobile":{"background-color":"var(--ast-global-color-4)","background-image":"","background-repeat":"repeat","background-position":"center center","background-size":"auto","background-attachment":"scroll","background-type":"","background-media":"","overlay-type":"","overlay-color":"","overlay-opacity":"","overlay-gradient":""}},"footnotes":""},"class_list":["post-4223","page","type-page","status-publish","hentry"],"acf":[],"_links":{"self":[{"href":"https:\/\/www.parcastronomicprades.cat\/es\/wp-json\/wp\/v2\/pages\/4223","targetHints":{"allow":["GET"]}}],"collection":[{"href":"https:\/\/www.parcastronomicprades.cat\/es\/wp-json\/wp\/v2\/pages"}],"about":[{"href":"https:\/\/www.parcastronomicprades.cat\/es\/wp-json\/wp\/v2\/types\/page"}],"author":[{"embeddable":true,"href":"https:\/\/www.parcastronomicprades.cat\/es\/wp-json\/wp\/v2\/users\/1"}],"replies":[{"embeddable":true,"href":"https:\/\/www.parcastronomicprades.cat\/es\/wp-json\/wp\/v2\/comments?post=4223"}],"version-history":[{"count":17,"href":"https:\/\/www.parcastronomicprades.cat\/es\/wp-json\/wp\/v2\/pages\/4223\/revisions"}],"predecessor-version":[{"id":95563,"href":"https:\/\/www.parcastronomicprades.cat\/es\/wp-json\/wp\/v2\/pages\/4223\/revisions\/95563"}],"wp:attachment":[{"href":"https:\/\/www.parcastronomicprades.cat\/es\/wp-json\/wp\/v2\/media?parent=4223"}],"curies":[{"name":"wp","href":"https:\/\/api.w.org\/{rel}","templated":true}]}}