{"id":4218,"date":"2020-06-10T17:02:13","date_gmt":"2020-06-10T16:02:13","guid":{"rendered":"https:\/\/www.parcastronomicprades.cat\/equipamientos\/"},"modified":"2025-07-07T17:42:15","modified_gmt":"2025-07-07T16:42:15","slug":"equipamientos","status":"publish","type":"page","link":"https:\/\/www.parcastronomicprades.cat\/es\/equipamientos\/","title":{"rendered":"Espacios"},"content":{"rendered":"\t\t<div data-elementor-type=\"wp-page\" data-elementor-id=\"4218\" class=\"elementor elementor-4218 elementor-36\" data-elementor-post-type=\"page\">\n\t\t\t\t<div class=\"elementor-element elementor-element-21f1c11 e-con-full e-flex e-con e-parent\" data-id=\"21f1c11\" data-element_type=\"container\" data-settings=\"{&quot;background_background&quot;:&quot;classic&quot;}\">\n\t\t<div class=\"elementor-element elementor-element-fbe1c2d e-con-full e-flex e-con e-child\" data-id=\"fbe1c2d\" data-element_type=\"container\">\n\t\t\t\t<div class=\"elementor-element elementor-element-5da2290 elementor-widget elementor-widget-heading\" data-id=\"5da2290\" data-element_type=\"widget\" data-widget_type=\"heading.default\">\n\t\t\t\t<div class=\"elementor-widget-container\">\n\t\t\t\t\t<h1 class=\"elementor-heading-title elementor-size-default\">Espacios<\/h1>\t\t\t\t<\/div>\n\t\t\t\t<\/div>\n\t\t\t\t<div class=\"elementor-element elementor-element-1146096 nogap elementor-widget elementor-widget-text-editor\" data-id=\"1146096\" data-element_type=\"widget\" data-widget_type=\"text-editor.default\">\n\t\t\t\t<div class=\"elementor-widget-container\">\n\t\t\t\t\t\t\t\t\t<div class=\"et_pb_module et_pb_text et_pb_text_1 et_pb_text_align_center et_pb_bg_layout_light\"><div class=\"et_pb_text_inner\"><p><strong>Los espacios del Parc Astron\u00f2mic<\/strong><\/p><\/div><\/div>\t\t\t\t\t\t\t\t<\/div>\n\t\t\t\t<\/div>\n\t\t\t\t<\/div>\n\t\t<div class=\"elementor-element elementor-element-0b39f48 e-con-full elementor-hidden-mobile e-flex e-con e-child\" data-id=\"0b39f48\" data-element_type=\"container\">\n\t\t\t\t<\/div>\n\t\t\t\t<\/div>\n\t\t<div class=\"elementor-element elementor-element-59d9a0ed e-con-full e-flex e-con e-parent\" data-id=\"59d9a0ed\" data-element_type=\"container\">\n\t\t\t\t<\/div>\n\t\t<div class=\"elementor-element elementor-element-3fd7e43d e-flex e-con-boxed e-con e-parent\" data-id=\"3fd7e43d\" data-element_type=\"container\" data-settings=\"{&quot;background_background&quot;:&quot;classic&quot;}\">\n\t\t\t\t\t<div class=\"e-con-inner\">\n\t\t\t\t<div class=\"elementor-element elementor-element-651d4d60 elementor-widget elementor-widget-heading\" data-id=\"651d4d60\" data-element_type=\"widget\" data-widget_type=\"heading.default\">\n\t\t\t\t<div class=\"elementor-widget-container\">\n\t\t\t\t\t<h2 class=\"elementor-heading-title elementor-size-default\">Centro de Visitantes del Parque Astron\u00f3mico de las Monta\u00f1as de Prades<\/h2>\t\t\t\t<\/div>\n\t\t\t\t<\/div>\n\t\t\t\t<div class=\"elementor-element elementor-element-1233688d nogap elementor-widget elementor-widget-text-editor\" data-id=\"1233688d\" data-element_type=\"widget\" data-widget_type=\"text-editor.default\">\n\t\t\t\t<div class=\"elementor-widget-container\">\n\t\t\t\t\t\t\t\t\t<div class=\"et_pb_row et_pb_row_1\"><div class=\"et_pb_column et_pb_column_4_4 et_pb_column_1 et_pb_css_mix_blend_mode_passthrough et-last-child\"><div class=\"et_pb_module et_pb_text et_pb_text_3 et_pb_text_align_left et_pb_bg_layout_light\"><div class=\"et_pb_text_inner\"><p>Ubicado en la segunda planta del edificio del Centro C\u00edvico del municipio de Prades, es el espacio principal del Parc Astron\u00f2mic. \u00c9ste se compone de:<\/p><\/div><\/div><\/div><\/div>\t\t\t\t\t\t\t\t<\/div>\n\t\t\t\t<\/div>\n\t\t\t\t\t<\/div>\n\t\t\t\t<\/div>\n\t\t<div class=\"elementor-element elementor-element-6b1d8141 e-grid e-con-boxed e-con e-parent\" data-id=\"6b1d8141\" data-element_type=\"container\">\n\t\t\t\t\t<div class=\"e-con-inner\">\n\t\t<div class=\"elementor-element elementor-element-716a0b1d e-con-full e-flex e-con e-child\" data-id=\"716a0b1d\" data-element_type=\"container\">\n\t\t\t\t<div class=\"elementor-element elementor-element-33e05219 elementor-widget-mobile__width-inherit elementor-widget elementor-widget-image\" data-id=\"33e05219\" data-element_type=\"widget\" data-widget_type=\"image.default\">\n\t\t\t\t<div class=\"elementor-widget-container\">\n\t\t\t\t\t\t\t\t\t\t\t\t\t\t\t<img fetchpriority=\"high\" decoding=\"async\" width=\"961\" height=\"1024\" src=\"https:\/\/www.parcastronomicprades.cat\/wp-content\/uploads\/2025\/07\/Familia-Planetari-360-Saturn-Parc-Astronomic-Muntanyes-de-Prades-scaled-1-961x1024.webp\" class=\"attachment-large size-large wp-image-93674\" alt=\"\" srcset=\"https:\/\/www.parcastronomicprades.cat\/wp-content\/uploads\/2025\/07\/Familia-Planetari-360-Saturn-Parc-Astronomic-Muntanyes-de-Prades-scaled-1-961x1024.webp 961w, https:\/\/www.parcastronomicprades.cat\/wp-content\/uploads\/2025\/07\/Familia-Planetari-360-Saturn-Parc-Astronomic-Muntanyes-de-Prades-scaled-1-281x300.webp 281w, https:\/\/www.parcastronomicprades.cat\/wp-content\/uploads\/2025\/07\/Familia-Planetari-360-Saturn-Parc-Astronomic-Muntanyes-de-Prades-scaled-1-768x819.webp 768w, https:\/\/www.parcastronomicprades.cat\/wp-content\/uploads\/2025\/07\/Familia-Planetari-360-Saturn-Parc-Astronomic-Muntanyes-de-Prades-scaled-1-1441x1536.webp 1441w, https:\/\/www.parcastronomicprades.cat\/wp-content\/uploads\/2025\/07\/Familia-Planetari-360-Saturn-Parc-Astronomic-Muntanyes-de-Prades-scaled-1-1922x2048.webp 1922w, https:\/\/www.parcastronomicprades.cat\/wp-content\/uploads\/2025\/07\/Familia-Planetari-360-Saturn-Parc-Astronomic-Muntanyes-de-Prades-scaled-1-600x639.webp 600w\" sizes=\"(max-width: 961px) 100vw, 961px\" \/>\t\t\t\t\t\t\t\t\t\t\t\t\t\t\t<\/div>\n\t\t\t\t<\/div>\n\t\t\t\t<div class=\"elementor-element elementor-element-5c178b31 elementor-widget elementor-widget-heading\" data-id=\"5c178b31\" data-element_type=\"widget\" data-widget_type=\"heading.default\">\n\t\t\t\t<div class=\"elementor-widget-container\">\n\t\t\t\t\t<h2 class=\"elementor-heading-title elementor-size-default\">Planetari 360\u00ba\n<\/h2>\t\t\t\t<\/div>\n\t\t\t\t<\/div>\n\t\t\t\t<div class=\"elementor-element elementor-element-46722d96 elementor-widget elementor-widget-text-editor\" data-id=\"46722d96\" data-element_type=\"widget\" data-widget_type=\"text-editor.default\">\n\t\t\t\t<div class=\"elementor-widget-container\">\n\t\t\t\t\t\t\t\t\t<p>Planetario 360\u00ba Full Dome para la proyecci\u00f3n, en formato envolvente, de las m\u00e1s extraordinarias producciones y pel\u00edculas del universo. Es tambi\u00e9n un simulador del cielo, las constelaciones y su mitolog\u00eda.<\/p>\t\t\t\t\t\t\t\t<\/div>\n\t\t\t\t<\/div>\n\t\t\t\t<\/div>\n\t\t<div class=\"elementor-element elementor-element-6ff77085 e-con-full e-flex e-con e-child\" data-id=\"6ff77085\" data-element_type=\"container\">\n\t\t\t\t<div class=\"elementor-element elementor-element-7013a477 elementor-widget elementor-widget-image\" data-id=\"7013a477\" data-element_type=\"widget\" data-widget_type=\"image.default\">\n\t\t\t\t<div class=\"elementor-widget-container\">\n\t\t\t\t\t\t\t\t\t\t\t\t\t\t\t<img decoding=\"async\" width=\"1024\" height=\"768\" src=\"https:\/\/www.parcastronomicprades.cat\/wp-content\/uploads\/2025\/07\/Sala-Hypatia-2022-scaled-1-1024x768.webp\" class=\"attachment-large size-large wp-image-92932\" alt=\"\" srcset=\"https:\/\/www.parcastronomicprades.cat\/wp-content\/uploads\/2025\/07\/Sala-Hypatia-2022-scaled-1-1024x768.webp 1024w, https:\/\/www.parcastronomicprades.cat\/wp-content\/uploads\/2025\/07\/Sala-Hypatia-2022-scaled-1-300x225.webp 300w, https:\/\/www.parcastronomicprades.cat\/wp-content\/uploads\/2025\/07\/Sala-Hypatia-2022-scaled-1-768x576.webp 768w, https:\/\/www.parcastronomicprades.cat\/wp-content\/uploads\/2025\/07\/Sala-Hypatia-2022-scaled-1-1536x1152.webp 1536w, https:\/\/www.parcastronomicprades.cat\/wp-content\/uploads\/2025\/07\/Sala-Hypatia-2022-scaled-1-2048x1536.webp 2048w, https:\/\/www.parcastronomicprades.cat\/wp-content\/uploads\/2025\/07\/Sala-Hypatia-2022-scaled-1-600x450.webp 600w\" sizes=\"(max-width: 1024px) 100vw, 1024px\" \/>\t\t\t\t\t\t\t\t\t\t\t\t\t\t\t<\/div>\n\t\t\t\t<\/div>\n\t\t\t\t<div class=\"elementor-element elementor-element-7e0a4c1b elementor-widget elementor-widget-heading\" data-id=\"7e0a4c1b\" data-element_type=\"widget\" data-widget_type=\"heading.default\">\n\t\t\t\t<div class=\"elementor-widget-container\">\n\t\t\t\t\t<h2 class=\"elementor-heading-title elementor-size-default\">Sala HYPATIA\n<\/h2>\t\t\t\t<\/div>\n\t\t\t\t<\/div>\n\t\t\t\t<div class=\"elementor-element elementor-element-7bf8987c elementor-widget elementor-widget-text-editor\" data-id=\"7bf8987c\" data-element_type=\"widget\" data-widget_type=\"text-editor.default\">\n\t\t\t\t<div class=\"elementor-widget-container\">\n\t\t\t\t\t\t\t\t\t<p>Sala de audiovisuales tematizada como una nave espacial en la que se ofrecen nuestros espect\u00e1culos de astronom\u00eda KOMOS y SELENE.<\/p>\t\t\t\t\t\t\t\t<\/div>\n\t\t\t\t<\/div>\n\t\t\t\t<\/div>\n\t\t<div class=\"elementor-element elementor-element-6279bc3c e-con-full e-flex e-con e-child\" data-id=\"6279bc3c\" data-element_type=\"container\">\n\t\t\t\t<div class=\"elementor-element elementor-element-e2be494 elementor-widget elementor-widget-image\" data-id=\"e2be494\" data-element_type=\"widget\" data-widget_type=\"image.default\">\n\t\t\t\t<div class=\"elementor-widget-container\">\n\t\t\t\t\t\t\t\t\t\t\t\t\t\t\t<img decoding=\"async\" width=\"1024\" height=\"578\" src=\"https:\/\/www.parcastronomicprades.cat\/wp-content\/uploads\/2025\/07\/Ermita-de-Sant-Roc-i-Via-Lactia-Aleix-Roig-1024x578-1.jpg\" class=\"attachment-large size-large wp-image-92929\" alt=\"\" srcset=\"https:\/\/www.parcastronomicprades.cat\/wp-content\/uploads\/2025\/07\/Ermita-de-Sant-Roc-i-Via-Lactia-Aleix-Roig-1024x578-1.jpg 1024w, https:\/\/www.parcastronomicprades.cat\/wp-content\/uploads\/2025\/07\/Ermita-de-Sant-Roc-i-Via-Lactia-Aleix-Roig-1024x578-1-300x169.jpg 300w, https:\/\/www.parcastronomicprades.cat\/wp-content\/uploads\/2025\/07\/Ermita-de-Sant-Roc-i-Via-Lactia-Aleix-Roig-1024x578-1-768x434.jpg 768w, https:\/\/www.parcastronomicprades.cat\/wp-content\/uploads\/2025\/07\/Ermita-de-Sant-Roc-i-Via-Lactia-Aleix-Roig-1024x578-1-600x339.jpg 600w\" sizes=\"(max-width: 1024px) 100vw, 1024px\" \/>\t\t\t\t\t\t\t\t\t\t\t\t\t\t\t<\/div>\n\t\t\t\t<\/div>\n\t\t\t\t<div class=\"elementor-element elementor-element-4bf4a535 elementor-widget elementor-widget-heading\" data-id=\"4bf4a535\" data-element_type=\"widget\" data-widget_type=\"heading.default\">\n\t\t\t\t<div class=\"elementor-widget-container\">\n\t\t\t\t\t<h2 class=\"elementor-heading-title elementor-size-default\">Mirador Astron\u00f2mic de Sant Roc\n<\/h2>\t\t\t\t<\/div>\n\t\t\t\t<\/div>\n\t\t\t\t<div class=\"elementor-element elementor-element-6bfdb11f elementor-widget elementor-widget-text-editor\" data-id=\"6bfdb11f\" data-element_type=\"widget\" data-widget_type=\"text-editor.default\">\n\t\t\t\t<div class=\"elementor-widget-container\">\n\t\t\t\t\t\t\t\t\t<p>El primer mirador astron\u00f3mico de Catalu\u00f1a. Un espacio privilegiado para disfrutar de los cielos oscuros de las Monta\u00f1as de Prades y el Montsant.<\/p>\t\t\t\t\t\t\t\t<\/div>\n\t\t\t\t<\/div>\n\t\t\t\t<\/div>\n\t\t\t\t\t<\/div>\n\t\t\t\t<\/div>\n\t\t<div class=\"elementor-element elementor-element-ba070d2 e-flex e-con-boxed e-con e-parent\" data-id=\"ba070d2\" data-element_type=\"container\" data-settings=\"{&quot;background_background&quot;:&quot;classic&quot;}\">\n\t\t\t\t\t<div class=\"e-con-inner\">\n\t\t<div class=\"elementor-element elementor-element-796605df e-con-full e-flex e-con e-child\" data-id=\"796605df\" data-element_type=\"container\">\n\t\t\t\t<div class=\"elementor-element elementor-element-b20ca4b elementor-widget elementor-widget-image\" data-id=\"b20ca4b\" data-element_type=\"widget\" data-widget_type=\"image.default\">\n\t\t\t\t<div class=\"elementor-widget-container\">\n\t\t\t\t\t\t\t\t\t\t\t\t\t\t\t<img loading=\"lazy\" decoding=\"async\" width=\"1024\" height=\"576\" src=\"https:\/\/www.parcastronomicprades.cat\/wp-content\/uploads\/2025\/07\/Circumpolar-PARC-ASTRONOMIC-MUNTANYES-DE-PRADES-scaled-1-1-1024x576.webp\" class=\"attachment-large size-large wp-image-93676\" alt=\"\" srcset=\"https:\/\/www.parcastronomicprades.cat\/wp-content\/uploads\/2025\/07\/Circumpolar-PARC-ASTRONOMIC-MUNTANYES-DE-PRADES-scaled-1-1-1024x576.webp 1024w, https:\/\/www.parcastronomicprades.cat\/wp-content\/uploads\/2025\/07\/Circumpolar-PARC-ASTRONOMIC-MUNTANYES-DE-PRADES-scaled-1-1-300x169.webp 300w, https:\/\/www.parcastronomicprades.cat\/wp-content\/uploads\/2025\/07\/Circumpolar-PARC-ASTRONOMIC-MUNTANYES-DE-PRADES-scaled-1-1-768x432.webp 768w, https:\/\/www.parcastronomicprades.cat\/wp-content\/uploads\/2025\/07\/Circumpolar-PARC-ASTRONOMIC-MUNTANYES-DE-PRADES-scaled-1-1-1536x863.webp 1536w, https:\/\/www.parcastronomicprades.cat\/wp-content\/uploads\/2025\/07\/Circumpolar-PARC-ASTRONOMIC-MUNTANYES-DE-PRADES-scaled-1-1-2048x1151.webp 2048w, https:\/\/www.parcastronomicprades.cat\/wp-content\/uploads\/2025\/07\/Circumpolar-PARC-ASTRONOMIC-MUNTANYES-DE-PRADES-scaled-1-1-600x337.webp 600w\" sizes=\"(max-width: 1024px) 100vw, 1024px\" \/>\t\t\t\t\t\t\t\t\t\t\t\t\t\t\t<\/div>\n\t\t\t\t<\/div>\n\t\t\t\t<\/div>\n\t\t<div class=\"elementor-element elementor-element-1b68b04b e-con-full e-flex e-con e-child\" data-id=\"1b68b04b\" data-element_type=\"container\">\n\t\t\t\t<div class=\"elementor-element elementor-element-207a786f elementor-widget elementor-widget-heading\" data-id=\"207a786f\" data-element_type=\"widget\" data-widget_type=\"heading.default\">\n\t\t\t\t<div class=\"elementor-widget-container\">\n\t\t\t\t\t<h2 class=\"elementor-heading-title elementor-size-default\">Centro Astron\u00f3mico de las Monta\u00f1as de Prades (CAMP)<\/h2>\t\t\t\t<\/div>\n\t\t\t\t<\/div>\n\t\t\t\t<div class=\"elementor-element elementor-element-2c85593e elementor-widget elementor-widget-text-editor\" data-id=\"2c85593e\" data-element_type=\"widget\" data-widget_type=\"text-editor.default\">\n\t\t\t\t<div class=\"elementor-widget-container\">\n\t\t\t\t\t\t\t\t\t<p>Observatorio astrof\u00edsico que se ubicar\u00e1 en el Pla de la Guardia, dentro del t\u00e9rmino municipal de Prades, se convertir\u00e1 en un referente europeo de la investigaci\u00f3n y divulgaci\u00f3n cient\u00edfica. Consistir\u00e1 en una serie de telescopios destinados a uso cient\u00edfico y divulgativo y un planetario.<\/p>\t\t\t\t\t\t\t\t<\/div>\n\t\t\t\t<\/div>\n\t\t\t\t<div class=\"elementor-element elementor-element-7290ca82 elementor-widget elementor-widget-heading\" data-id=\"7290ca82\" data-element_type=\"widget\" data-widget_type=\"heading.default\">\n\t\t\t\t<div class=\"elementor-widget-container\">\n\t\t\t\t\t<h2 class=\"elementor-heading-title elementor-size-default\">Red de Miradores y Senderos Astron\u00f3micos<\/h2>\t\t\t\t<\/div>\n\t\t\t\t<\/div>\n\t\t\t\t<div class=\"elementor-element elementor-element-2c772fe5 elementor-widget elementor-widget-text-editor\" data-id=\"2c772fe5\" data-element_type=\"widget\" data-widget_type=\"text-editor.default\">\n\t\t\t\t<div class=\"elementor-widget-container\">\n\t\t\t\t\t\t\t\t\t<p>Distribuidos a lo largo de todo el territorio del Montsant y las Monta\u00f1as de Prades, ofrecen espacios \u00fanicos para la observaci\u00f3n del universo. El primer mirador astron\u00f3mico de toda la red se ubica en la Ermita de Sant Roc de Prades, se trata del Mirador astron\u00f3mico de Sant Roc.<\/p>\t\t\t\t\t\t\t\t<\/div>\n\t\t\t\t<\/div>\n\t\t\t\t<\/div>\n\t\t\t\t\t<\/div>\n\t\t\t\t<\/div>\n\t\t\t\t<\/div>\n\t\t","protected":false},"excerpt":{"rendered":"<p>Los espacios del Parc Astron\u00f2mic Centro de Visitantes del Parque Astron\u00f3mico de las Monta\u00f1as de Prades Ubicado en la segunda [&hellip;]<\/p>\n","protected":false},"author":1,"featured_media":0,"parent":0,"menu_order":0,"comment_status":"closed","ping_status":"closed","template":"elementor_header_footer","meta":{"_acf_changed":false,"site-sidebar-layout":"default","site-content-layout":"","ast-site-content-layout":"default","site-content-style":"default","site-sidebar-style":"default","ast-global-header-display":"","ast-banner-title-visibility":"","ast-main-header-display":"","ast-hfb-above-header-display":"","ast-hfb-below-header-display":"","ast-hfb-mobile-header-display":"","site-post-title":"","ast-breadcrumbs-content":"","ast-featured-img":"","footer-sml-layout":"","theme-transparent-header-meta":"","adv-header-id-meta":"","stick-header-meta":"","header-above-stick-meta":"","header-main-stick-meta":"","header-below-stick-meta":"","astra-migrate-meta-layouts":"default","ast-page-background-enabled":"default","ast-page-background-meta":{"desktop":{"background-color":"var(--ast-global-color-5)","background-image":"","background-repeat":"repeat","background-position":"center center","background-size":"auto","background-attachment":"scroll","background-type":"","background-media":"","overlay-type":"","overlay-color":"","overlay-opacity":"","overlay-gradient":""},"tablet":{"background-color":"","background-image":"","background-repeat":"repeat","background-position":"center center","background-size":"auto","background-attachment":"scroll","background-type":"","background-media":"","overlay-type":"","overlay-color":"","overlay-opacity":"","overlay-gradient":""},"mobile":{"background-color":"","background-image":"","background-repeat":"repeat","background-position":"center center","background-size":"auto","background-attachment":"scroll","background-type":"","background-media":"","overlay-type":"","overlay-color":"","overlay-opacity":"","overlay-gradient":""}},"ast-content-background-meta":{"desktop":{"background-color":"var(--ast-global-color-4)","background-image":"","background-repeat":"repeat","background-position":"center center","background-size":"auto","background-attachment":"scroll","background-type":"","background-media":"","overlay-type":"","overlay-color":"","overlay-opacity":"","overlay-gradient":""},"tablet":{"background-color":"var(--ast-global-color-4)","background-image":"","background-repeat":"repeat","background-position":"center center","background-size":"auto","background-attachment":"scroll","background-type":"","background-media":"","overlay-type":"","overlay-color":"","overlay-opacity":"","overlay-gradient":""},"mobile":{"background-color":"var(--ast-global-color-4)","background-image":"","background-repeat":"repeat","background-position":"center center","background-size":"auto","background-attachment":"scroll","background-type":"","background-media":"","overlay-type":"","overlay-color":"","overlay-opacity":"","overlay-gradient":""}},"footnotes":""},"class_list":["post-4218","page","type-page","status-publish","hentry"],"acf":[],"_links":{"self":[{"href":"https:\/\/www.parcastronomicprades.cat\/es\/wp-json\/wp\/v2\/pages\/4218","targetHints":{"allow":["GET"]}}],"collection":[{"href":"https:\/\/www.parcastronomicprades.cat\/es\/wp-json\/wp\/v2\/pages"}],"about":[{"href":"https:\/\/www.parcastronomicprades.cat\/es\/wp-json\/wp\/v2\/types\/page"}],"author":[{"embeddable":true,"href":"https:\/\/www.parcastronomicprades.cat\/es\/wp-json\/wp\/v2\/users\/1"}],"replies":[{"embeddable":true,"href":"https:\/\/www.parcastronomicprades.cat\/es\/wp-json\/wp\/v2\/comments?post=4218"}],"version-history":[{"count":31,"href":"https:\/\/www.parcastronomicprades.cat\/es\/wp-json\/wp\/v2\/pages\/4218\/revisions"}],"predecessor-version":[{"id":95510,"href":"https:\/\/www.parcastronomicprades.cat\/es\/wp-json\/wp\/v2\/pages\/4218\/revisions\/95510"}],"wp:attachment":[{"href":"https:\/\/www.parcastronomicprades.cat\/es\/wp-json\/wp\/v2\/media?parent=4218"}],"curies":[{"name":"wp","href":"https:\/\/api.w.org\/{rel}","templated":true}]}}