{"id":4201,"date":"2020-06-10T17:02:03","date_gmt":"2020-06-10T16:02:03","guid":{"rendered":"https:\/\/www.parcastronomicprades.cat\/nuestro-equipo\/"},"modified":"2025-08-02T13:46:55","modified_gmt":"2025-08-02T12:46:55","slug":"nuestro-equipo","status":"publish","type":"page","link":"https:\/\/www.parcastronomicprades.cat\/es\/nuestro-equipo\/","title":{"rendered":"Nuestro equipo"},"content":{"rendered":"\t\t<div data-elementor-type=\"wp-page\" data-elementor-id=\"4201\" class=\"elementor elementor-4201 elementor-34\" data-elementor-post-type=\"page\">\n\t\t\t\t<div class=\"elementor-element elementor-element-b580844 e-con-full e-flex e-con e-parent\" data-id=\"b580844\" data-element_type=\"container\" data-settings=\"{&quot;background_background&quot;:&quot;classic&quot;}\">\n\t\t<div class=\"elementor-element elementor-element-04687f2 e-con-full e-flex e-con e-child\" data-id=\"04687f2\" data-element_type=\"container\">\n\t\t\t\t<div class=\"elementor-element elementor-element-27f7412 elementor-widget elementor-widget-heading\" data-id=\"27f7412\" data-element_type=\"widget\" data-widget_type=\"heading.default\">\n\t\t\t\t<div class=\"elementor-widget-container\">\n\t\t\t\t\t<h1 class=\"elementor-heading-title elementor-size-default\">Nuestro equipo<\/h1>\t\t\t\t<\/div>\n\t\t\t\t<\/div>\n\t\t\t\t<\/div>\n\t\t<div class=\"elementor-element elementor-element-df86842 e-con-full elementor-hidden-mobile e-flex e-con e-child\" data-id=\"df86842\" data-element_type=\"container\">\n\t\t\t\t<\/div>\n\t\t\t\t<\/div>\n\t\t<div class=\"elementor-element elementor-element-4f14f90c e-con-full e-flex e-con e-parent\" data-id=\"4f14f90c\" data-element_type=\"container\">\n\t\t\t\t<\/div>\n\t\t<div class=\"elementor-element elementor-element-4ec32d44 e-grid e-con-boxed e-con e-parent\" data-id=\"4ec32d44\" data-element_type=\"container\" data-settings=\"{&quot;background_background&quot;:&quot;classic&quot;}\">\n\t\t\t\t\t<div class=\"e-con-inner\">\n\t\t<div class=\"elementor-element elementor-element-40b5a430 e-con-full e-flex e-con e-child\" data-id=\"40b5a430\" data-element_type=\"container\" data-settings=\"{&quot;background_background&quot;:&quot;classic&quot;}\">\n\t\t\t\t<div class=\"elementor-element elementor-element-3ad2e34f elementor-widget elementor-widget-image\" data-id=\"3ad2e34f\" data-element_type=\"widget\" data-widget_type=\"image.default\">\n\t\t\t\t<div class=\"elementor-widget-container\">\n\t\t\t\t\t\t\t\t\t\t\t\t\t\t\t<img fetchpriority=\"high\" decoding=\"async\" width=\"450\" height=\"450\" src=\"https:\/\/www.parcastronomicprades.cat\/wp-content\/uploads\/2025\/07\/georgina.webp\" class=\"attachment-full size-full wp-image-93656\" alt=\"\" srcset=\"https:\/\/www.parcastronomicprades.cat\/wp-content\/uploads\/2025\/07\/georgina.webp 450w, https:\/\/www.parcastronomicprades.cat\/wp-content\/uploads\/2025\/07\/georgina-300x300.webp 300w, https:\/\/www.parcastronomicprades.cat\/wp-content\/uploads\/2025\/07\/georgina-150x150.webp 150w, https:\/\/www.parcastronomicprades.cat\/wp-content\/uploads\/2025\/07\/georgina-100x100.webp 100w\" sizes=\"(max-width: 450px) 100vw, 450px\" \/>\t\t\t\t\t\t\t\t\t\t\t\t\t\t\t<\/div>\n\t\t\t\t<\/div>\n\t\t\t\t<div class=\"elementor-element elementor-element-3c4d55c0 elementor-widget elementor-widget-heading\" data-id=\"3c4d55c0\" data-element_type=\"widget\" data-widget_type=\"heading.default\">\n\t\t\t\t<div class=\"elementor-widget-container\">\n\t\t\t\t\t<h2 class=\"elementor-heading-title elementor-size-default\">Georgina Serven\n\n<\/h2>\t\t\t\t<\/div>\n\t\t\t\t<\/div>\n\t\t\t\t<div class=\"elementor-element elementor-element-23ea855b elementor-widget-divider--view-line elementor-widget elementor-widget-divider\" data-id=\"23ea855b\" data-element_type=\"widget\" data-widget_type=\"divider.default\">\n\t\t\t\t<div class=\"elementor-widget-container\">\n\t\t\t\t\t\t\t<div class=\"elementor-divider\">\n\t\t\t<span class=\"elementor-divider-separator\">\n\t\t\t\t\t\t<\/span>\n\t\t<\/div>\n\t\t\t\t\t\t<\/div>\n\t\t\t\t<\/div>\n\t\t\t\t<div class=\"elementor-element elementor-element-7df9e8 nogap elementor-widget elementor-widget-text-editor\" data-id=\"7df9e8\" data-element_type=\"widget\" data-widget_type=\"text-editor.default\">\n\t\t\t\t<div class=\"elementor-widget-container\">\n\t\t\t\t\t\t\t\t\tGu\u00eda astron\u00f3mica acreditada por la <a href=\"https:\/\/www.fundacionstarlight.org\/\" target=\"_blank\" rel=\"noopener noreferrer\">Fundaci\u00f3n Starlight<\/a>, responsable de ventas, atenci\u00f3n al cliente y gerencia. Experta en gesti\u00f3n, comunicaci\u00f3n y \u00e1mbito comercial con m\u00e1s de diez a\u00f1os de experiencia en el sector. Divulgadora cient\u00edfica especializada en mitolog\u00eda, y con experiencia en la dinamizaci\u00f3n de los territorios rurales y de monta\u00f1a. M\u00e1ster en Gesti\u00f3n de \u00c1reas de Monta\u00f1a por la Universitat de Lleida.\t\t\t\t\t\t\t\t<\/div>\n\t\t\t\t<\/div>\n\t\t\t\t<\/div>\n\t\t<div class=\"elementor-element elementor-element-5f04eea8 e-con-full e-flex e-con e-child\" data-id=\"5f04eea8\" data-element_type=\"container\" data-settings=\"{&quot;background_background&quot;:&quot;classic&quot;}\">\n\t\t\t\t<div class=\"elementor-element elementor-element-2ec8f52d elementor-widget elementor-widget-image\" data-id=\"2ec8f52d\" data-element_type=\"widget\" data-widget_type=\"image.default\">\n\t\t\t\t<div class=\"elementor-widget-container\">\n\t\t\t\t\t\t\t\t\t\t\t\t\t\t\t<img decoding=\"async\" width=\"450\" height=\"450\" src=\"https:\/\/www.parcastronomicprades.cat\/wp-content\/uploads\/2025\/07\/aleix.webp\" class=\"attachment-full size-full wp-image-93658\" alt=\"\" srcset=\"https:\/\/www.parcastronomicprades.cat\/wp-content\/uploads\/2025\/07\/aleix.webp 450w, https:\/\/www.parcastronomicprades.cat\/wp-content\/uploads\/2025\/07\/aleix-300x300.webp 300w, https:\/\/www.parcastronomicprades.cat\/wp-content\/uploads\/2025\/07\/aleix-150x150.webp 150w, https:\/\/www.parcastronomicprades.cat\/wp-content\/uploads\/2025\/07\/aleix-100x100.webp 100w\" sizes=\"(max-width: 450px) 100vw, 450px\" \/>\t\t\t\t\t\t\t\t\t\t\t\t\t\t\t<\/div>\n\t\t\t\t<\/div>\n\t\t\t\t<div class=\"elementor-element elementor-element-4a21a10e elementor-widget elementor-widget-heading\" data-id=\"4a21a10e\" data-element_type=\"widget\" data-widget_type=\"heading.default\">\n\t\t\t\t<div class=\"elementor-widget-container\">\n\t\t\t\t\t<h2 class=\"elementor-heading-title elementor-size-default\">Aleix Roig\n\n<\/h2>\t\t\t\t<\/div>\n\t\t\t\t<\/div>\n\t\t\t\t<div class=\"elementor-element elementor-element-156939a8 elementor-widget-divider--view-line elementor-widget elementor-widget-divider\" data-id=\"156939a8\" data-element_type=\"widget\" data-widget_type=\"divider.default\">\n\t\t\t\t<div class=\"elementor-widget-container\">\n\t\t\t\t\t\t\t<div class=\"elementor-divider\">\n\t\t\t<span class=\"elementor-divider-separator\">\n\t\t\t\t\t\t<\/span>\n\t\t<\/div>\n\t\t\t\t\t\t<\/div>\n\t\t\t\t<\/div>\n\t\t\t\t<div class=\"elementor-element elementor-element-613c29b0 nogap elementor-widget elementor-widget-text-editor\" data-id=\"613c29b0\" data-element_type=\"widget\" data-widget_type=\"text-editor.default\">\n\t\t\t\t<div class=\"elementor-widget-container\">\n\t\t\t\t\t\t\t\t\t<div class=\"et_pb_module et_pb_text et_pb_text_3 et_pb_text_align_left et_pb_bg_layout_light\"><div class=\"et_pb_text_inner\"><p>Gu\u00eda astron\u00f3mico acreditado por la <a href=\"https:\/\/www.fundacionstarlight.org\/\" target=\"_blank\" rel=\"noopener noreferrer\">Fundaci\u00f3n Starlight<\/a>, coordinador de contenidos y responsable de marketing. <a href=\"https:\/\/astrocat.info\/\">Astrofot\u00f3grafo<\/a>y astr\u00f3nomo amateur, con experiencia en proyectos de investigaci\u00f3n cient\u00edfica PRO-AM con el <a href=\"https:\/\/www.iac.es\/es\" target=\"_blank\" rel=\"noopener noreferrer\">Instituto de Astrof\u00edsica de Canarias (IAC)<\/a>. Divulgador cient\u00edfico con m\u00e1s de diez a\u00f1os de experiencia en proyectos educativos en colaboraci\u00f3n con el IAC, la ESA y la NASA. Miembro de la Junta Ejecutiva de la Agrupaci\u00f3n Astron\u00f3mica de Sabadell. M\u00e1ster MBA por EADA Business School y M\u00e1ster en Gesti\u00f3n y Direcci\u00f3n de Centros Educativos por la UB. Formaci\u00f3n ejecutiva en Innovaci\u00f3n en Harvard Business School.<\/p><\/div><\/div><div class=\"et_pb_module et_pb_image et_pb_image_3\"> <\/div>\t\t\t\t\t\t\t\t<\/div>\n\t\t\t\t<\/div>\n\t\t\t\t<\/div>\n\t\t\t\t\t<\/div>\n\t\t\t\t<\/div>\n\t\t<div class=\"elementor-element elementor-element-5d295f4d e-grid e-con-boxed e-con e-parent\" data-id=\"5d295f4d\" data-element_type=\"container\" data-settings=\"{&quot;background_background&quot;:&quot;classic&quot;}\">\n\t\t\t\t\t<div class=\"e-con-inner\">\n\t\t<div class=\"elementor-element elementor-element-5112a10e e-con-full e-flex e-con e-child\" data-id=\"5112a10e\" data-element_type=\"container\" data-settings=\"{&quot;background_background&quot;:&quot;classic&quot;}\">\n\t\t\t\t<div class=\"elementor-element elementor-element-518a49ab elementor-widget elementor-widget-image\" data-id=\"518a49ab\" data-element_type=\"widget\" data-widget_type=\"image.default\">\n\t\t\t\t<div class=\"elementor-widget-container\">\n\t\t\t\t\t\t\t\t\t\t\t\t\t\t\t<img decoding=\"async\" width=\"1491\" height=\"1491\" src=\"https:\/\/www.parcastronomicprades.cat\/wp-content\/uploads\/2025\/07\/IMG_9393-1.webp\" class=\"attachment-full size-full wp-image-93660\" alt=\"\" srcset=\"https:\/\/www.parcastronomicprades.cat\/wp-content\/uploads\/2025\/07\/IMG_9393-1.webp 1491w, https:\/\/www.parcastronomicprades.cat\/wp-content\/uploads\/2025\/07\/IMG_9393-1-300x300.webp 300w, https:\/\/www.parcastronomicprades.cat\/wp-content\/uploads\/2025\/07\/IMG_9393-1-1024x1024.webp 1024w, https:\/\/www.parcastronomicprades.cat\/wp-content\/uploads\/2025\/07\/IMG_9393-1-150x150.webp 150w, https:\/\/www.parcastronomicprades.cat\/wp-content\/uploads\/2025\/07\/IMG_9393-1-768x768.webp 768w, https:\/\/www.parcastronomicprades.cat\/wp-content\/uploads\/2025\/07\/IMG_9393-1-600x600.webp 600w, https:\/\/www.parcastronomicprades.cat\/wp-content\/uploads\/2025\/07\/IMG_9393-1-100x100.webp 100w\" sizes=\"(max-width: 1491px) 100vw, 1491px\" \/>\t\t\t\t\t\t\t\t\t\t\t\t\t\t\t<\/div>\n\t\t\t\t<\/div>\n\t\t\t\t<div class=\"elementor-element elementor-element-882921 elementor-widget elementor-widget-heading\" data-id=\"882921\" data-element_type=\"widget\" data-widget_type=\"heading.default\">\n\t\t\t\t<div class=\"elementor-widget-container\">\n\t\t\t\t\t<h2 class=\"elementor-heading-title elementor-size-default\">Gerard Marsal\n\n<\/h2>\t\t\t\t<\/div>\n\t\t\t\t<\/div>\n\t\t\t\t<div class=\"elementor-element elementor-element-4959c96d elementor-widget-divider--view-line elementor-widget elementor-widget-divider\" data-id=\"4959c96d\" data-element_type=\"widget\" data-widget_type=\"divider.default\">\n\t\t\t\t<div class=\"elementor-widget-container\">\n\t\t\t\t\t\t\t<div class=\"elementor-divider\">\n\t\t\t<span class=\"elementor-divider-separator\">\n\t\t\t\t\t\t<\/span>\n\t\t<\/div>\n\t\t\t\t\t\t<\/div>\n\t\t\t\t<\/div>\n\t\t\t\t<div class=\"elementor-element elementor-element-2ae715c8 nogap elementor-widget elementor-widget-text-editor\" data-id=\"2ae715c8\" data-element_type=\"widget\" data-widget_type=\"text-editor.default\">\n\t\t\t\t<div class=\"elementor-widget-container\">\n\t\t\t\t\t\t\t\t\t<div class=\"et_pb_module et_pb_text et_pb_text_4 et_pb_text_align_left et_pb_bg_layout_light\"><div class=\"et_pb_text_inner\"><p>Director art\u00edstico del Parque Astron\u00f3mico de las Monta\u00f1as de Prades. M\u00fasico, compositor, productor y dise\u00f1ador de espacios sonoros. Miembro de la Compa\u00f1\u00eda de Teatro independiente Proyecto Ingenu.<\/p><\/div><\/div><div class=\"et_pb_module et_pb_image et_pb_image_4\"> <\/div>\t\t\t\t\t\t\t\t<\/div>\n\t\t\t\t<\/div>\n\t\t\t\t<\/div>\n\t\t<div class=\"elementor-element elementor-element-7d9fefe8 e-con-full e-flex e-con e-child\" data-id=\"7d9fefe8\" data-element_type=\"container\" data-settings=\"{&quot;background_background&quot;:&quot;classic&quot;}\">\n\t\t\t\t<div class=\"elementor-element elementor-element-3d8a871c elementor-widget elementor-widget-image\" data-id=\"3d8a871c\" data-element_type=\"widget\" data-widget_type=\"image.default\">\n\t\t\t\t<div class=\"elementor-widget-container\">\n\t\t\t\t\t\t\t\t\t\t\t\t\t\t\t<img loading=\"lazy\" decoding=\"async\" width=\"1495\" height=\"1495\" src=\"https:\/\/www.parcastronomicprades.cat\/wp-content\/uploads\/2025\/07\/josep-1.jpg\" class=\"attachment-full size-full wp-image-93662\" alt=\"\" srcset=\"https:\/\/www.parcastronomicprades.cat\/wp-content\/uploads\/2025\/07\/josep-1.jpg 1495w, https:\/\/www.parcastronomicprades.cat\/wp-content\/uploads\/2025\/07\/josep-1-300x300.jpg 300w, https:\/\/www.parcastronomicprades.cat\/wp-content\/uploads\/2025\/07\/josep-1-1024x1024.jpg 1024w, https:\/\/www.parcastronomicprades.cat\/wp-content\/uploads\/2025\/07\/josep-1-150x150.jpg 150w, https:\/\/www.parcastronomicprades.cat\/wp-content\/uploads\/2025\/07\/josep-1-768x768.jpg 768w, https:\/\/www.parcastronomicprades.cat\/wp-content\/uploads\/2025\/07\/josep-1-600x600.jpg 600w, https:\/\/www.parcastronomicprades.cat\/wp-content\/uploads\/2025\/07\/josep-1-100x100.jpg 100w\" sizes=\"(max-width: 1495px) 100vw, 1495px\" \/>\t\t\t\t\t\t\t\t\t\t\t\t\t\t\t<\/div>\n\t\t\t\t<\/div>\n\t\t\t\t<div class=\"elementor-element elementor-element-6dde456 elementor-widget elementor-widget-heading\" data-id=\"6dde456\" data-element_type=\"widget\" data-widget_type=\"heading.default\">\n\t\t\t\t<div class=\"elementor-widget-container\">\n\t\t\t\t\t<h2 class=\"elementor-heading-title elementor-size-default\">Josep Puche\n\n<\/h2>\t\t\t\t<\/div>\n\t\t\t\t<\/div>\n\t\t\t\t<div class=\"elementor-element elementor-element-70d3af5f elementor-widget-divider--view-line elementor-widget elementor-widget-divider\" data-id=\"70d3af5f\" data-element_type=\"widget\" data-widget_type=\"divider.default\">\n\t\t\t\t<div class=\"elementor-widget-container\">\n\t\t\t\t\t\t\t<div class=\"elementor-divider\">\n\t\t\t<span class=\"elementor-divider-separator\">\n\t\t\t\t\t\t<\/span>\n\t\t<\/div>\n\t\t\t\t\t\t<\/div>\n\t\t\t\t<\/div>\n\t\t\t\t<div class=\"elementor-element elementor-element-69ad1ff3 nogap elementor-widget elementor-widget-text-editor\" data-id=\"69ad1ff3\" data-element_type=\"widget\" data-widget_type=\"text-editor.default\">\n\t\t\t\t<div class=\"elementor-widget-container\">\n\t\t\t\t\t\t\t\t\t<div class=\"et_pb_row et_pb_row_1\"><div class=\"et_pb_column et_pb_column_4_4 et_pb_column_1 et_pb_css_mix_blend_mode_passthrough et-last-child\"><div class=\"et_pb_module et_pb_text et_pb_text_5 et_pb_text_align_left et_pb_bg_layout_light\"><div class=\"et_pb_text_inner\"><p>Gu\u00eda astron\u00f3mico acreditado por la <a href=\"https:\/\/www.fundacionstarlight.org\/\" target=\"_blank\" rel=\"noopener noreferrer\">Fundaci\u00f3n Starlight<\/a>. T\u00e9cnico de telescopios especializado en la interpretaci\u00f3n del cielo nocturno. Estudiante del Grado en Nutrici\u00f3n Humana y Diet\u00e9tica en la URV. Apasionado por la astronom\u00eda, ha realizado actividad de investigaci\u00f3n en el \u00e1mbito de la calidad del cielo nocturno en las Muntanyes de Prades.  <\/p><\/div><\/div><\/div><\/div><div class=\"et_pb_row et_pb_row_2\"><div class=\"et_pb_column et_pb_column_4_4 et_pb_column_2 et_pb_css_mix_blend_mode_passthrough et-last-child\"><div class=\"et_pb_module et_pb_image et_pb_image_5\"> <\/div><\/div><\/div>\t\t\t\t\t\t\t\t<\/div>\n\t\t\t\t<\/div>\n\t\t\t\t<\/div>\n\t\t\t\t\t<\/div>\n\t\t\t\t<\/div>\n\t\t<div class=\"elementor-element elementor-element-173e98e e-grid e-con-boxed e-con e-parent\" data-id=\"173e98e\" data-element_type=\"container\" data-settings=\"{&quot;background_background&quot;:&quot;classic&quot;}\">\n\t\t\t\t\t<div class=\"e-con-inner\">\n\t\t<div class=\"elementor-element elementor-element-4808f81a e-con-full e-flex e-con e-child\" data-id=\"4808f81a\" data-element_type=\"container\" data-settings=\"{&quot;background_background&quot;:&quot;classic&quot;}\">\n\t\t\t\t<div class=\"elementor-element elementor-element-3fdded32 elementor-widget elementor-widget-image\" data-id=\"3fdded32\" data-element_type=\"widget\" data-widget_type=\"image.default\">\n\t\t\t\t<div class=\"elementor-widget-container\">\n\t\t\t\t\t\t\t\t\t\t\t\t\t\t\t<img loading=\"lazy\" decoding=\"async\" width=\"1246\" height=\"1245\" src=\"https:\/\/www.parcastronomicprades.cat\/wp-content\/uploads\/2025\/07\/judith-a.webp\" class=\"attachment-full size-full wp-image-93664\" alt=\"\" srcset=\"https:\/\/www.parcastronomicprades.cat\/wp-content\/uploads\/2025\/07\/judith-a.webp 1246w, https:\/\/www.parcastronomicprades.cat\/wp-content\/uploads\/2025\/07\/judith-a-300x300.webp 300w, https:\/\/www.parcastronomicprades.cat\/wp-content\/uploads\/2025\/07\/judith-a-1024x1024.webp 1024w, https:\/\/www.parcastronomicprades.cat\/wp-content\/uploads\/2025\/07\/judith-a-150x150.webp 150w, https:\/\/www.parcastronomicprades.cat\/wp-content\/uploads\/2025\/07\/judith-a-768x767.webp 768w, https:\/\/www.parcastronomicprades.cat\/wp-content\/uploads\/2025\/07\/judith-a-600x600.webp 600w, https:\/\/www.parcastronomicprades.cat\/wp-content\/uploads\/2025\/07\/judith-a-100x100.webp 100w\" sizes=\"(max-width: 1246px) 100vw, 1246px\" \/>\t\t\t\t\t\t\t\t\t\t\t\t\t\t\t<\/div>\n\t\t\t\t<\/div>\n\t\t\t\t<div class=\"elementor-element elementor-element-4b8812 elementor-widget elementor-widget-heading\" data-id=\"4b8812\" data-element_type=\"widget\" data-widget_type=\"heading.default\">\n\t\t\t\t<div class=\"elementor-widget-container\">\n\t\t\t\t\t<h2 class=\"elementor-heading-title elementor-size-default\">Judith Ard\u00e8vol\n\n<\/h2>\t\t\t\t<\/div>\n\t\t\t\t<\/div>\n\t\t\t\t<div class=\"elementor-element elementor-element-584479d8 elementor-widget-divider--view-line elementor-widget elementor-widget-divider\" data-id=\"584479d8\" data-element_type=\"widget\" data-widget_type=\"divider.default\">\n\t\t\t\t<div class=\"elementor-widget-container\">\n\t\t\t\t\t\t\t<div class=\"elementor-divider\">\n\t\t\t<span class=\"elementor-divider-separator\">\n\t\t\t\t\t\t<\/span>\n\t\t<\/div>\n\t\t\t\t\t\t<\/div>\n\t\t\t\t<\/div>\n\t\t\t\t<div class=\"elementor-element elementor-element-3612e348 nogap elementor-widget elementor-widget-text-editor\" data-id=\"3612e348\" data-element_type=\"widget\" data-widget_type=\"text-editor.default\">\n\t\t\t\t<div class=\"elementor-widget-container\">\n\t\t\t\t\t\t\t\t\t<div class=\"et_pb_row et_pb_row_2\"><div class=\"et_pb_column et_pb_column_4_4 et_pb_column_2 et_pb_css_mix_blend_mode_passthrough et-last-child\"><div class=\"et_pb_module et_pb_text et_pb_text_6 et_pb_text_align_left et_pb_bg_layout_light\"><div class=\"et_pb_text_inner\"><p>Gu\u00eda astron\u00f3mica y apasionada por la divulgaci\u00f3n de la astronom\u00eda. Graduada en F\u00edsica en menci\u00f3n de F\u00edsica Fundamental, M\u00e1ster de Astrof\u00edsica, F\u00edsica de Part\u00edculas y Cosmolog\u00eda. Tiene varias publicaciones en revistas cient\u00edficas y actualmente es doctoranda en el Instituto de Ciencias del Cosmos de la Universidad de Barcelona. Su investigaci\u00f3n busca entender c\u00f3mo es la V\u00eda L\u00e1ctea.<\/p><p>Hacer disfrutar a la gente con las maravillas del universo es su prioridad.<\/p><\/div><\/div><\/div><\/div>\t\t\t\t\t\t\t\t<\/div>\n\t\t\t\t<\/div>\n\t\t\t\t<\/div>\n\t\t<div class=\"elementor-element elementor-element-d55c6ac e-con-full e-flex e-con e-child\" data-id=\"d55c6ac\" data-element_type=\"container\" data-settings=\"{&quot;background_background&quot;:&quot;classic&quot;}\">\n\t\t\t\t<div class=\"elementor-element elementor-element-ce5bf42 elementor-widget elementor-widget-image\" data-id=\"ce5bf42\" data-element_type=\"widget\" data-widget_type=\"image.default\">\n\t\t\t\t<div class=\"elementor-widget-container\">\n\t\t\t\t\t\t\t\t\t\t\t\t\t\t\t<img loading=\"lazy\" decoding=\"async\" width=\"300\" height=\"300\" src=\"https:\/\/www.parcastronomicprades.cat\/wp-content\/uploads\/2025\/07\/starlight_logo.webp\" class=\"attachment-full size-full wp-image-93644\" alt=\"\" srcset=\"https:\/\/www.parcastronomicprades.cat\/wp-content\/uploads\/2025\/07\/starlight_logo.webp 300w, https:\/\/www.parcastronomicprades.cat\/wp-content\/uploads\/2025\/07\/starlight_logo-150x150.webp 150w, https:\/\/www.parcastronomicprades.cat\/wp-content\/uploads\/2025\/07\/starlight_logo-100x100.webp 100w\" sizes=\"(max-width: 300px) 100vw, 300px\" \/>\t\t\t\t\t\t\t\t\t\t\t\t\t\t\t<\/div>\n\t\t\t\t<\/div>\n\t\t\t\t<div class=\"elementor-element elementor-element-674654ad nogap elementor-widget elementor-widget-text-editor\" data-id=\"674654ad\" data-element_type=\"widget\" data-widget_type=\"text-editor.default\">\n\t\t\t\t<div class=\"elementor-widget-container\">\n\t\t\t\t\t\t\t\t\t<div class=\"et_pb_row et_pb_row_2\"><div class=\"et_pb_column et_pb_column_4_4 et_pb_column_2 et_pb_css_mix_blend_mode_passthrough et-last-child\"><div class=\"et_pb_module et_pb_text et_pb_text_6 et_pb_text_align_left et_pb_bg_layout_light\"><div class=\"et_pb_text_inner\"><div id=\"main-content\"><article id=\"post-34\" class=\"post-34 page type-page status-publish hentry\"><div class=\"entry-content\"><div class=\"et-l et-l--post\"><div class=\"et_builder_inner_content et_pb_gutters3 has_et_pb_sticky\"><div class=\"et_pb_section et_pb_section_1 et_section_regular\"><div class=\"et_pb_row et_pb_row_3\"><div class=\"et_pb_column et_pb_column_4_4 et_pb_column_3 et_pb_css_mix_blend_mode_passthrough et-last-child\"><div class=\"et_pb_module et_pb_text et_pb_text_7 et_pb_text_align_left et_pb_bg_layout_light\"><div class=\"et_pb_text_inner\"><p>Los gu\u00edas astron\u00f3micos del Parc Astron\u00f2mic Muntanyes de Prades son gu\u00edas acreditados por la <a href=\"https:\/\/www.fundacionstarlight.org\/\" target=\"_blank\" rel=\"noopener noreferrer\"><strong>Fundaci\u00f3n Starlight<\/strong><\/a>, organismo internacional de prestigio en el \u00e1mbito de la protecci\u00f3n de los cielos oscuros, la divulgaci\u00f3n cient\u00edfica y la promoci\u00f3n del astroturismo.<\/p><\/div><\/div><\/div><\/div><\/div><\/div><\/div><\/div><\/article><\/div><footer class=\"et-l et-l--footer\"><div class=\"et_builder_inner_content et_pb_gutters3\"><div class=\"et_pb_section et_pb_section_1_tb_footer et_pb_with_background et_section_regular section_has_divider et_pb_bottom_divider et_pb_top_divider\"> <\/div><\/div><\/footer><\/div><\/div><\/div><\/div>\t\t\t\t\t\t\t\t<\/div>\n\t\t\t\t<\/div>\n\t\t\t\t<\/div>\n\t\t\t\t\t<\/div>\n\t\t\t\t<\/div>\n\t\t\t\t<\/div>\n\t\t","protected":false},"excerpt":{"rendered":"<p>Georgina Serven Gu\u00eda astron\u00f3mica acreditada por la Fundaci\u00f3n Starlight, responsable de ventas, atenci\u00f3n al cliente y gerencia. Experta en gesti\u00f3n, [&hellip;]<\/p>\n","protected":false},"author":1,"featured_media":0,"parent":0,"menu_order":0,"comment_status":"closed","ping_status":"closed","template":"","meta":{"_acf_changed":false,"site-sidebar-layout":"default","site-content-layout":"","ast-site-content-layout":"default","site-content-style":"default","site-sidebar-style":"default","ast-global-header-display":"","ast-banner-title-visibility":"","ast-main-header-display":"","ast-hfb-above-header-display":"","ast-hfb-below-header-display":"","ast-hfb-mobile-header-display":"","site-post-title":"","ast-breadcrumbs-content":"","ast-featured-img":"","footer-sml-layout":"","theme-transparent-header-meta":"","adv-header-id-meta":"","stick-header-meta":"","header-above-stick-meta":"","header-main-stick-meta":"","header-below-stick-meta":"","astra-migrate-meta-layouts":"default","ast-page-background-enabled":"default","ast-page-background-meta":{"desktop":{"background-color":"var(--ast-global-color-5)","background-image":"","background-repeat":"repeat","background-position":"center center","background-size":"auto","background-attachment":"scroll","background-type":"","background-media":"","overlay-type":"","overlay-color":"","overlay-opacity":"","overlay-gradient":""},"tablet":{"background-color":"","background-image":"","background-repeat":"repeat","background-position":"center center","background-size":"auto","background-attachment":"scroll","background-type":"","background-media":"","overlay-type":"","overlay-color":"","overlay-opacity":"","overlay-gradient":""},"mobile":{"background-color":"","background-image":"","background-repeat":"repeat","background-position":"center center","background-size":"auto","background-attachment":"scroll","background-type":"","background-media":"","overlay-type":"","overlay-color":"","overlay-opacity":"","overlay-gradient":""}},"ast-content-background-meta":{"desktop":{"background-color":"var(--ast-global-color-4)","background-image":"","background-repeat":"repeat","background-position":"center center","background-size":"auto","background-attachment":"scroll","background-type":"","background-media":"","overlay-type":"","overlay-color":"","overlay-opacity":"","overlay-gradient":""},"tablet":{"background-color":"var(--ast-global-color-4)","background-image":"","background-repeat":"repeat","background-position":"center center","background-size":"auto","background-attachment":"scroll","background-type":"","background-media":"","overlay-type":"","overlay-color":"","overlay-opacity":"","overlay-gradient":""},"mobile":{"background-color":"var(--ast-global-color-4)","background-image":"","background-repeat":"repeat","background-position":"center center","background-size":"auto","background-attachment":"scroll","background-type":"","background-media":"","overlay-type":"","overlay-color":"","overlay-opacity":"","overlay-gradient":""}},"footnotes":""},"class_list":["post-4201","page","type-page","status-publish","hentry"],"acf":[],"_links":{"self":[{"href":"https:\/\/www.parcastronomicprades.cat\/es\/wp-json\/wp\/v2\/pages\/4201","targetHints":{"allow":["GET"]}}],"collection":[{"href":"https:\/\/www.parcastronomicprades.cat\/es\/wp-json\/wp\/v2\/pages"}],"about":[{"href":"https:\/\/www.parcastronomicprades.cat\/es\/wp-json\/wp\/v2\/types\/page"}],"author":[{"embeddable":true,"href":"https:\/\/www.parcastronomicprades.cat\/es\/wp-json\/wp\/v2\/users\/1"}],"replies":[{"embeddable":true,"href":"https:\/\/www.parcastronomicprades.cat\/es\/wp-json\/wp\/v2\/comments?post=4201"}],"version-history":[{"count":122,"href":"https:\/\/www.parcastronomicprades.cat\/es\/wp-json\/wp\/v2\/pages\/4201\/revisions"}],"predecessor-version":[{"id":96697,"href":"https:\/\/www.parcastronomicprades.cat\/es\/wp-json\/wp\/v2\/pages\/4201\/revisions\/96697"}],"wp:attachment":[{"href":"https:\/\/www.parcastronomicprades.cat\/es\/wp-json\/wp\/v2\/media?parent=4201"}],"curies":[{"name":"wp","href":"https:\/\/api.w.org\/{rel}","templated":true}]}}