{"id":4159,"date":"2020-06-10T17:01:42","date_gmt":"2020-06-10T16:01:42","guid":{"rendered":"https:\/\/www.parcastronomicprades.cat\/cielo-de-calidad\/"},"modified":"2025-07-03T23:05:46","modified_gmt":"2025-07-03T22:05:46","slug":"cielo-de-calidad","status":"publish","type":"page","link":"https:\/\/www.parcastronomicprades.cat\/es\/cielo-de-calidad\/","title":{"rendered":"Cielo de calidad"},"content":{"rendered":"\t\t<div data-elementor-type=\"wp-page\" data-elementor-id=\"4159\" class=\"elementor elementor-4159 elementor-30\" data-elementor-post-type=\"page\">\n\t\t\t\t<div class=\"elementor-element elementor-element-5efefde e-con-full e-flex e-con e-parent\" data-id=\"5efefde\" data-element_type=\"container\" data-settings=\"{&quot;background_background&quot;:&quot;classic&quot;}\">\n\t\t<div class=\"elementor-element elementor-element-241d358 e-con-full e-flex e-con e-child\" data-id=\"241d358\" data-element_type=\"container\">\n\t\t\t\t<div class=\"elementor-element elementor-element-688bf62 elementor-widget elementor-widget-heading\" data-id=\"688bf62\" data-element_type=\"widget\" data-widget_type=\"heading.default\">\n\t\t\t\t<div class=\"elementor-widget-container\">\n\t\t\t\t\t<h1 class=\"elementor-heading-title elementor-size-default\">Cielo de calidad<\/h1>\t\t\t\t<\/div>\n\t\t\t\t<\/div>\n\t\t\t\t<div class=\"elementor-element elementor-element-3ee41ae nogap elementor-widget elementor-widget-text-editor\" data-id=\"3ee41ae\" data-element_type=\"widget\" data-widget_type=\"text-editor.default\">\n\t\t\t\t<div class=\"elementor-widget-container\">\n\t\t\t\t\t\t\t\t\t<p><strong>Espacio de Medio Nocturno Protegido<\/strong><\/p>\t\t\t\t\t\t\t\t<\/div>\n\t\t\t\t<\/div>\n\t\t\t\t<\/div>\n\t\t<div class=\"elementor-element elementor-element-1822469 e-con-full elementor-hidden-mobile e-flex e-con e-child\" data-id=\"1822469\" data-element_type=\"container\">\n\t\t\t\t<\/div>\n\t\t\t\t<\/div>\n\t\t<div class=\"elementor-element elementor-element-5d80a615 e-con-full e-flex e-con e-parent\" data-id=\"5d80a615\" data-element_type=\"container\">\n\t\t\t\t<\/div>\n\t\t<div class=\"elementor-element elementor-element-62dc4725 e-flex e-con-boxed e-con e-parent\" data-id=\"62dc4725\" data-element_type=\"container\" data-settings=\"{&quot;background_background&quot;:&quot;classic&quot;}\">\n\t\t\t\t\t<div class=\"e-con-inner\">\n\t\t<div class=\"elementor-element elementor-element-6d6943ae e-con-full e-flex e-con e-child\" data-id=\"6d6943ae\" data-element_type=\"container\">\n\t\t\t\t<div class=\"elementor-element elementor-element-35ebae48 elementor-widget elementor-widget-image\" data-id=\"35ebae48\" data-element_type=\"widget\" data-widget_type=\"image.default\">\n\t\t\t\t<div class=\"elementor-widget-container\">\n\t\t\t\t\t\t\t\t\t\t\t\t\t\t\t<img fetchpriority=\"high\" decoding=\"async\" width=\"1024\" height=\"724\" src=\"https:\/\/www.parcastronomicprades.cat\/wp-content\/uploads\/2025\/07\/Milky-Way-over-Prades-Aleix-Roig-2024-scaled-1-1024x724.webp\" class=\"attachment-large size-large wp-image-93691\" alt=\"\" srcset=\"https:\/\/www.parcastronomicprades.cat\/wp-content\/uploads\/2025\/07\/Milky-Way-over-Prades-Aleix-Roig-2024-scaled-1-1024x724.webp 1024w, https:\/\/www.parcastronomicprades.cat\/wp-content\/uploads\/2025\/07\/Milky-Way-over-Prades-Aleix-Roig-2024-scaled-1-300x212.webp 300w, https:\/\/www.parcastronomicprades.cat\/wp-content\/uploads\/2025\/07\/Milky-Way-over-Prades-Aleix-Roig-2024-scaled-1-768x543.webp 768w, https:\/\/www.parcastronomicprades.cat\/wp-content\/uploads\/2025\/07\/Milky-Way-over-Prades-Aleix-Roig-2024-scaled-1-1536x1085.webp 1536w, https:\/\/www.parcastronomicprades.cat\/wp-content\/uploads\/2025\/07\/Milky-Way-over-Prades-Aleix-Roig-2024-scaled-1-2048x1447.webp 2048w, https:\/\/www.parcastronomicprades.cat\/wp-content\/uploads\/2025\/07\/Milky-Way-over-Prades-Aleix-Roig-2024-scaled-1-600x424.webp 600w\" sizes=\"(max-width: 1024px) 100vw, 1024px\" \/>\t\t\t\t\t\t\t\t\t\t\t\t\t\t\t<\/div>\n\t\t\t\t<\/div>\n\t\t\t\t<\/div>\n\t\t<div class=\"elementor-element elementor-element-528174dd e-con-full e-flex e-con e-child\" data-id=\"528174dd\" data-element_type=\"container\">\n\t\t\t\t<div class=\"elementor-element elementor-element-195cbac8 elementor-widget elementor-widget-text-editor\" data-id=\"195cbac8\" data-element_type=\"widget\" data-widget_type=\"text-editor.default\">\n\t\t\t\t<div class=\"elementor-widget-container\">\n\t\t\t\t\t\t\t\t\t<p>La calidad del cielo de las Monta\u00f1as de Prades y el Montsant ha merecido la certificaci\u00f3n por parte de la Generalitat de Catalunya como <a href=\"http:\/\/mediambient.gencat.cat\/ca\/05_ambits_dactuacio\/atmosfera\/contaminacio_luminica\/espais-de-medi-nocturn-protegit\/punt_ref_qualitat_luminica\/\" target=\"_blank\" rel=\"noopener\"><strong>Espai de Medi Nocturn Protegit<\/strong><\/a>. En Catalu\u00f1a encontramos dos \u00c1reas con Punto de Referencia de la Calidad Lum\u00ednica: el Montsec, donde se ubica el Parque Astron\u00f3mico del Montsec (PAM), y el Parque Natural del Montsant y las Monta\u00f1as de Prades, donde se ubica el Parque Astron\u00f3mico de las Monta\u00f1as de Prades (PAP).<br><br><\/p><p>En 2020, la <a href=\"https:\/\/www.fundacionstarlight.org\/\" target=\"_blank\" rel=\"noopener\">Fundaci\u00f3n Starlight<\/a>, instituci\u00f3n creada por el Instituto de Astrof\u00edsica de Canarias y la Consultora Corporaci\u00f3n 5, pionera a nivel internacional en la certificaci\u00f3n de los lugares oscuros m\u00e1s espectaculares para la observaci\u00f3n del cielo nocturno. astronom\u00eda y la protecci\u00f3n de los cielos oscuros, inicia el proceso de certificaci\u00f3n de las Monta\u00f1as de Prades y el Montsant como Destino Tur\u00edstico Starlight. Esta certificaci\u00f3n acredita que todos los municipios que la integrar\u00e1n, de 4 comarcas de Tarragona, disfrutan de unos cielos nocturnos de excelente calidad, con una oscuridad por encima 21 mag \/ arcsec2, protegidos de la contaminaci\u00f3n lum\u00ednica y aptos para desarrollar -hay actividades tur\u00edsticas basadas en este recurso natural.<\/p>\t\t\t\t\t\t\t\t<\/div>\n\t\t\t\t<\/div>\n\t\t\t\t<\/div>\n\t\t\t\t\t<\/div>\n\t\t\t\t<\/div>\n\t\t<div class=\"elementor-element elementor-element-1dec9769 e-flex e-con-boxed e-con e-parent\" data-id=\"1dec9769\" data-element_type=\"container\" data-settings=\"{&quot;background_background&quot;:&quot;classic&quot;}\">\n\t\t\t\t\t<div class=\"e-con-inner\">\n\t\t\t\t<div class=\"elementor-element elementor-element-5791b52c elementor-widget elementor-widget-text-editor\" data-id=\"5791b52c\" data-element_type=\"widget\" data-widget_type=\"text-editor.default\">\n\t\t\t\t<div class=\"elementor-widget-container\">\n\t\t\t\t\t\t\t\t\t<p>Desde el a\u00f1o 2018 la entidad Astroprades lleva a cabo estudios de campo para acreditar la excelente calidad de los cielos nocturnos de las Monta\u00f1as de Prades. Desde 2019 se toman medidas de oscuridad del cielo de forma sistem\u00e1tica. Un ejemplo es el proyecto <strong><a href=\"https:\/\/www.parcastronomicprades.cat\/es\/medimos-la-oscuridad\/\">Medimos la Oscuridad<\/a><\/strong>, en colaboraci\u00f3n con <a href=\"https:\/\/www.meteoprades.net\/\" target=\"_blank\" rel=\"noopener noreferrer\">Meteoprades<\/a>, que desde la cumbre del Tossal de la Baltassana (techo comarcal del Baix Camp) registra datos de oscuridad en tiempo real gracias a un aparato SQM (Sky Quality Meter). Los resultados de los primeros estudios de la calidad del cielo nocturno fueron presentados en las <a href=\"http:\/\/parcsnaturals.gencat.cat\/public_html\/.content\/home\/poblet\/coneix-nos\/centre_de_documentacio\/fons_documental\/5a_jornades\/V-Jornades_Poblet_Prades.pdf\" target=\"_blank\" rel=\"noopener noreferrer\">V Jornadas del Bosc de Poblet<\/a> (octubre 2018). En esta publicaci\u00f3n se presentaban los excelentes \u00edndices de oscuridad y estabilidad de la atmosf\u00e9rica (seeing) obtenidos durante meses de observaci\u00f3n y medidas gracias a la colaboraci\u00f3n con astr\u00f3nomos amateurs del Camp de Tarragona como Daniel Trueba (Asociaci\u00f3n Astron\u00f3mica de Torroja del Priorat). Los resultados destacaban la idoneidad del Pla de la Guardia como uno de los mejores emplazamientos de la Pen\u00ednsula para la ubicaci\u00f3n de un observatorio astron\u00f3mico cient\u00edfico y de divulgaci\u00f3n, el <strong>Centro Astron\u00f3mico de las Monta\u00f1as de Prades (CAMP)<\/strong>.<\/p><p>El cielo nocturno de Prades, pueblo situado a 1.000m de altura en un peque\u00f1o altiplano, ofrece unos indicadores de transparencia y estabilidad atmosf\u00e9rica muy superiores respeto otras zonas situadas a menos altura dentro de esta misma \u00e1rea privilegiada. La estabilidad de la imagen (seeing) se sit\u00faa en valores estables alrededor de 1\u201d de arco en la zona escogida para la construcci\u00f3n del CAMP, en el Pla de la Guardia (1.130m de altura). Este se uno de los rasgos diferenciales Con otro cielos oscuros de Catalu\u00f1a Y OTROS puntos de la Pen\u00ednsula Ib\u00e9rica.<\/p><p>Gracias a la orograf\u00eda local, la circulaci\u00f3n del aire en el Pla de la Guardia es laminar y se produce de forma frecuente el fen\u00f3meno de mar de nubes. \u00c9ste tambi\u00e9n lo encontramos en otros lugares donde hay instalados observatorios de primer nivel mundial (como por ejemplo el Roque de Los Muchachos, La Palma \u2013 Canarias). Las nieblas y nubes provenientes de Cornudella y La Febr\u00f3 rodean el Pla de la Guardia col\u00e1ndose por el collado de Albarca y por el valle del rio Prades respectivamente. Este fen\u00f3meno deja el Pla de la Guardia descubierto de nubes y con una circulaci\u00f3n de aire laminar por encima de \u00e9l. Esta caracter\u00edstica, junto con la orograf\u00eda local, hace que los valores de seeing en el punto escogido sean muy superiores a los que le corresponder\u00edan por su altura. Las medidas que se han realizado demuestran la gran calidad del cielo para poder llevar a cabo estudios de investigaci\u00f3n cient\u00edfica de alta calidad y con elevada resoluci\u00f3n. Los valores llegan a situarse por debajo los 0,5\u201d de arco de valor promedio las mejores noches del a\u00f1o.<\/p><p>Los niveles de oscuridad en el Pla de la Guardia se sit\u00faan en unos valores que llegan a 21,5 mag\/arcsec<sup>2<\/sup>. En el entorno del casco urbano de Prades la oscuridad supera valores de 21 mag\/arcsec<sup>2<\/sup>. Por otro lado, la zona occidental del Parque Astron\u00f3mico de las Monta\u00f1as de Prades, correspondiente al Montsant, registra los valores de oscuridad m\u00e1s elevados, entre 21 mag\/arcsec<sup>2<\/sup> y 21,5 mag\/arcsec<sup>2<\/sup>.<\/p><p>A nivel orogr\u00e1fico, el Pla de la Guardia disfruta de unas caracter\u00edsticas que favorecen sus valores de oscuridad. La presencia de la Serra de la Mussara al sudeste y la Sierra de la Llena al noroeste, bloquean la contaminaci\u00f3n lum\u00ednica directa sobre el Pla de la Guardia, hecho que le confiere unas condiciones de oscuridad excelentes a pesar de su relativa proximidad a las zonas pobladas de Tarragona y Lleida.<\/p>\t\t\t\t\t\t\t\t<\/div>\n\t\t\t\t<\/div>\n\t\t\t\t\t<\/div>\n\t\t\t\t<\/div>\n\t\t\t\t<\/div>\n\t\t","protected":false},"excerpt":{"rendered":"<p>Espacio de Medio Nocturno Protegido La calidad del cielo de las Monta\u00f1as de Prades y el Montsant ha merecido la [&hellip;]<\/p>\n","protected":false},"author":1,"featured_media":0,"parent":0,"menu_order":0,"comment_status":"closed","ping_status":"closed","template":"","meta":{"_acf_changed":false,"site-sidebar-layout":"default","site-content-layout":"","ast-site-content-layout":"default","site-content-style":"default","site-sidebar-style":"default","ast-global-header-display":"","ast-banner-title-visibility":"","ast-main-header-display":"","ast-hfb-above-header-display":"","ast-hfb-below-header-display":"","ast-hfb-mobile-header-display":"","site-post-title":"","ast-breadcrumbs-content":"","ast-featured-img":"","footer-sml-layout":"","theme-transparent-header-meta":"","adv-header-id-meta":"","stick-header-meta":"","header-above-stick-meta":"","header-main-stick-meta":"","header-below-stick-meta":"","astra-migrate-meta-layouts":"default","ast-page-background-enabled":"default","ast-page-background-meta":{"desktop":{"background-color":"var(--ast-global-color-5)","background-image":"","background-repeat":"repeat","background-position":"center center","background-size":"auto","background-attachment":"scroll","background-type":"","background-media":"","overlay-type":"","overlay-color":"","overlay-opacity":"","overlay-gradient":""},"tablet":{"background-color":"","background-image":"","background-repeat":"repeat","background-position":"center center","background-size":"auto","background-attachment":"scroll","background-type":"","background-media":"","overlay-type":"","overlay-color":"","overlay-opacity":"","overlay-gradient":""},"mobile":{"background-color":"","background-image":"","background-repeat":"repeat","background-position":"center center","background-size":"auto","background-attachment":"scroll","background-type":"","background-media":"","overlay-type":"","overlay-color":"","overlay-opacity":"","overlay-gradient":""}},"ast-content-background-meta":{"desktop":{"background-color":"var(--ast-global-color-4)","background-image":"","background-repeat":"repeat","background-position":"center center","background-size":"auto","background-attachment":"scroll","background-type":"","background-media":"","overlay-type":"","overlay-color":"","overlay-opacity":"","overlay-gradient":""},"tablet":{"background-color":"var(--ast-global-color-4)","background-image":"","background-repeat":"repeat","background-position":"center center","background-size":"auto","background-attachment":"scroll","background-type":"","background-media":"","overlay-type":"","overlay-color":"","overlay-opacity":"","overlay-gradient":""},"mobile":{"background-color":"var(--ast-global-color-4)","background-image":"","background-repeat":"repeat","background-position":"center center","background-size":"auto","background-attachment":"scroll","background-type":"","background-media":"","overlay-type":"","overlay-color":"","overlay-opacity":"","overlay-gradient":""}},"footnotes":""},"class_list":["post-4159","page","type-page","status-publish","hentry"],"acf":[],"_links":{"self":[{"href":"https:\/\/www.parcastronomicprades.cat\/es\/wp-json\/wp\/v2\/pages\/4159","targetHints":{"allow":["GET"]}}],"collection":[{"href":"https:\/\/www.parcastronomicprades.cat\/es\/wp-json\/wp\/v2\/pages"}],"about":[{"href":"https:\/\/www.parcastronomicprades.cat\/es\/wp-json\/wp\/v2\/types\/page"}],"author":[{"embeddable":true,"href":"https:\/\/www.parcastronomicprades.cat\/es\/wp-json\/wp\/v2\/users\/1"}],"replies":[{"embeddable":true,"href":"https:\/\/www.parcastronomicprades.cat\/es\/wp-json\/wp\/v2\/comments?post=4159"}],"version-history":[{"count":62,"href":"https:\/\/www.parcastronomicprades.cat\/es\/wp-json\/wp\/v2\/pages\/4159\/revisions"}],"predecessor-version":[{"id":95144,"href":"https:\/\/www.parcastronomicprades.cat\/es\/wp-json\/wp\/v2\/pages\/4159\/revisions\/95144"}],"wp:attachment":[{"href":"https:\/\/www.parcastronomicprades.cat\/es\/wp-json\/wp\/v2\/media?parent=4159"}],"curies":[{"name":"wp","href":"https:\/\/api.w.org\/{rel}","templated":true}]}}