{"id":30455,"date":"2021-11-24T12:36:52","date_gmt":"2021-11-24T11:36:52","guid":{"rendered":"https:\/\/www.parcastronomicprades.cat\/cena-con-estrellas\/"},"modified":"2025-12-08T15:14:13","modified_gmt":"2025-12-08T14:14:13","slug":"cena-con-estrellas","status":"publish","type":"page","link":"https:\/\/www.parcastronomicprades.cat\/es\/cena-con-estrellas\/","title":{"rendered":"Cena con estrellas"},"content":{"rendered":"\t\t<div data-elementor-type=\"wp-page\" data-elementor-id=\"30455\" class=\"elementor elementor-30455 elementor-28748\" data-elementor-post-type=\"page\">\n\t\t\t\t<div class=\"elementor-element elementor-element-e7ca5e5 e-con-full e-flex e-con e-parent\" data-id=\"e7ca5e5\" data-element_type=\"container\" data-settings=\"{&quot;background_background&quot;:&quot;classic&quot;}\">\n\t\t<div class=\"elementor-element elementor-element-fa7d0aa e-con-full e-flex e-con e-child\" data-id=\"fa7d0aa\" data-element_type=\"container\">\n\t\t\t\t<div class=\"elementor-element elementor-element-714804d elementor-widget elementor-widget-heading\" data-id=\"714804d\" data-element_type=\"widget\" data-widget_type=\"heading.default\">\n\t\t\t\t<div class=\"elementor-widget-container\">\n\t\t\t\t\t<h1 class=\"elementor-heading-title elementor-size-default\">Cena con estrellas<\/h1>\t\t\t\t<\/div>\n\t\t\t\t<\/div>\n\t\t\t\t<div class=\"elementor-element elementor-element-cbb4028 nogap elementor-widget elementor-widget-text-editor\" data-id=\"cbb4028\" data-element_type=\"widget\" data-widget_type=\"text-editor.default\">\n\t\t\t\t<div class=\"elementor-widget-container\">\n\t\t\t\t\t\t\t\t\t<div class=\"et_pb_module et_pb_text et_pb_text_1 et_pb_text_align_center et_pb_bg_layout_light\"><div class=\"et_pb_text_inner\"><p>Disfruta de una comida tematizada en uno de los mejores restaurantes de Prades.<br \/><br \/><\/p><p>Escoge una de nuestras propuestas.<\/p><\/div><\/div>\t\t\t\t\t\t\t\t<\/div>\n\t\t\t\t<\/div>\n\t\t\t\t<\/div>\n\t\t<div class=\"elementor-element elementor-element-40f0c9f e-con-full elementor-hidden-mobile e-flex e-con e-child\" data-id=\"40f0c9f\" data-element_type=\"container\">\n\t\t\t\t<\/div>\n\t\t\t\t<\/div>\n\t\t<div class=\"elementor-element elementor-element-2754b1c4 e-con-full e-flex e-con e-parent\" data-id=\"2754b1c4\" data-element_type=\"container\">\n\t\t\t\t<\/div>\n\t\t<div class=\"elementor-element elementor-element-36c10f21 e-grid e-con-boxed e-con e-parent\" data-id=\"36c10f21\" data-element_type=\"container\" data-settings=\"{&quot;background_background&quot;:&quot;classic&quot;}\">\n\t\t\t\t\t<div class=\"e-con-inner\">\n\t\t<div class=\"elementor-element elementor-element-442910de e-con-full e-flex e-con e-child\" data-id=\"442910de\" data-element_type=\"container\" data-settings=\"{&quot;background_background&quot;:&quot;classic&quot;}\">\n\t\t\t\t<div class=\"elementor-element elementor-element-301a8f65 elementor-widget elementor-widget-image\" data-id=\"301a8f65\" data-element_type=\"widget\" data-widget_type=\"image.default\">\n\t\t\t\t<div class=\"elementor-widget-container\">\n\t\t\t\t\t\t\t\t\t\t\t\t\t\t\t\t<a href=\"https:\/\/www.parcastronomicprades.cat\/es\/zenit\/\">\n\t\t\t\t\t\t\t<img fetchpriority=\"high\" decoding=\"async\" width=\"1024\" height=\"768\" src=\"https:\/\/www.parcastronomicprades.cat\/wp-content\/uploads\/2025\/11\/IMG-20251126-WA0010-1024x768.jpg\" class=\"attachment-large size-large wp-image-99876\" alt=\"\" srcset=\"https:\/\/www.parcastronomicprades.cat\/wp-content\/uploads\/2025\/11\/IMG-20251126-WA0010-1024x768.jpg 1024w, https:\/\/www.parcastronomicprades.cat\/wp-content\/uploads\/2025\/11\/IMG-20251126-WA0010-300x225.jpg 300w, https:\/\/www.parcastronomicprades.cat\/wp-content\/uploads\/2025\/11\/IMG-20251126-WA0010-768x576.jpg 768w, https:\/\/www.parcastronomicprades.cat\/wp-content\/uploads\/2025\/11\/IMG-20251126-WA0010-1536x1152.jpg 1536w, https:\/\/www.parcastronomicprades.cat\/wp-content\/uploads\/2025\/11\/IMG-20251126-WA0010-600x450.jpg 600w, https:\/\/www.parcastronomicprades.cat\/wp-content\/uploads\/2025\/11\/IMG-20251126-WA0010.jpg 1600w\" sizes=\"(max-width: 1024px) 100vw, 1024px\" \/>\t\t\t\t\t\t\t\t<\/a>\n\t\t\t\t\t\t\t\t\t\t\t\t\t\t\t<\/div>\n\t\t\t\t<\/div>\n\t\t\t\t<div class=\"elementor-element elementor-element-5062f9ed elementor-widget elementor-widget-heading\" data-id=\"5062f9ed\" data-element_type=\"widget\" data-widget_type=\"heading.default\">\n\t\t\t\t<div class=\"elementor-widget-container\">\n\t\t\t\t\t<h2 class=\"elementor-heading-title elementor-size-default\"><a href=\"https:\/\/www.parcastronomicprades.cat\/es\/zenit\/\">ZENIT<\/a><\/h2>\t\t\t\t<\/div>\n\t\t\t\t<\/div>\n\t\t\t\t<div class=\"elementor-element elementor-element-5acb9fa0 nogap elementor-widget elementor-widget-text-editor\" data-id=\"5acb9fa0\" data-element_type=\"widget\" data-widget_type=\"text-editor.default\">\n\t\t\t\t<div class=\"elementor-widget-container\">\n\t\t\t\t\t\t\t\t\t<p>Men\u00fa tematizado de 2 entrantes, plato principal y postre<\/p>\t\t\t\t\t\t\t\t<\/div>\n\t\t\t\t<\/div>\n\t\t\t\t<\/div>\n\t\t<div class=\"elementor-element elementor-element-6412670c e-con-full e-flex e-con e-child\" data-id=\"6412670c\" data-element_type=\"container\" data-settings=\"{&quot;background_background&quot;:&quot;classic&quot;}\">\n\t\t\t\t<div class=\"elementor-element elementor-element-7d3f9415 elementor-widget elementor-widget-image\" data-id=\"7d3f9415\" data-element_type=\"widget\" data-widget_type=\"image.default\">\n\t\t\t\t<div class=\"elementor-widget-container\">\n\t\t\t\t\t\t\t\t\t\t\t\t\t\t\t\t<a href=\"https:\/\/www.parcastronomicprades.cat\/es\/lux\/\">\n\t\t\t\t\t\t\t<img decoding=\"async\" width=\"1024\" height=\"768\" src=\"https:\/\/www.parcastronomicprades.cat\/wp-content\/uploads\/2025\/11\/IMG-20251126-WA0034-1024x768.jpg\" class=\"attachment-large size-large wp-image-99862\" alt=\"\" srcset=\"https:\/\/www.parcastronomicprades.cat\/wp-content\/uploads\/2025\/11\/IMG-20251126-WA0034-1024x768.jpg 1024w, https:\/\/www.parcastronomicprades.cat\/wp-content\/uploads\/2025\/11\/IMG-20251126-WA0034-300x225.jpg 300w, https:\/\/www.parcastronomicprades.cat\/wp-content\/uploads\/2025\/11\/IMG-20251126-WA0034-768x576.jpg 768w, https:\/\/www.parcastronomicprades.cat\/wp-content\/uploads\/2025\/11\/IMG-20251126-WA0034-1536x1152.jpg 1536w, https:\/\/www.parcastronomicprades.cat\/wp-content\/uploads\/2025\/11\/IMG-20251126-WA0034-600x450.jpg 600w, https:\/\/www.parcastronomicprades.cat\/wp-content\/uploads\/2025\/11\/IMG-20251126-WA0034.jpg 1600w\" sizes=\"(max-width: 1024px) 100vw, 1024px\" \/>\t\t\t\t\t\t\t\t<\/a>\n\t\t\t\t\t\t\t\t\t\t\t\t\t\t\t<\/div>\n\t\t\t\t<\/div>\n\t\t\t\t<div class=\"elementor-element elementor-element-77ef698e elementor-widget elementor-widget-heading\" data-id=\"77ef698e\" data-element_type=\"widget\" data-widget_type=\"heading.default\">\n\t\t\t\t<div class=\"elementor-widget-container\">\n\t\t\t\t\t<h2 class=\"elementor-heading-title elementor-size-default\"><a href=\"https:\/\/www.parcastronomicprades.cat\/es\/lux\/\">LUX<\/a><\/h2>\t\t\t\t<\/div>\n\t\t\t\t<\/div>\n\t\t\t\t<div class=\"elementor-element elementor-element-43f39cd5 nogap elementor-widget elementor-widget-text-editor\" data-id=\"43f39cd5\" data-element_type=\"widget\" data-widget_type=\"text-editor.default\">\n\t\t\t\t<div class=\"elementor-widget-container\">\n\t\t\t\t\t\t\t\t\t<p>Men\u00fa tematizado degustaci\u00f3n de 4 platos y 2 postres con vino superior<\/p>\t\t\t\t\t\t\t\t<\/div>\n\t\t\t\t<\/div>\n\t\t\t\t<\/div>\n\t\t\t\t\t<\/div>\n\t\t\t\t<\/div>\n\t\t<div class=\"elementor-element elementor-element-a33aaa7 e-grid e-con-boxed e-con e-parent\" data-id=\"a33aaa7\" data-element_type=\"container\" data-settings=\"{&quot;background_background&quot;:&quot;classic&quot;}\">\n\t\t\t\t\t<div class=\"e-con-inner\">\n\t\t<div class=\"elementor-element elementor-element-512ed10 e-con-full e-flex e-con e-child\" data-id=\"512ed10\" data-element_type=\"container\" data-settings=\"{&quot;background_background&quot;:&quot;classic&quot;}\">\n\t\t\t\t<div class=\"elementor-element elementor-element-d4b0cc4 elementor-widget elementor-widget-image\" data-id=\"d4b0cc4\" data-element_type=\"widget\" data-widget_type=\"image.default\">\n\t\t\t\t<div class=\"elementor-widget-container\">\n\t\t\t\t\t\t\t\t\t\t\t\t\t\t\t\t<a href=\"https:\/\/www.parcastronomicprades.cat\/es\/espectacle\/anade-tu-astroburguer\/\">\n\t\t\t\t\t\t\t<img decoding=\"async\" width=\"1\" height=\"1\" src=\"https:\/\/www.parcastronomicprades.cat\/wp-content\/uploads\/2025\/11\/Altair-dibuix-h-2.png\" class=\"attachment-large size-large wp-image-99979\" alt=\"\" \/>\t\t\t\t\t\t\t\t<\/a>\n\t\t\t\t\t\t\t\t\t\t\t\t\t\t\t<\/div>\n\t\t\t\t<\/div>\n\t\t\t\t<div class=\"elementor-element elementor-element-7c4f5df elementor-widget elementor-widget-heading\" data-id=\"7c4f5df\" data-element_type=\"widget\" data-widget_type=\"heading.default\">\n\t\t\t\t<div class=\"elementor-widget-container\">\n\t\t\t\t\t<h2 class=\"elementor-heading-title elementor-size-default\"><a href=\"https:\/\/www.parcastronomicprades.cat\/es\/espectacle\/anade-tu-astroburguer\/\">Astro Burguer<\/a><\/h2>\t\t\t\t<\/div>\n\t\t\t\t<\/div>\n\t\t\t\t<div class=\"elementor-element elementor-element-68fa958 nogap elementor-widget elementor-widget-text-editor\" data-id=\"68fa958\" data-element_type=\"widget\" data-widget_type=\"text-editor.default\">\n\t\t\t\t<div class=\"elementor-widget-container\">\n\t\t\t\t\t\t\t\t\t<p>Solo combinable con el espect\u00e1culo SELENE<\/p>\t\t\t\t\t\t\t\t<\/div>\n\t\t\t\t<\/div>\n\t\t\t\t<\/div>\n\t\t\t\t\t<\/div>\n\t\t\t\t<\/div>\n\t\t<div class=\"elementor-element elementor-element-7f50dda3 e-flex e-con-boxed e-con e-parent\" data-id=\"7f50dda3\" data-element_type=\"container\">\n\t\t\t\t\t<div class=\"e-con-inner\">\n\t\t<div class=\"elementor-element elementor-element-2991fdad e-con-full e-flex e-con e-child\" data-id=\"2991fdad\" data-element_type=\"container\" data-settings=\"{&quot;background_background&quot;:&quot;classic&quot;}\">\n\t\t\t\t<div class=\"elementor-element elementor-element-e78d04d elementor-widget elementor-widget-heading\" data-id=\"e78d04d\" data-element_type=\"widget\" data-widget_type=\"heading.default\">\n\t\t\t\t<div class=\"elementor-widget-container\">\n\t\t\t\t\t<h2 class=\"elementor-heading-title elementor-size-default\">Compra tu entrada<\/h2>\t\t\t\t<\/div>\n\t\t\t\t<\/div>\n\t\t\t\t<div class=\"elementor-element elementor-element-544696e4 nogap elementor-widget elementor-widget-text-editor\" data-id=\"544696e4\" data-element_type=\"widget\" data-widget_type=\"text-editor.default\">\n\t\t\t\t<div class=\"elementor-widget-container\">\n\t\t\t\t\t\t\t\t\t<p style=\"text-align: center;\">Consulta toda la programaci\u00f3n para las pr\u00f3ximas semanas<br>en el Parc Astron\u00f2mic Muntanyes de Prades.<\/p><p style=\"text-align: center;\"><strong>Ven y disfruta del espectacular cielo de Prades!<\/strong><\/p>\t\t\t\t\t\t\t\t<\/div>\n\t\t\t\t<\/div>\n\t\t\t\t<div class=\"elementor-element elementor-element-492b17f9 elementor-widget elementor-widget-shortcode\" data-id=\"492b17f9\" data-element_type=\"widget\" data-widget_type=\"shortcode.default\">\n\t\t\t\t<div class=\"elementor-widget-container\">\n\t\t\t\t\t\t\t<div class=\"elementor-shortcode\"><div id=\"event-calendar\" data-categoria=\"sopar-amb-estels\"><\/div><\/div>\n\t\t\t\t\t\t<\/div>\n\t\t\t\t<\/div>\n\t\t\t\t<\/div>\n\t\t\t\t\t<\/div>\n\t\t\t\t<\/div>\n\t\t\t\t<\/div>\n\t\t","protected":false},"excerpt":{"rendered":"<p>Cena con estrellas Disfruta de una comida tematizada en uno de los mejores restaurantes de Prades. Escoge una de nuestras [&hellip;]<\/p>\n","protected":false},"author":5,"featured_media":0,"parent":0,"menu_order":0,"comment_status":"closed","ping_status":"closed","template":"","meta":{"_acf_changed":false,"site-sidebar-layout":"default","site-content-layout":"","ast-site-content-layout":"default","site-content-style":"default","site-sidebar-style":"default","ast-global-header-display":"","ast-banner-title-visibility":"","ast-main-header-display":"","ast-hfb-above-header-display":"","ast-hfb-below-header-display":"","ast-hfb-mobile-header-display":"","site-post-title":"","ast-breadcrumbs-content":"","ast-featured-img":"","footer-sml-layout":"","theme-transparent-header-meta":"","adv-header-id-meta":"","stick-header-meta":"","header-above-stick-meta":"","header-main-stick-meta":"","header-below-stick-meta":"","astra-migrate-meta-layouts":"default","ast-page-background-enabled":"default","ast-page-background-meta":{"desktop":{"background-color":"var(--ast-global-color-5)","background-image":"","background-repeat":"repeat","background-position":"center center","background-size":"auto","background-attachment":"scroll","background-type":"","background-media":"","overlay-type":"","overlay-color":"","overlay-opacity":"","overlay-gradient":""},"tablet":{"background-color":"","background-image":"","background-repeat":"repeat","background-position":"center center","background-size":"auto","background-attachment":"scroll","background-type":"","background-media":"","overlay-type":"","overlay-color":"","overlay-opacity":"","overlay-gradient":""},"mobile":{"background-color":"","background-image":"","background-repeat":"repeat","background-position":"center center","background-size":"auto","background-attachment":"scroll","background-type":"","background-media":"","overlay-type":"","overlay-color":"","overlay-opacity":"","overlay-gradient":""}},"ast-content-background-meta":{"desktop":{"background-color":"var(--ast-global-color-4)","background-image":"","background-repeat":"repeat","background-position":"center center","background-size":"auto","background-attachment":"scroll","background-type":"","background-media":"","overlay-type":"","overlay-color":"","overlay-opacity":"","overlay-gradient":""},"tablet":{"background-color":"var(--ast-global-color-4)","background-image":"","background-repeat":"repeat","background-position":"center center","background-size":"auto","background-attachment":"scroll","background-type":"","background-media":"","overlay-type":"","overlay-color":"","overlay-opacity":"","overlay-gradient":""},"mobile":{"background-color":"var(--ast-global-color-4)","background-image":"","background-repeat":"repeat","background-position":"center center","background-size":"auto","background-attachment":"scroll","background-type":"","background-media":"","overlay-type":"","overlay-color":"","overlay-opacity":"","overlay-gradient":""}},"footnotes":""},"class_list":["post-30455","page","type-page","status-publish","hentry"],"acf":[],"_links":{"self":[{"href":"https:\/\/www.parcastronomicprades.cat\/es\/wp-json\/wp\/v2\/pages\/30455","targetHints":{"allow":["GET"]}}],"collection":[{"href":"https:\/\/www.parcastronomicprades.cat\/es\/wp-json\/wp\/v2\/pages"}],"about":[{"href":"https:\/\/www.parcastronomicprades.cat\/es\/wp-json\/wp\/v2\/types\/page"}],"author":[{"embeddable":true,"href":"https:\/\/www.parcastronomicprades.cat\/es\/wp-json\/wp\/v2\/users\/5"}],"replies":[{"embeddable":true,"href":"https:\/\/www.parcastronomicprades.cat\/es\/wp-json\/wp\/v2\/comments?post=30455"}],"version-history":[{"count":45,"href":"https:\/\/www.parcastronomicprades.cat\/es\/wp-json\/wp\/v2\/pages\/30455\/revisions"}],"predecessor-version":[{"id":100424,"href":"https:\/\/www.parcastronomicprades.cat\/es\/wp-json\/wp\/v2\/pages\/30455\/revisions\/100424"}],"wp:attachment":[{"href":"https:\/\/www.parcastronomicprades.cat\/es\/wp-json\/wp\/v2\/media?parent=30455"}],"curies":[{"name":"wp","href":"https:\/\/api.w.org\/{rel}","templated":true}]}}