{"id":30452,"date":"2021-11-11T19:07:01","date_gmt":"2021-11-11T18:07:01","guid":{"rendered":"https:\/\/www.parcastronomicprades.cat\/starlight\/"},"modified":"2025-07-03T23:05:46","modified_gmt":"2025-07-03T22:05:46","slug":"starlight","status":"publish","type":"page","link":"https:\/\/www.parcastronomicprades.cat\/es\/starlight\/","title":{"rendered":"Cielo Starlight"},"content":{"rendered":"\t\t<div data-elementor-type=\"wp-page\" data-elementor-id=\"30452\" class=\"elementor elementor-30452 elementor-28668\" data-elementor-post-type=\"page\">\n\t\t\t\t<div class=\"elementor-element elementor-element-fb7f913 e-con-full e-flex e-con e-parent\" data-id=\"fb7f913\" data-element_type=\"container\" data-settings=\"{&quot;background_background&quot;:&quot;classic&quot;}\">\n\t\t<div class=\"elementor-element elementor-element-e09247b e-con-full e-flex e-con e-child\" data-id=\"e09247b\" data-element_type=\"container\">\n\t\t\t\t<div class=\"elementor-element elementor-element-e811c1e elementor-widget elementor-widget-heading\" data-id=\"e811c1e\" data-element_type=\"widget\" data-widget_type=\"heading.default\">\n\t\t\t\t<div class=\"elementor-widget-container\">\n\t\t\t\t\t<h1 class=\"elementor-heading-title elementor-size-default\">Cielo Starlight<\/h1>\t\t\t\t<\/div>\n\t\t\t\t<\/div>\n\t\t\t\t<div class=\"elementor-element elementor-element-1498843 nogap elementor-widget elementor-widget-text-editor\" data-id=\"1498843\" data-element_type=\"widget\" data-widget_type=\"text-editor.default\">\n\t\t\t\t<div class=\"elementor-widget-container\">\n\t\t\t\t\t\t\t\t\t<p><strong>Espacio de Medi Nocturn Protegit<\/strong><\/p>\t\t\t\t\t\t\t\t<\/div>\n\t\t\t\t<\/div>\n\t\t\t\t<\/div>\n\t\t<div class=\"elementor-element elementor-element-e3fa503 e-con-full elementor-hidden-mobile e-flex e-con e-child\" data-id=\"e3fa503\" data-element_type=\"container\">\n\t\t\t\t<\/div>\n\t\t\t\t<\/div>\n\t\t<div class=\"elementor-element elementor-element-6714580b e-con-full e-flex e-con e-parent\" data-id=\"6714580b\" data-element_type=\"container\">\n\t\t\t\t<\/div>\n\t\t<div class=\"elementor-element elementor-element-4eff2197 e-flex e-con-boxed e-con e-parent\" data-id=\"4eff2197\" data-element_type=\"container\" data-settings=\"{&quot;background_background&quot;:&quot;classic&quot;}\">\n\t\t\t\t\t<div class=\"e-con-inner\">\n\t\t<div class=\"elementor-element elementor-element-2d03a48d e-con-full e-flex e-con e-child\" data-id=\"2d03a48d\" data-element_type=\"container\">\n\t\t\t\t<div class=\"elementor-element elementor-element-7f0f6a06 elementor-widget elementor-widget-image\" data-id=\"7f0f6a06\" data-element_type=\"widget\" data-widget_type=\"image.default\">\n\t\t\t\t<div class=\"elementor-widget-container\">\n\t\t\t\t\t\t\t\t\t\t\t\t\t\t\t<img fetchpriority=\"high\" decoding=\"async\" width=\"1172\" height=\"1172\" src=\"https:\/\/www.parcastronomicprades.cat\/wp-content\/uploads\/2025\/07\/starlight-1.png\" class=\"attachment-full size-full wp-image-94080\" alt=\"\" srcset=\"https:\/\/www.parcastronomicprades.cat\/wp-content\/uploads\/2025\/07\/starlight-1.png 1172w, https:\/\/www.parcastronomicprades.cat\/wp-content\/uploads\/2025\/07\/starlight-1-300x300.png 300w, https:\/\/www.parcastronomicprades.cat\/wp-content\/uploads\/2025\/07\/starlight-1-1024x1024.png 1024w, https:\/\/www.parcastronomicprades.cat\/wp-content\/uploads\/2025\/07\/starlight-1-150x150.png 150w, https:\/\/www.parcastronomicprades.cat\/wp-content\/uploads\/2025\/07\/starlight-1-768x768.png 768w, https:\/\/www.parcastronomicprades.cat\/wp-content\/uploads\/2025\/07\/starlight-1-600x600.png 600w, https:\/\/www.parcastronomicprades.cat\/wp-content\/uploads\/2025\/07\/starlight-1-100x100.png 100w\" sizes=\"(max-width: 1172px) 100vw, 1172px\" \/>\t\t\t\t\t\t\t\t\t\t\t\t\t\t\t<\/div>\n\t\t\t\t<\/div>\n\t\t\t\t<\/div>\n\t\t<div class=\"elementor-element elementor-element-5ed972ce e-con-full e-flex e-con e-child\" data-id=\"5ed972ce\" data-element_type=\"container\">\n\t\t\t\t<div class=\"elementor-element elementor-element-1198b4f2 elementor-widget elementor-widget-text-editor\" data-id=\"1198b4f2\" data-element_type=\"widget\" data-widget_type=\"text-editor.default\">\n\t\t\t\t<div class=\"elementor-widget-container\">\n\t\t\t\t\t\t\t\t\t<p>El cielo nocturno de las Monta\u00f1as de Prades y la Sierra de Montsant en 2021 se convirti\u00f3 en uno de los territorios m\u00e1s grandes a nivel europeo protegido hacia la contaminaci\u00f3n lum\u00ednica. El Parque Natural de la Sierra de Montsant es el punto de referencia de cielos oscuros. A su alrededor se re\u00fanen una treintena de municipios, de cuatro comarcas (Priorat, Baix Camp, Alt Camp y Conca de Barber\u00e0). <\/p><p>Este territorio ha sido declarado como Destino Tur\u00edstico Starlight por la excelente calidad de su cielo nocturno. La Fundaci\u00f3n Starlight, que concede esta certificaci\u00f3n, se crea en 2007 promovida por el Instituto de Astrof\u00edsica de Canarias, en el marco de la Declaraci\u00f3n de La Palma \u201cDeclaraci\u00f3n sobre la Defensa del Cielo Nocturno y el Derecho a la Luz de las Estrellas\u201d <\/p><p>Los gu\u00edas del Parque Astron\u00f3mico Monta\u00f1as de Prades somos gu\u00edas acreditados por la Fundaci\u00f3n Starlight. Tambi\u00e9n formamos parte del claustro de profesores de la Fundaci\u00f3n y hemos participado en la certificaci\u00f3n de cientos de nuevos monitores y gu\u00edas astron\u00f3micos Starlight.<\/p>\t\t\t\t\t\t\t\t<\/div>\n\t\t\t\t<\/div>\n\t\t\t\t<\/div>\n\t\t\t\t\t<\/div>\n\t\t\t\t<\/div>\n\t\t\t\t<\/div>\n\t\t","protected":false},"excerpt":{"rendered":"<p>Espacio de Medi Nocturn Protegit El cielo nocturno de las Monta\u00f1as de Prades y la Sierra de Montsant en 2021 [&hellip;]<\/p>\n","protected":false},"author":5,"featured_media":0,"parent":0,"menu_order":0,"comment_status":"closed","ping_status":"closed","template":"","meta":{"_acf_changed":false,"site-sidebar-layout":"default","site-content-layout":"","ast-site-content-layout":"default","site-content-style":"default","site-sidebar-style":"default","ast-global-header-display":"","ast-banner-title-visibility":"","ast-main-header-display":"","ast-hfb-above-header-display":"","ast-hfb-below-header-display":"","ast-hfb-mobile-header-display":"","site-post-title":"","ast-breadcrumbs-content":"","ast-featured-img":"","footer-sml-layout":"","theme-transparent-header-meta":"","adv-header-id-meta":"","stick-header-meta":"","header-above-stick-meta":"","header-main-stick-meta":"","header-below-stick-meta":"","astra-migrate-meta-layouts":"default","ast-page-background-enabled":"default","ast-page-background-meta":{"desktop":{"background-color":"var(--ast-global-color-5)","background-image":"","background-repeat":"repeat","background-position":"center center","background-size":"auto","background-attachment":"scroll","background-type":"","background-media":"","overlay-type":"","overlay-color":"","overlay-opacity":"","overlay-gradient":""},"tablet":{"background-color":"","background-image":"","background-repeat":"repeat","background-position":"center center","background-size":"auto","background-attachment":"scroll","background-type":"","background-media":"","overlay-type":"","overlay-color":"","overlay-opacity":"","overlay-gradient":""},"mobile":{"background-color":"","background-image":"","background-repeat":"repeat","background-position":"center center","background-size":"auto","background-attachment":"scroll","background-type":"","background-media":"","overlay-type":"","overlay-color":"","overlay-opacity":"","overlay-gradient":""}},"ast-content-background-meta":{"desktop":{"background-color":"var(--ast-global-color-4)","background-image":"","background-repeat":"repeat","background-position":"center center","background-size":"auto","background-attachment":"scroll","background-type":"","background-media":"","overlay-type":"","overlay-color":"","overlay-opacity":"","overlay-gradient":""},"tablet":{"background-color":"var(--ast-global-color-4)","background-image":"","background-repeat":"repeat","background-position":"center center","background-size":"auto","background-attachment":"scroll","background-type":"","background-media":"","overlay-type":"","overlay-color":"","overlay-opacity":"","overlay-gradient":""},"mobile":{"background-color":"var(--ast-global-color-4)","background-image":"","background-repeat":"repeat","background-position":"center center","background-size":"auto","background-attachment":"scroll","background-type":"","background-media":"","overlay-type":"","overlay-color":"","overlay-opacity":"","overlay-gradient":""}},"footnotes":""},"class_list":["post-30452","page","type-page","status-publish","hentry"],"acf":[],"_links":{"self":[{"href":"https:\/\/www.parcastronomicprades.cat\/es\/wp-json\/wp\/v2\/pages\/30452","targetHints":{"allow":["GET"]}}],"collection":[{"href":"https:\/\/www.parcastronomicprades.cat\/es\/wp-json\/wp\/v2\/pages"}],"about":[{"href":"https:\/\/www.parcastronomicprades.cat\/es\/wp-json\/wp\/v2\/types\/page"}],"author":[{"embeddable":true,"href":"https:\/\/www.parcastronomicprades.cat\/es\/wp-json\/wp\/v2\/users\/5"}],"replies":[{"embeddable":true,"href":"https:\/\/www.parcastronomicprades.cat\/es\/wp-json\/wp\/v2\/comments?post=30452"}],"version-history":[{"count":20,"href":"https:\/\/www.parcastronomicprades.cat\/es\/wp-json\/wp\/v2\/pages\/30452\/revisions"}],"predecessor-version":[{"id":95149,"href":"https:\/\/www.parcastronomicprades.cat\/es\/wp-json\/wp\/v2\/pages\/30452\/revisions\/95149"}],"wp:attachment":[{"href":"https:\/\/www.parcastronomicprades.cat\/es\/wp-json\/wp\/v2\/media?parent=30452"}],"curies":[{"name":"wp","href":"https:\/\/api.w.org\/{rel}","templated":true}]}}