{"id":30402,"date":"2021-12-16T21:08:06","date_gmt":"2021-12-16T20:08:06","guid":{"rendered":"https:\/\/www.parcastronomicprades.cat\/kosmos-compra-tu-entrada\/"},"modified":"2025-07-07T18:02:03","modified_gmt":"2025-07-07T17:02:03","slug":"kosmos-compra-tu-entrada","status":"publish","type":"page","link":"https:\/\/www.parcastronomicprades.cat\/es\/kosmos-compra-tu-entrada\/","title":{"rendered":"KOSMOS compra tu entrada"},"content":{"rendered":"\t\t<div data-elementor-type=\"wp-page\" data-elementor-id=\"30402\" class=\"elementor elementor-30402 elementor-30363\" data-elementor-post-type=\"page\">\n\t\t\t\t<div class=\"elementor-element elementor-element-4712166 e-con-full e-flex e-con e-parent\" data-id=\"4712166\" data-element_type=\"container\" data-settings=\"{&quot;background_background&quot;:&quot;classic&quot;}\">\n\t\t<div class=\"elementor-element elementor-element-50e0b13 e-con-full e-flex e-con e-child\" data-id=\"50e0b13\" data-element_type=\"container\">\n\t\t\t\t<div class=\"elementor-element elementor-element-9a49b31 elementor-widget elementor-widget-heading\" data-id=\"9a49b31\" data-element_type=\"widget\" data-widget_type=\"heading.default\">\n\t\t\t\t<div class=\"elementor-widget-container\">\n\t\t\t\t\t<h1 class=\"elementor-heading-title elementor-size-default\">KOSMOS compra tu entrada<\/h1>\t\t\t\t<\/div>\n\t\t\t\t<\/div>\n\t\t\t\t<\/div>\n\t\t<div class=\"elementor-element elementor-element-926d98b e-con-full elementor-hidden-mobile e-flex e-con e-child\" data-id=\"926d98b\" data-element_type=\"container\">\n\t\t\t\t<\/div>\n\t\t\t\t<\/div>\n\t\t<div class=\"elementor-element elementor-element-f684ef3 e-flex e-con-boxed e-con e-parent\" data-id=\"f684ef3\" data-element_type=\"container\" data-settings=\"{&quot;background_background&quot;:&quot;classic&quot;}\">\n\t\t\t\t\t<div class=\"e-con-inner\">\n\t\t<div class=\"elementor-element elementor-element-2a5c0106 e-con-full e-flex e-con e-child\" data-id=\"2a5c0106\" data-element_type=\"container\">\n\t\t\t\t<div class=\"elementor-element elementor-element-3c73ac8 tb elementor-widget elementor-widget-text-editor\" data-id=\"3c73ac8\" data-element_type=\"widget\" data-widget_type=\"text-editor.default\">\n\t\t\t\t<div class=\"elementor-widget-container\">\n\t\t\t\t\t\t\t\t\t<p data-start=\"783\" data-end=\"1145\"><strong data-start=\"783\" data-end=\"878\">KOSMOS es un espect\u00e1culo de astronom\u00eda, un tributo a la m\u00edtica serie Cosmos, de Carl Sagan.<\/strong><br data-start=\"878\" data-end=\"881\" \/>Una experiencia inmersiva \u00fanica en Catalu\u00f1a que nos transportar\u00e1 a los confines del universo para volver al cielo oscuro de Prades, donde observaremos con telescopios de gran di\u00e1metro y nos dejaremos guiar por su cielo y las historias de mitolog\u00eda que se esconden.<\/p><blockquote data-start=\"1147\" data-end=\"1199\"><p data-start=\"1149\" data-end=\"1199\">Espect\u00e1culo recomendado para mayores de 8-10 a\u00f1os.<\/p><\/blockquote><hr data-start=\"1201\" data-end=\"1204\" \/><h2 data-start=\"1206\" data-end=\"1273\"><br \/>El espect\u00e1culo se compone de dos partes separadas por una pausa:<\/h2><h3 data-start=\"1275\" data-end=\"1303\">Parte 1 \u2013 Sala Hypatia<\/h3><p data-start=\"1304\" data-end=\"1717\">Es un viaje hacia el universo profundo. Lo haremos en nuestra nave, envueltos en atm\u00f3sferas sonoras, de luz e im\u00e1genes que nos har\u00e1n revivir momentos clave de la historia de la astronom\u00eda.<br data-start=\"1492\" data-end=\"1495\" \/>Hablaremos de actualidad cient\u00edfica en un formato fresco y divertido.<br data-start=\"1564\" data-end=\"1567\" \/>Dentro del Planetario disfrutaremos de espectaculares producciones y simulaciones del universo comentadas en directo por nuestros <strong data-start=\"1697\" data-end=\"1716\">Gu\u00edas Starlight<\/strong>.<\/p><h3 data-start=\"1719\" data-end=\"1767\">Parte 2 \u2013 Mirador Astron\u00f3mico de San Roque<\/h3><p data-start=\"1768\" data-end=\"2084\">Cuando sea de noche, nos trasladaremos al Mirador, un entorno de gran belleza, estirados en tumbonas para una visi\u00f3n del cielo de 360\u00ba.<br data-start=\"1903\" data-end=\"1906\" \/>Descubriremos el cielo oscuro de Prades con <strong data-start=\"1950\" data-end=\"1998\">observaci\u00f3n con telescopios de gran di\u00e1metro<\/strong> y una <strong data-start=\"2005\" data-end=\"2046\">interpretaci\u00f3n guiada con l\u00e1ser verde<\/strong> de las constelaciones y su mitolog\u00eda.<\/p><hr data-start=\"2086\" data-end=\"2089\" \/><h2 data-start=\"2091\" data-end=\"2107\"><br \/>Ficha t\u00e9cnica<\/h2><ul data-start=\"2109\" data-end=\"2460\"><li data-start=\"2109\" data-end=\"2134\"><p data-start=\"2111\" data-end=\"2134\">Direcci\u00f3n: Aleix Roig<\/p><\/li><li data-start=\"2135\" data-end=\"2173\"><p data-start=\"2137\" data-end=\"2173\">Direcci\u00f3n art\u00edstica: Gerard Marsal<\/p><\/li><li data-start=\"2174\" data-end=\"2199\"><p data-start=\"2176\" data-end=\"2199\">M\u00fasica: Gerard Marsal<\/p><\/li><li data-start=\"2200\" data-end=\"2226\"><p data-start=\"2202\" data-end=\"2226\">Luz y sonido: Pau Vila<\/p><\/li><li data-start=\"2227\" data-end=\"2260\"><p data-start=\"2229\" data-end=\"2260\">Escenograf\u00eda: Mizar Xperience<\/p><\/li><li data-start=\"2261\" data-end=\"2312\"><p data-start=\"2263\" data-end=\"2312\">Producci\u00f3n: Parc Astron\u00f2mic Muntanyes de Prades<\/p><\/li><li data-start=\"2313\" data-end=\"2368\"><p data-start=\"2315\" data-end=\"2368\">Idioma: catal\u00e1n y castellano (consultar calendario)<\/p><\/li><li data-start=\"2369\" data-end=\"2397\"><p data-start=\"2371\" data-end=\"2397\">Duraci\u00f3n: 2h30\u2032 en total<\/p><\/li><li data-start=\"2398\" data-end=\"2460\"><p data-start=\"2400\" data-end=\"2460\">Menores de 2 a\u00f1os: gratuito mostrando DNI o libro de familia<\/p><\/li><\/ul><hr data-start=\"2462\" data-end=\"2465\" \/><h2 data-start=\"2467\" data-end=\"2493\"><br \/><img decoding=\"async\" class=\"emoji\" role=\"img\" draggable=\"false\" src=\"https:\/\/s.w.org\/images\/core\/emoji\/15.1.0\/svg\/1f39f.svg\" alt=\"\ud83c\udf9f\ufe0f\" \/> Adquiere tu entrada<\/h2><p data-start=\"2495\" data-end=\"2576\"><img decoding=\"async\" class=\"emoji\" role=\"img\" draggable=\"false\" src=\"https:\/\/s.w.org\/images\/core\/emoji\/15.1.0\/svg\/1f5d3.svg\" alt=\"\ud83d\uddd3\ufe0f\" \/> C\u00f3digo de calendario:<br data-start=\"2520\" data-end=\"2523\" \/><code data-start=\"2523\" data-end=\"2576\">[fooevents_calendar id=\"cal1\" include_cat=\"kosmos\"]<\/code><\/p><hr data-start=\"2578\" data-end=\"2581\" \/><h2 data-start=\"2583\" data-end=\"2604\"><br \/><img decoding=\"async\" class=\"emoji\" role=\"img\" draggable=\"false\" src=\"https:\/\/s.w.org\/images\/core\/emoji\/15.1.0\/svg\/2139.svg\" alt=\"\u2139\ufe0f\" \/> M\u00c1S INFORMACI\u00d3N<\/h2><ul data-start=\"2606\" data-end=\"3643\"><li data-start=\"2606\" data-end=\"2796\"><p data-start=\"2608\" data-end=\"2796\"><strong data-start=\"2608\" data-end=\"2631\">Punto de encuentro:<\/strong><br data-start=\"2631\" data-end=\"2634\" \/>Centro de Visitantes del Parque Astron\u00f3mico Monta\u00f1as de Prades<br data-start=\"2696\" data-end=\"2699\" \/>(C\/Muralla, 5, 43364 Prades, Tarragona).<br data-start=\"2739\" data-end=\"2742\" \/>Es necesario llegar 15\u2032 antes del inicio de la sesi\u00f3n.<\/p><\/li><li data-start=\"2798\" data-end=\"2876\"><p data-start=\"2800\" data-end=\"2876\"><strong data-start=\"2800\" data-end=\"2816\">Puntualidad:<\/strong><br data-start=\"2816\" data-end=\"2819\" \/>Pasada la hora de inicio no se podr\u00e1 acceder a la sesi\u00f3n.<\/p><\/li><li data-start=\"2878\" data-end=\"2983\"><p data-start=\"2880\" data-end=\"2983\"><strong data-start=\"2880\" data-end=\"2896\">Observaci\u00f3n:<\/strong><br data-start=\"2896\" data-end=\"2899\" \/>Se realiza a 10\u2032 en coche del punto de encuentro.<br data-start=\"2948\" data-end=\"2951\" \/>Es necesario transporte privado.<\/p><\/li><li data-start=\"2985\" data-end=\"3098\"><p data-start=\"2987\" data-end=\"3098\"><strong data-start=\"2987\" data-end=\"2996\">Ropa:<\/strong><br data-start=\"2996\" data-end=\"2999\" \/>Se recomienda llevar ropa de abrigo sea cual sea la \u00e9poca del a\u00f1o.<br data-start=\"3065\" data-end=\"3068\" \/>Prades tiene clima de monta\u00f1a.<\/p><\/li><li data-start=\"3100\" data-end=\"3219\"><p data-start=\"3102\" data-end=\"3219\"><strong data-start=\"3102\" data-end=\"3118\">Iluminaci\u00f3n:<\/strong><br data-start=\"3118\" data-end=\"3121\" \/>Recomendado llevar linterna o luz frontal roja.<br data-start=\"3168\" data-end=\"3171\" \/>No se permite luz blanca durante la observaci\u00f3n.<\/p><\/li><li data-start=\"3221\" data-end=\"3330\"><p data-start=\"3223\" data-end=\"3330\"><strong data-start=\"3223\" data-end=\"3241\">Restricciones:<\/strong><br data-start=\"3241\" data-end=\"3244\" \/>No est\u00e1 permitida la entrada de animales, comida ni bebida en el Centro de Visitantes.<\/p><\/li><li data-start=\"3332\" data-end=\"3510\"><p data-start=\"3334\" data-end=\"3510\"><strong data-start=\"3334\" data-end=\"3359\">Suspensi\u00f3n por clima:<\/strong><br data-start=\"3359\" data-end=\"3362\" \/>En caso de mal tiempo, se suspender\u00e1 la observaci\u00f3n en el Mirador.<br data-start=\"3428\" data-end=\"3431\" \/>Se ofrecer\u00e1 una <strong data-start=\"3447\" data-end=\"3467\">entrada gratuita<\/strong> para realizarla en los siguientes 3 meses.<\/p><\/li><li data-start=\"3512\" data-end=\"3594\"><p data-start=\"3514\" data-end=\"3594\"><strong data-start=\"3514\" data-end=\"3532\">Accesibilidad:<\/strong><br data-start=\"3532\" data-end=\"3535\" \/>Espect\u00e1culo accesible para personas con movilidad reducida.<\/p><\/li><li data-start=\"3596\" data-end=\"3643\"><p data-start=\"3598\" data-end=\"3643\"><strong data-start=\"3598\" data-end=\"3619\">Edad recomendada:<\/strong><br data-start=\"3619\" data-end=\"3622\" \/>Mayores de 8-10 a\u00f1os.<\/p><\/li><\/ul>\t\t\t\t\t\t\t\t<\/div>\n\t\t\t\t<\/div>\n\t\t\t\t<\/div>\n\t\t\t\t\t<\/div>\n\t\t\t\t<\/div>\n\t\t\t\t<\/div>\n\t\t","protected":false},"excerpt":{"rendered":"<p>KOSMOS es un espect\u00e1culo de astronom\u00eda, un tributo a la m\u00edtica serie Cosmos, de Carl Sagan.Una experiencia inmersiva \u00fanica en [&hellip;]<\/p>\n","protected":false},"author":5,"featured_media":0,"parent":0,"menu_order":0,"comment_status":"closed","ping_status":"closed","template":"","meta":{"_acf_changed":false,"site-sidebar-layout":"default","site-content-layout":"","ast-site-content-layout":"default","site-content-style":"default","site-sidebar-style":"default","ast-global-header-display":"","ast-banner-title-visibility":"","ast-main-header-display":"","ast-hfb-above-header-display":"","ast-hfb-below-header-display":"","ast-hfb-mobile-header-display":"","site-post-title":"","ast-breadcrumbs-content":"","ast-featured-img":"","footer-sml-layout":"","theme-transparent-header-meta":"","adv-header-id-meta":"","stick-header-meta":"","header-above-stick-meta":"","header-main-stick-meta":"","header-below-stick-meta":"","astra-migrate-meta-layouts":"default","ast-page-background-enabled":"default","ast-page-background-meta":{"desktop":{"background-color":"var(--ast-global-color-5)","background-image":"","background-repeat":"repeat","background-position":"center center","background-size":"auto","background-attachment":"scroll","background-type":"","background-media":"","overlay-type":"","overlay-color":"","overlay-opacity":"","overlay-gradient":""},"tablet":{"background-color":"","background-image":"","background-repeat":"repeat","background-position":"center center","background-size":"auto","background-attachment":"scroll","background-type":"","background-media":"","overlay-type":"","overlay-color":"","overlay-opacity":"","overlay-gradient":""},"mobile":{"background-color":"","background-image":"","background-repeat":"repeat","background-position":"center center","background-size":"auto","background-attachment":"scroll","background-type":"","background-media":"","overlay-type":"","overlay-color":"","overlay-opacity":"","overlay-gradient":""}},"ast-content-background-meta":{"desktop":{"background-color":"var(--ast-global-color-4)","background-image":"","background-repeat":"repeat","background-position":"center center","background-size":"auto","background-attachment":"scroll","background-type":"","background-media":"","overlay-type":"","overlay-color":"","overlay-opacity":"","overlay-gradient":""},"tablet":{"background-color":"var(--ast-global-color-4)","background-image":"","background-repeat":"repeat","background-position":"center center","background-size":"auto","background-attachment":"scroll","background-type":"","background-media":"","overlay-type":"","overlay-color":"","overlay-opacity":"","overlay-gradient":""},"mobile":{"background-color":"var(--ast-global-color-4)","background-image":"","background-repeat":"repeat","background-position":"center center","background-size":"auto","background-attachment":"scroll","background-type":"","background-media":"","overlay-type":"","overlay-color":"","overlay-opacity":"","overlay-gradient":""}},"footnotes":""},"class_list":["post-30402","page","type-page","status-publish","hentry"],"acf":[],"_links":{"self":[{"href":"https:\/\/www.parcastronomicprades.cat\/es\/wp-json\/wp\/v2\/pages\/30402","targetHints":{"allow":["GET"]}}],"collection":[{"href":"https:\/\/www.parcastronomicprades.cat\/es\/wp-json\/wp\/v2\/pages"}],"about":[{"href":"https:\/\/www.parcastronomicprades.cat\/es\/wp-json\/wp\/v2\/types\/page"}],"author":[{"embeddable":true,"href":"https:\/\/www.parcastronomicprades.cat\/es\/wp-json\/wp\/v2\/users\/5"}],"replies":[{"embeddable":true,"href":"https:\/\/www.parcastronomicprades.cat\/es\/wp-json\/wp\/v2\/comments?post=30402"}],"version-history":[{"count":42,"href":"https:\/\/www.parcastronomicprades.cat\/es\/wp-json\/wp\/v2\/pages\/30402\/revisions"}],"predecessor-version":[{"id":95579,"href":"https:\/\/www.parcastronomicprades.cat\/es\/wp-json\/wp\/v2\/pages\/30402\/revisions\/95579"}],"wp:attachment":[{"href":"https:\/\/www.parcastronomicprades.cat\/es\/wp-json\/wp\/v2\/media?parent=30402"}],"curies":[{"name":"wp","href":"https:\/\/api.w.org\/{rel}","templated":true}]}}