{"id":20195,"date":"2021-08-02T12:19:45","date_gmt":"2021-08-02T11:19:45","guid":{"rendered":"https:\/\/www.parcastronomicprades.cat\/deteccion-de-meteoros\/"},"modified":"2025-07-07T17:46:01","modified_gmt":"2025-07-07T16:46:01","slug":"deteccion-de-meteoros","status":"publish","type":"page","link":"https:\/\/www.parcastronomicprades.cat\/es\/deteccion-de-meteoros\/","title":{"rendered":"Detecci\u00f3n de meteoros"},"content":{"rendered":"\t\t<div data-elementor-type=\"wp-page\" data-elementor-id=\"20195\" class=\"elementor elementor-20195 elementor-20175\" data-elementor-post-type=\"page\">\n\t\t\t\t<div class=\"elementor-element elementor-element-c64de10 e-con-full e-flex e-con e-parent\" data-id=\"c64de10\" data-element_type=\"container\" data-settings=\"{&quot;background_background&quot;:&quot;classic&quot;}\">\n\t\t<div class=\"elementor-element elementor-element-8fdb1d9 e-con-full e-flex e-con e-child\" data-id=\"8fdb1d9\" data-element_type=\"container\">\n\t\t\t\t<div class=\"elementor-element elementor-element-d9c4a52 elementor-widget elementor-widget-heading\" data-id=\"d9c4a52\" data-element_type=\"widget\" data-widget_type=\"heading.default\">\n\t\t\t\t<div class=\"elementor-widget-container\">\n\t\t\t\t\t<h1 class=\"elementor-heading-title elementor-size-default\">Detecci\u00f3n de meteoros<\/h1>\t\t\t\t<\/div>\n\t\t\t\t<\/div>\n\t\t\t\t<div class=\"elementor-element elementor-element-0313c0a nogap elementor-widget elementor-widget-text-editor\" data-id=\"0313c0a\" data-element_type=\"widget\" data-widget_type=\"text-editor.default\">\n\t\t\t\t<div class=\"elementor-widget-container\">\n\t\t\t\t\t\t\t\t\t<p><strong>Espacio de Medio Nocturno Protegido<\/strong><\/p>\t\t\t\t\t\t\t\t<\/div>\n\t\t\t\t<\/div>\n\t\t\t\t<\/div>\n\t\t<div class=\"elementor-element elementor-element-a1e826f e-con-full elementor-hidden-mobile e-flex e-con e-child\" data-id=\"a1e826f\" data-element_type=\"container\">\n\t\t\t\t<\/div>\n\t\t\t\t<\/div>\n\t\t<div class=\"elementor-element elementor-element-335300d8 e-con-full e-flex e-con e-parent\" data-id=\"335300d8\" data-element_type=\"container\" data-settings=\"{&quot;background_background&quot;:&quot;classic&quot;}\">\n\t\t\t\t<\/div>\n\t\t<div class=\"elementor-element elementor-element-11c902e3 e-flex e-con-boxed e-con e-parent\" data-id=\"11c902e3\" data-element_type=\"container\" data-settings=\"{&quot;background_background&quot;:&quot;classic&quot;}\">\n\t\t\t\t\t<div class=\"e-con-inner\">\n\t\t<div class=\"elementor-element elementor-element-3afec435 e-con-full e-flex e-con e-child\" data-id=\"3afec435\" data-element_type=\"container\">\n\t\t\t\t<div class=\"elementor-element elementor-element-67f67e76 elementor-widget elementor-widget-text-editor\" data-id=\"67f67e76\" data-element_type=\"widget\" data-widget_type=\"text-editor.default\">\n\t\t\t\t<div class=\"elementor-widget-container\">\n\t\t\t\t\t\t\t\t\t<p dir=\"ltr\">El mes de abril de 2021 estrenamos un nuevo proyecto. Se trata de una estaci\u00f3n de detecci\u00f3n de meteoros que trabaja en red con las estaciones de detecci\u00f3n de meteoros de la GMN (Global Meteor Network). Tiene el c\u00f3digo\u00a0<strong>ES000F<\/strong>. Pueden hacer clic\u00a0<a href=\"https:\/\/globalmeteornetwork.org\/weblog\/ES\/index.html\">aqu\u00ed\u00a0<\/a>para ver las \u00faltimas detecciones. Para saber m\u00e1s, pueden seguir este\u00a0<a href=\"https:\/\/globalmeteornetwork.org\/\">enlace<\/a>.<\/p><p dir=\"ltr\">Colaboramos con la\u00a0<a href=\"http:\/\/www.spmn.uji.es\/ESP\/presentacion.html\">Red Espa\u00f1ola de Investaci\u00f3n sobre b\u00f3lidos y Meteoritos<\/a>que viene desarrollando una labor pionera en este \u00e1mbito desde hace d\u00e9cadas ..<\/p>\t\t\t\t\t\t\t\t<\/div>\n\t\t\t\t<\/div>\n\t\t\t\t<\/div>\n\t\t\t\t\t<\/div>\n\t\t\t\t<\/div>\n\t\t<div class=\"elementor-element elementor-element-1265b53a e-flex e-con-boxed e-con e-parent\" data-id=\"1265b53a\" data-element_type=\"container\" data-settings=\"{&quot;background_background&quot;:&quot;classic&quot;}\">\n\t\t\t\t\t<div class=\"e-con-inner\">\n\t\t<div class=\"elementor-element elementor-element-3d5fe420 e-con-full e-flex e-con e-child\" data-id=\"3d5fe420\" data-element_type=\"container\">\n\t\t\t\t<div class=\"elementor-element elementor-element-799a0683 elementor-widget elementor-widget-image\" data-id=\"799a0683\" data-element_type=\"widget\" data-widget_type=\"image.default\">\n\t\t\t\t<div class=\"elementor-widget-container\">\n\t\t\t\t\t\t\t\t\t\t\t\t\t\t\t<img fetchpriority=\"high\" decoding=\"async\" width=\"1024\" height=\"683\" src=\"https:\/\/www.parcastronomicprades.cat\/wp-content\/uploads\/2025\/07\/austin-human-Atr97ahX71U-unsplash-1024x683.webp\" class=\"attachment-large size-large wp-image-93703\" alt=\"\" srcset=\"https:\/\/www.parcastronomicprades.cat\/wp-content\/uploads\/2025\/07\/austin-human-Atr97ahX71U-unsplash-1024x683.webp 1024w, https:\/\/www.parcastronomicprades.cat\/wp-content\/uploads\/2025\/07\/austin-human-Atr97ahX71U-unsplash-300x200.webp 300w, https:\/\/www.parcastronomicprades.cat\/wp-content\/uploads\/2025\/07\/austin-human-Atr97ahX71U-unsplash-768x512.webp 768w, https:\/\/www.parcastronomicprades.cat\/wp-content\/uploads\/2025\/07\/austin-human-Atr97ahX71U-unsplash-1536x1024.webp 1536w, https:\/\/www.parcastronomicprades.cat\/wp-content\/uploads\/2025\/07\/austin-human-Atr97ahX71U-unsplash-600x400.webp 600w, https:\/\/www.parcastronomicprades.cat\/wp-content\/uploads\/2025\/07\/austin-human-Atr97ahX71U-unsplash.webp 1920w\" sizes=\"(max-width: 1024px) 100vw, 1024px\" \/>\t\t\t\t\t\t\t\t\t\t\t\t\t\t\t<\/div>\n\t\t\t\t<\/div>\n\t\t\t\t<div class=\"elementor-element elementor-element-158adac0 elementor-widget elementor-widget-heading\" data-id=\"158adac0\" data-element_type=\"widget\" data-widget_type=\"heading.default\">\n\t\t\t\t<div class=\"elementor-widget-container\">\n\t\t\t\t\t<h2 class=\"elementor-heading-title elementor-size-default\">Missi\u00f3n cient\u00edfica del projecto:<\/h2>\t\t\t\t<\/div>\n\t\t\t\t<\/div>\n\t\t\t\t<div class=\"elementor-element elementor-element-65a68497 nogap elementor-widget elementor-widget-text-editor\" data-id=\"65a68497\" data-element_type=\"widget\" data-widget_type=\"text-editor.default\">\n\t\t\t\t<div class=\"elementor-widget-container\">\n\t\t\t\t\t\t\t\t\t<p>El principal objetivo operativo del proyecto es establecer un instrumento descentralizado de calidad cient\u00edfica que observe el cielo nocturno todas las noches del a\u00f1o desde tantas ubicaciones del mundo como sean posibles.<\/p>\t\t\t\t\t\t\t\t<\/div>\n\t\t\t\t<\/div>\n\t\t\t\t<div class=\"elementor-element elementor-element-1b819fe0 nogap elementor-widget elementor-widget-text-editor\" data-id=\"1b819fe0\" data-element_type=\"widget\" data-widget_type=\"text-editor.default\">\n\t\t\t\t<div class=\"elementor-widget-container\">\n\t\t\t\t\t\t\t\t\t<p>Los objetivos cient\u00edficos del proyecto son los siguientes:<\/p>\t\t\t\t\t\t\t\t<\/div>\n\t\t\t\t<\/div>\n\t\t\t\t<div class=\"elementor-element elementor-element-57330ee8 elementor-icon-list--layout-traditional elementor-list-item-link-full_width elementor-widget elementor-widget-icon-list\" data-id=\"57330ee8\" data-element_type=\"widget\" data-widget_type=\"icon-list.default\">\n\t\t\t\t<div class=\"elementor-widget-container\">\n\t\t\t\t\t\t\t<ul class=\"elementor-icon-list-items\">\n\t\t\t\t\t\t\t<li class=\"elementor-icon-list-item\">\n\t\t\t\t\t\t\t\t\t\t\t<span class=\"elementor-icon-list-icon\">\n\t\t\t\t\t\t\t<svg aria-hidden=\"true\" class=\"e-font-icon-svg e-fas-meteor\" viewBox=\"0 0 512 512\" xmlns=\"http:\/\/www.w3.org\/2000\/svg\"><path d=\"M511.328,20.8027c-11.60759,38.70264-34.30724,111.70173-61.30311,187.70077,6.99893,2.09372,13.4042,4,18.60653,5.59368a16.06158,16.06158,0,0,1,9.49854,22.906c-22.106,42.29635-82.69047,152.795-142.47819,214.40356-.99984,1.09373-1.99969,2.5-2.99954,3.49995A194.83046,194.83046,0,1,1,57.085,179.41009c.99985-1,2.40588-2,3.49947-3,61.59994-59.90549,171.97367-120.40473,214.37343-142.4982a16.058,16.058,0,0,1,22.90274,9.49988c1.59351,5.09368,3.49947,11.5936,5.5929,18.59351C379.34818,35.00565,452.43074,12.30281,491.12794.70921A16.18325,16.18325,0,0,1,511.328,20.8027ZM319.951,320.00207A127.98041,127.98041,0,1,0,191.97061,448.00046,127.97573,127.97573,0,0,0,319.951,320.00207Zm-127.98041-31.9996a31.9951,31.9951,0,1,1-31.9951-31.9996A31.959,31.959,0,0,1,191.97061,288.00247Zm31.9951,79.999a15.99755,15.99755,0,1,1-15.99755-15.9998A16.04975,16.04975,0,0,1,223.96571,368.00147Z\"><\/path><\/svg>\t\t\t\t\t\t<\/span>\n\t\t\t\t\t\t\t\t\t\t<span class=\"elementor-icon-list-text\">Proporcionar a la sociedad una conciencia casi en tiempo real de la media de meteoroides cercanos a la Tierra mediante la publicaci\u00f3n de \u00f3rbitas de todos los meteoritos observados de todo el mundo cada ma\u00f1ana.<\/span>\n\t\t\t\t\t\t\t\t\t<\/li>\n\t\t\t\t\t\t\t\t<li class=\"elementor-icon-list-item\">\n\t\t\t\t\t\t\t\t\t\t\t<span class=\"elementor-icon-list-icon\">\n\t\t\t\t\t\t\t<svg aria-hidden=\"true\" class=\"e-font-icon-svg e-fas-meteor\" viewBox=\"0 0 512 512\" xmlns=\"http:\/\/www.w3.org\/2000\/svg\"><path d=\"M511.328,20.8027c-11.60759,38.70264-34.30724,111.70173-61.30311,187.70077,6.99893,2.09372,13.4042,4,18.60653,5.59368a16.06158,16.06158,0,0,1,9.49854,22.906c-22.106,42.29635-82.69047,152.795-142.47819,214.40356-.99984,1.09373-1.99969,2.5-2.99954,3.49995A194.83046,194.83046,0,1,1,57.085,179.41009c.99985-1,2.40588-2,3.49947-3,61.59994-59.90549,171.97367-120.40473,214.37343-142.4982a16.058,16.058,0,0,1,22.90274,9.49988c1.59351,5.09368,3.49947,11.5936,5.5929,18.59351C379.34818,35.00565,452.43074,12.30281,491.12794.70921A16.18325,16.18325,0,0,1,511.328,20.8027ZM319.951,320.00207A127.98041,127.98041,0,1,0,191.97061,448.00046,127.97573,127.97573,0,0,0,319.951,320.00207Zm-127.98041-31.9996a31.9951,31.9951,0,1,1-31.9951-31.9996A31.959,31.959,0,0,1,191.97061,288.00247Zm31.9951,79.999a15.99755,15.99755,0,1,1-15.99755-15.9998A16.04975,16.04975,0,0,1,223.96571,368.00147Z\"><\/path><\/svg>\t\t\t\t\t\t<\/span>\n\t\t\t\t\t\t\t\t\t\t<span class=\"elementor-icon-list-text\">Observaci\u00f3n de lluvias de meteoritos, c\u00e1lculo de su flujo, \u00edndices de masa y \u00f3rbitas para restringir los modelos de predicci\u00f3n de lluvias de meteoritos.<\/span>\n\t\t\t\t\t\t\t\t\t<\/li>\n\t\t\t\t\t\t\t\t<li class=\"elementor-icon-list-item\">\n\t\t\t\t\t\t\t\t\t\t\t<span class=\"elementor-icon-list-icon\">\n\t\t\t\t\t\t\t<svg aria-hidden=\"true\" class=\"e-font-icon-svg e-fas-meteor\" viewBox=\"0 0 512 512\" xmlns=\"http:\/\/www.w3.org\/2000\/svg\"><path d=\"M511.328,20.8027c-11.60759,38.70264-34.30724,111.70173-61.30311,187.70077,6.99893,2.09372,13.4042,4,18.60653,5.59368a16.06158,16.06158,0,0,1,9.49854,22.906c-22.106,42.29635-82.69047,152.795-142.47819,214.40356-.99984,1.09373-1.99969,2.5-2.99954,3.49995A194.83046,194.83046,0,1,1,57.085,179.41009c.99985-1,2.40588-2,3.49947-3,61.59994-59.90549,171.97367-120.40473,214.37343-142.4982a16.058,16.058,0,0,1,22.90274,9.49988c1.59351,5.09368,3.49947,11.5936,5.5929,18.59351C379.34818,35.00565,452.43074,12.30281,491.12794.70921A16.18325,16.18325,0,0,1,511.328,20.8027ZM319.951,320.00207A127.98041,127.98041,0,1,0,191.97061,448.00046,127.97573,127.97573,0,0,0,319.951,320.00207Zm-127.98041-31.9996a31.9951,31.9951,0,1,1-31.9951-31.9996A31.959,31.959,0,0,1,191.97061,288.00247Zm31.9951,79.999a15.99755,15.99755,0,1,1-15.99755-15.9998A16.04975,16.04975,0,0,1,223.96571,368.00147Z\"><\/path><\/svg>\t\t\t\t\t\t<\/span>\n\t\t\t\t\t\t\t\t\t\t<span class=\"elementor-icon-list-text\">Observar las bolas de fuego que producen para aumentar el n\u00famero de meteoritos con \u00f3rbitas conocidas (s\u00f3lo ~ 50 en 2021, m\u00e1s informaci\u00f3n) y ayudar a restringir las regiones de origen de los meteoritos.<\/span>\n\t\t\t\t\t\t\t\t\t<\/li>\n\t\t\t\t\t\t<\/ul>\n\t\t\t\t\t\t<\/div>\n\t\t\t\t<\/div>\n\t\t\t\t<\/div>\n\t\t\t\t\t<\/div>\n\t\t\t\t<\/div>\n\t\t\t\t<\/div>\n\t\t","protected":false},"excerpt":{"rendered":"<p>Espacio de Medio Nocturno Protegido El mes de abril de 2021 estrenamos un nuevo proyecto. Se trata de una estaci\u00f3n [&hellip;]<\/p>\n","protected":false},"author":5,"featured_media":0,"parent":0,"menu_order":0,"comment_status":"closed","ping_status":"closed","template":"","meta":{"_acf_changed":false,"site-sidebar-layout":"default","site-content-layout":"","ast-site-content-layout":"default","site-content-style":"default","site-sidebar-style":"default","ast-global-header-display":"","ast-banner-title-visibility":"","ast-main-header-display":"","ast-hfb-above-header-display":"","ast-hfb-below-header-display":"","ast-hfb-mobile-header-display":"","site-post-title":"","ast-breadcrumbs-content":"","ast-featured-img":"","footer-sml-layout":"","theme-transparent-header-meta":"","adv-header-id-meta":"","stick-header-meta":"","header-above-stick-meta":"","header-main-stick-meta":"","header-below-stick-meta":"","astra-migrate-meta-layouts":"default","ast-page-background-enabled":"default","ast-page-background-meta":{"desktop":{"background-color":"var(--ast-global-color-5)","background-image":"","background-repeat":"repeat","background-position":"center center","background-size":"auto","background-attachment":"scroll","background-type":"","background-media":"","overlay-type":"","overlay-color":"","overlay-opacity":"","overlay-gradient":""},"tablet":{"background-color":"","background-image":"","background-repeat":"repeat","background-position":"center center","background-size":"auto","background-attachment":"scroll","background-type":"","background-media":"","overlay-type":"","overlay-color":"","overlay-opacity":"","overlay-gradient":""},"mobile":{"background-color":"","background-image":"","background-repeat":"repeat","background-position":"center center","background-size":"auto","background-attachment":"scroll","background-type":"","background-media":"","overlay-type":"","overlay-color":"","overlay-opacity":"","overlay-gradient":""}},"ast-content-background-meta":{"desktop":{"background-color":"var(--ast-global-color-4)","background-image":"","background-repeat":"repeat","background-position":"center center","background-size":"auto","background-attachment":"scroll","background-type":"","background-media":"","overlay-type":"","overlay-color":"","overlay-opacity":"","overlay-gradient":""},"tablet":{"background-color":"var(--ast-global-color-4)","background-image":"","background-repeat":"repeat","background-position":"center center","background-size":"auto","background-attachment":"scroll","background-type":"","background-media":"","overlay-type":"","overlay-color":"","overlay-opacity":"","overlay-gradient":""},"mobile":{"background-color":"var(--ast-global-color-4)","background-image":"","background-repeat":"repeat","background-position":"center center","background-size":"auto","background-attachment":"scroll","background-type":"","background-media":"","overlay-type":"","overlay-color":"","overlay-opacity":"","overlay-gradient":""}},"footnotes":""},"class_list":["post-20195","page","type-page","status-publish","hentry"],"acf":[],"_links":{"self":[{"href":"https:\/\/www.parcastronomicprades.cat\/es\/wp-json\/wp\/v2\/pages\/20195","targetHints":{"allow":["GET"]}}],"collection":[{"href":"https:\/\/www.parcastronomicprades.cat\/es\/wp-json\/wp\/v2\/pages"}],"about":[{"href":"https:\/\/www.parcastronomicprades.cat\/es\/wp-json\/wp\/v2\/types\/page"}],"author":[{"embeddable":true,"href":"https:\/\/www.parcastronomicprades.cat\/es\/wp-json\/wp\/v2\/users\/5"}],"replies":[{"embeddable":true,"href":"https:\/\/www.parcastronomicprades.cat\/es\/wp-json\/wp\/v2\/comments?post=20195"}],"version-history":[{"count":41,"href":"https:\/\/www.parcastronomicprades.cat\/es\/wp-json\/wp\/v2\/pages\/20195\/revisions"}],"predecessor-version":[{"id":95529,"href":"https:\/\/www.parcastronomicprades.cat\/es\/wp-json\/wp\/v2\/pages\/20195\/revisions\/95529"}],"wp:attachment":[{"href":"https:\/\/www.parcastronomicprades.cat\/es\/wp-json\/wp\/v2\/media?parent=20195"}],"curies":[{"name":"wp","href":"https:\/\/api.w.org\/{rel}","templated":true}]}}