{"id":99889,"date":"2025-11-27T08:44:36","date_gmt":"2025-11-27T07:44:36","guid":{"rendered":"https:\/\/www.parcastronomicprades.cat\/zenit\/"},"modified":"2025-11-27T09:31:09","modified_gmt":"2025-11-27T08:31:09","slug":"zenit","status":"publish","type":"page","link":"https:\/\/www.parcastronomicprades.cat\/en\/zenit\/","title":{"rendered":"ZENIT"},"content":{"rendered":"\t\t<div data-elementor-type=\"wp-page\" data-elementor-id=\"99889\" class=\"elementor elementor-99889 elementor-99869\" data-elementor-post-type=\"page\">\n\t\t\t\t<div class=\"elementor-element elementor-element-343e6fc e-con-full e-flex e-con e-parent\" data-id=\"343e6fc\" data-element_type=\"container\" data-settings=\"{&quot;background_background&quot;:&quot;classic&quot;}\">\n\t\t<div class=\"elementor-element elementor-element-ab24d11 e-con-full e-flex e-con e-child\" data-id=\"ab24d11\" data-element_type=\"container\">\n\t\t\t\t<div class=\"elementor-element elementor-element-c2c4c6b elementor-widget elementor-widget-heading\" data-id=\"c2c4c6b\" data-element_type=\"widget\" data-widget_type=\"heading.default\">\n\t\t\t\t<div class=\"elementor-widget-container\">\n\t\t\t\t\t<h1 class=\"elementor-heading-title elementor-size-default\">Cena con estrellas: ZENIT<\/h1>\t\t\t\t<\/div>\n\t\t\t\t<\/div>\n\t\t\t\t<div class=\"elementor-element elementor-element-20325a9 nogap elementor-widget elementor-widget-text-editor\" data-id=\"20325a9\" data-element_type=\"widget\" data-widget_type=\"text-editor.default\">\n\t\t\t\t<div class=\"elementor-widget-container\">\n\t\t\t\t\t\t\t\t\t<strong>Astronom\u00eda en el plato<\/strong>\t\t\t\t\t\t\t\t<\/div>\n\t\t\t\t<\/div>\n\t\t\t\t<\/div>\n\t\t<div class=\"elementor-element elementor-element-94267ee e-con-full elementor-hidden-mobile e-flex e-con e-child\" data-id=\"94267ee\" data-element_type=\"container\">\n\t\t\t\t<\/div>\n\t\t\t\t<\/div>\n\t\t<div class=\"elementor-element elementor-element-57703f56 e-con-full e-flex e-con e-parent\" data-id=\"57703f56\" data-element_type=\"container\">\n\t\t\t\t<\/div>\n\t\t<div class=\"elementor-element elementor-element-693b0747 e-grid e-con-boxed e-con e-parent\" data-id=\"693b0747\" data-element_type=\"container\" data-settings=\"{&quot;background_background&quot;:&quot;classic&quot;}\">\n\t\t\t\t\t<div class=\"e-con-inner\">\n\t\t<div class=\"elementor-element elementor-element-5121f227 e-con-full e-flex e-con e-child\" data-id=\"5121f227\" data-element_type=\"container\" data-settings=\"{&quot;background_background&quot;:&quot;classic&quot;}\">\n\t\t\t\t<div class=\"elementor-element elementor-element-6054d6c8 elementor-widget elementor-widget-text-editor\" data-id=\"6054d6c8\" data-element_type=\"widget\" data-widget_type=\"text-editor.default\">\n\t\t\t\t<div class=\"elementor-widget-container\">\n\t\t\t\t\t\t\t\t\t<p>Disfruta de una <strong>comida premium donde se han tematizado todos los platos con motivos <\/strong><strong>de astronom\u00eda<\/strong> en uno de los mejores restaurantes de las Muntanyes de Prades. Adem\u00e1s de la comida (cena), la experiencia se completa con <strong><a href=\"https:\/\/www.parcastronomicprades.cat\/gaia\/\">el espect\u00e1culo <\/a><\/strong><strong><a href=\"https:\/\/www.parcastronomicprades.cat\/gaia\/\">GAIA<\/a><\/strong>. <\/p><p>PRECIO: 80\u20ac \/ persona<\/p><p><strong>INCLUYE: comida + <\/strong><strong><a href=\"https:\/\/www.parcastronomicprades.cat\/gaia\/\">GAIA<\/a><\/strong>.<\/p>\t\t\t\t\t\t\t\t<\/div>\n\t\t\t\t<\/div>\n\t\t\t\t<\/div>\n\t\t<div class=\"elementor-element elementor-element-4655a1df e-con-full e-flex e-con e-child\" data-id=\"4655a1df\" data-element_type=\"container\" data-settings=\"{&quot;background_background&quot;:&quot;classic&quot;}\">\n\t\t\t\t<div class=\"elementor-element elementor-element-617b0aee elementor-widget elementor-widget-text-editor\" data-id=\"617b0aee\" data-element_type=\"widget\" data-widget_type=\"text-editor.default\">\n\t\t\t\t<div class=\"elementor-widget-container\">\n\t\t\t\t\t\t\t\t\t<p><strong>Men\u00fa degustaci\u00f3n<\/strong><\/p><p><i>Disponible pr\u00f3ximamente<\/i><\/p>\t\t\t\t\t\t\t\t<\/div>\n\t\t\t\t<\/div>\n\t\t\t\t<\/div>\n\t\t\t\t\t<\/div>\n\t\t\t\t<\/div>\n\t\t<div class=\"elementor-element elementor-element-1bc571fd e-flex e-con-boxed e-con e-parent\" data-id=\"1bc571fd\" data-element_type=\"container\" data-settings=\"{&quot;background_background&quot;:&quot;classic&quot;}\">\n\t\t\t\t\t<div class=\"e-con-inner\">\n\t\t\t\t<div class=\"elementor-element elementor-element-60f87bf2 elementor-widget elementor-widget-text-editor\" data-id=\"60f87bf2\" data-element_type=\"widget\" data-widget_type=\"text-editor.default\">\n\t\t\t\t<div class=\"elementor-widget-container\">\n\t\t\t\t\t\t\t\t\t<p>Vino blanco o tinto a escoger por mesa completa: El Terrat (blanco) de Mas Vicen\u00e7 o Nit de Lluna (tinto) de Mas Vicen\u00e7<\/p><p>Pan y agua incluidos.<\/p><p>En caso de tener que cambiar alg\u00fan plato se cobrar\u00e1 un suplemento de 3 euros por persona (se debe contactar antes para hacer modificaciones en el men\u00fa).<\/p><p>No existe la opci\u00f3n vegana del men\u00fa. <\/p><p>Nuestro men\u00fa degustaci\u00f3n est\u00e1 dise\u00f1ado como experiencia completa. En caso de que el n\u00famero de alergias o intolerancias no permita adaptarlo adecuadamente, la experiencia se sustituir\u00e1 por una propuesta m\u00e1s personalizada compuesta por un entrante, un plato principal y un postre. <\/p>\t\t\t\t\t\t\t\t<\/div>\n\t\t\t\t<\/div>\n\t\t\t\t\t<\/div>\n\t\t\t\t<\/div>\n\t\t<div class=\"elementor-element elementor-element-1e9a5bc e-flex e-con-boxed e-con e-parent\" data-id=\"1e9a5bc\" data-element_type=\"container\" data-settings=\"{&quot;background_background&quot;:&quot;classic&quot;}\">\n\t\t\t\t\t<div class=\"e-con-inner\">\n\t\t\t\t<div class=\"elementor-element elementor-element-63a9bf8d elementor-widget__width-initial elementor-widget elementor-widget-heading\" data-id=\"63a9bf8d\" data-element_type=\"widget\" data-widget_type=\"heading.default\">\n\t\t\t\t<div class=\"elementor-widget-container\">\n\t\t\t\t\t<h2 class=\"elementor-heading-title elementor-size-default\">Existe la versi\u00f3n vegetariana\n(con pescado):\n\n<\/h2>\t\t\t\t<\/div>\n\t\t\t\t<\/div>\n\t\t\t\t<div class=\"elementor-element elementor-element-7cf85ac6 elementor-widget elementor-widget-text-editor\" data-id=\"7cf85ac6\" data-element_type=\"widget\" data-widget_type=\"text-editor.default\">\n\t\t\t\t<div class=\"elementor-widget-container\">\n\t\t\t\t\t\t\t\t\t<p><strong>Suplemento de 3 euros por persona<\/strong><\/p><p><i>Disponible pr\u00f3ximamente<\/i><\/p>\t\t\t\t\t\t\t\t<\/div>\n\t\t\t\t<\/div>\n\t\t<div class=\"elementor-element elementor-element-5245c4e2 e-con-full e-flex e-con e-child\" data-id=\"5245c4e2\" data-element_type=\"container\">\n\t\t\t\t<div class=\"elementor-element elementor-element-723f2d49 elementor-widget elementor-widget-button\" data-id=\"723f2d49\" data-element_type=\"widget\" data-widget_type=\"button.default\">\n\t\t\t\t<div class=\"elementor-widget-container\">\n\t\t\t\t\t\t\t\t\t<div class=\"elementor-button-wrapper\">\n\t\t\t\t\t<a class=\"elementor-button elementor-button-link elementor-size-sm\" href=\"https:\/\/www.parcastronomicprades.cat\/espectacle\/regala-astronomia\/\">\n\t\t\t\t\t\t<span class=\"elementor-button-content-wrapper\">\n\t\t\t\t\t\t\t\t\t<span class=\"elementor-button-text\">REGALA LA CENA CON ESTRELLAS<\/span>\n\t\t\t\t\t<\/span>\n\t\t\t\t\t<\/a>\n\t\t\t\t<\/div>\n\t\t\t\t\t\t\t\t<\/div>\n\t\t\t\t<\/div>\n\t\t\t\t<div class=\"elementor-element elementor-element-11f64c98 elementor-widget elementor-widget-button\" data-id=\"11f64c98\" data-element_type=\"widget\" data-widget_type=\"button.default\">\n\t\t\t\t<div class=\"elementor-widget-container\">\n\t\t\t\t\t\t\t\t\t<div class=\"elementor-button-wrapper\">\n\t\t\t\t\t<a class=\"elementor-button elementor-button-link elementor-size-sm\" href=\"#elementor-action%3Aaction%3Dpopup%3Aopen%26settings%3DeyJpZCI6OTMwMTQsInRvZ2dsZSI6ZmFsc2V9\">\n\t\t\t\t\t\t<span class=\"elementor-button-content-wrapper\">\n\t\t\t\t\t\t\t\t\t<span class=\"elementor-button-text\">YA S\u00c9 QU\u00c9 D\u00cdA QUIERO VENIR<\/span>\n\t\t\t\t\t<\/span>\n\t\t\t\t\t<\/a>\n\t\t\t\t<\/div>\n\t\t\t\t\t\t\t\t<\/div>\n\t\t\t\t<\/div>\n\t\t\t\t<\/div>\n\t\t\t\t\t<\/div>\n\t\t\t\t<\/div>\n\t\t<div class=\"elementor-element elementor-element-7d5ed3af e-flex e-con-boxed e-con e-parent\" data-id=\"7d5ed3af\" data-element_type=\"container\">\n\t\t\t\t\t<div class=\"e-con-inner\">\n\t\t\t\t<div class=\"elementor-element elementor-element-237c914 elementor-widget elementor-widget-template\" data-id=\"237c914\" data-element_type=\"widget\" data-widget_type=\"template.default\">\n\t\t\t\t<div class=\"elementor-widget-container\">\n\t\t\t\t\t\t\t<div class=\"elementor-template\">\n\t\t\t\t\t<div data-elementor-type=\"container\" data-elementor-id=\"92862\" class=\"elementor elementor-92862\" data-elementor-post-type=\"elementor_library\">\n\t\t\t\t<div class=\"elementor-element elementor-element-515e17e3 e-flex e-con-boxed e-con e-parent\" data-id=\"515e17e3\" data-element_type=\"container\" data-settings=\"{&quot;background_background&quot;:&quot;classic&quot;}\">\n\t\t\t\t\t<div class=\"e-con-inner\">\n\t\t\t\t<div class=\"elementor-element elementor-element-681b31c9 elementor-widget elementor-widget-heading\" data-id=\"681b31c9\" data-element_type=\"widget\" data-widget_type=\"heading.default\">\n\t\t\t\t<div class=\"elementor-widget-container\">\n\t\t\t\t\t<h2 class=\"elementor-heading-title elementor-size-default\">M\u00e9s informaci\u00f3:<\/h2>\t\t\t\t<\/div>\n\t\t\t\t<\/div>\n\t\t\t\t<div class=\"elementor-element elementor-element-2e68af91 elementor-icon-list--layout-traditional elementor-list-item-link-full_width elementor-widget elementor-widget-icon-list\" data-id=\"2e68af91\" data-element_type=\"widget\" data-widget_type=\"icon-list.default\">\n\t\t\t\t<div class=\"elementor-widget-container\">\n\t\t\t\t\t\t\t<ul class=\"elementor-icon-list-items\">\n\t\t\t\t\t\t\t<li class=\"elementor-icon-list-item\">\n\t\t\t\t\t\t\t\t\t\t\t<span class=\"elementor-icon-list-icon\">\n\t\t\t\t\t\t\t<svg xmlns=\"http:\/\/www.w3.org\/2000\/svg\" height=\"48px\" viewBox=\"0 -960 960 960\" width=\"48px\" fill=\"Currentcolor\"><path d=\"M604.38-668.38 508.77-764l95.61-95.61L700-764l-95.62 95.62Zm200 120L748.77-604l55.61-55.61L860-604l-55.62 55.62ZM483-100q-79.77 0-149.61-30.27-69.85-30.27-121.85-82.27t-82.27-121.85Q99-404.23 99-484q0-131.38 80.12-234.04 80.11-102.65 207.19-134.65-11.08 95.69 19.84 186.24 30.93 90.54 99.62 159.29 68.69 68.76 159.15 99.71 90.46 30.95 186.77 19.85-31.38 127.21-134.35 207.4Q614.38-100 483-100Zm0-45.39q96.92 0 177-53.53 80.08-53.54 128.15-138.46-88.84-8-170.3-42.27-81.47-34.27-144.2-96.89-63.11-62.23-96.88-143-33.77-80.77-41.39-169-84.92 46.46-137.96 127.04-53.03 80.58-53.03 177.5 0 141.41 98.6 240.01T483-145.39Zm-9.85-331.15Z\"><\/path><\/svg>\t\t\t\t\t\t<\/span>\n\t\t\t\t\t\t\t\t\t\t<span class=\"elementor-icon-list-text\">Punt de trobada: Centre de Visitants del Parc Astron\u00f2mic Muntanyes de Prades (C\/ Muralla, 5, 43364 Prades, Tarragona). Cal arribar 15\u2032 abans de l\u2019inici de la sessi\u00f3.<\/span>\n\t\t\t\t\t\t\t\t\t<\/li>\n\t\t\t\t\t\t\t\t<li class=\"elementor-icon-list-item\">\n\t\t\t\t\t\t\t\t\t\t\t<span class=\"elementor-icon-list-icon\">\n\t\t\t\t\t\t\t<svg xmlns=\"http:\/\/www.w3.org\/2000\/svg\" height=\"48px\" viewBox=\"0 -960 960 960\" width=\"48px\" fill=\"Currentcolor\"><path d=\"m630.08-295.46 33.84-33.85-159-160.01v-200.22h-45.38v218.85l170.54 175.23ZM480.07-100q-78.22 0-147.4-29.92t-120.99-81.71q-51.81-51.79-81.75-120.94Q100-401.71 100-479.93q0-78.22 29.92-147.4t81.71-120.99q51.79-51.81 120.94-81.75Q401.71-860 479.93-860q78.22 0 147.4 29.92t120.99 81.71q51.81 51.79 81.75 120.94Q860-558.29 860-480.07q0 78.22-29.92 147.4t-81.71 120.99q-51.79 51.81-120.94 81.75Q558.29-100 480.07-100ZM480-480Zm0 334.61q138.08 0 236.35-98.26 98.26-98.27 98.26-236.35 0-138.08-98.26-236.35-98.27-98.26-236.35-98.26-138.08 0-236.35 98.26-98.26 98.27-98.26 236.35 0 138.08 98.26 236.35 98.27 98.26 236.35 98.26Z\"><\/path><\/svg>\t\t\t\t\t\t<\/span>\n\t\t\t\t\t\t\t\t\t\t<span class=\"elementor-icon-list-text\">Per respecte a la resta d\u2019assistents, passada l\u2019hora d\u2019inici de l\u2019activitat no es podr\u00e0 accedir a la sessi\u00f3.<\/span>\n\t\t\t\t\t\t\t\t\t<\/li>\n\t\t\t\t\t\t\t\t<li class=\"elementor-icon-list-item\">\n\t\t\t\t\t\t\t\t\t\t\t<span class=\"elementor-icon-list-icon\">\n\t\t\t\t\t\t\t<svg xmlns=\"http:\/\/www.w3.org\/2000\/svg\" width=\"800px\" height=\"800px\" viewBox=\"0 0 24 24\" fill=\"none\"><g id=\"SVGRepo_bgCarrier\" stroke-width=\"0\"><\/g><g id=\"SVGRepo_tracurrentcolorerCarrier\" stroke-linejoin=\"round\"><\/g><g id=\"SVGRepo_icurrentcoloronCarrier\"><path d=\"M20.5764 8.00122C21.4326 7.51527 21.8608 7.2723 21.9732 6.85985C22.0856 6.44741 21.8384 6.02657 21.3441 5.18488L20.2954 3.39939C19.8011 2.55771 19.5539 2.13687 19.1343 2.02635C18.7147 1.91584 18.2866 2.15881 17.4304 2.64476L13.7467 4.73538C12.9155 5.20709 12.4999 5.44294 12.3916 5.84725C12.2833 6.25157 12.5253 6.6636 13.0093 7.48766L14.1293 9.39465C14.6004 10.1966 14.8359 10.5976 15.2318 10.7037C15.6277 10.8098 16.0322 10.5802 16.841 10.1212M12.2429 6.18353L8.55917 8.27415C7.72801 8.74586 7.31243 8.98172 7.20411 9.38603C7.09579 9.79034 7.33779 10.2024 7.82179 11.0264L8.41749 12.0407C8.88853 12.8427 9.12405 13.2437 9.51996 13.3497C9.91586 13.4558 10.3203 13.2263 11.1292 12.7672L14.8646 10.6472M7.05634 9.72257L3.4236 11.7843C2.56736 12.2702 2.13923 12.5132 2.02681 12.9256C1.91438 13.3381 2.16156 13.7589 2.65591 14.6006C3.15026 15.4423 3.39744 15.8631 3.81702 15.9736C4.2366 16.0842 4.66472 15.8412 5.52096 15.3552L9.1537 13.2935\" stroke=\"currentcolor\" stroke-width=\"1.5\" stroke-linejoin=\"round\"><\/path><path d=\"M12 12.5L16 22\" stroke=\"currentcolor\" stroke-width=\"1.5\"><\/path><path d=\"M12 12.5L8 22\" stroke=\"currentcolor\" stroke-width=\"1.5\"><\/path><\/g><\/svg>\t\t\t\t\t\t<\/span>\n\t\t\t\t\t\t\t\t\t\t<span class=\"elementor-icon-list-text\">L'observaci\u00f3 amb telescopis es realitza a 8' caminant del Centre de Visitants. En cas de necessitar aparcament prioritari per mobilitat redu\u00efda, cal que es posin en contacte amb els guies del Parc.<\/span>\n\t\t\t\t\t\t\t\t\t<\/li>\n\t\t\t\t\t\t\t\t<li class=\"elementor-icon-list-item\">\n\t\t\t\t\t\t\t\t\t\t\t<span class=\"elementor-icon-list-icon\">\n\t\t\t\t\t\t\t<svg xmlns=\"http:\/\/www.w3.org\/2000\/svg\" height=\"48px\" viewBox=\"0 -960 960 960\" width=\"48px\" fill=\"Currentcolor\"><path d=\"m78.08-260 203.84-272.31 170.19 226.92h339.04L561.92-610.15 433.85-439.54l-29.16-38.07 157.23-209.31 320 426.92H78.08Zm456.53-45.39Zm-365.76 0h226.53L281.92-456.92 168.85-305.39Zm0 0H395.38 168.85Z\"><\/path><\/svg>\t\t\t\t\t\t<\/span>\n\t\t\t\t\t\t\t\t\t\t<span class=\"elementor-icon-list-text\">S\u2019aconsella portar roba d\u2019abric sigui quina sigui l\u2019\u00e8poca de l\u2019any. Prades \u00e9s una poblaci\u00f3 amb clima de muntanya.<\/span>\n\t\t\t\t\t\t\t\t\t<\/li>\n\t\t\t\t\t\t\t\t<li class=\"elementor-icon-list-item\">\n\t\t\t\t\t\t\t\t\t\t\t<span class=\"elementor-icon-list-icon\">\n\t\t\t\t\t\t\t<svg xmlns=\"http:\/\/www.w3.org\/2000\/svg\" height=\"48px\" viewBox=\"0 -960 960 960\" width=\"48px\" fill=\"Currentcolor\"><path d=\"M172.56-492.31q-34.79 0-58.67-24.02Q90-540.35 90-575.14q0-34.78 24.02-58.67 24.02-23.88 58.81-23.88 34.79 0 58.67 24.02 23.88 24.02 23.88 58.81 0 34.78-24.02 58.67-24.02 23.88-58.8 23.88Zm183.67-167.31q-34.61 0-58.5-24.02-23.88-24.02-23.88-58.8 0-34.79 24.01-58.67Q321.88-825 356.66-825q34.42 0 58.49 24.02 24.08 24.02 24.08 58.81 0 34.79-24.2 58.67-24.19 23.88-58.8 23.88Zm247.3 0q-34.61 0-58.49-24.02-23.89-24.02-23.89-58.8 0-34.79 24.02-58.67Q569.18-825 603.97-825q34.41 0 58.49 24.02 24.08 24.02 24.08 58.81 0 34.79-24.2 58.67-24.19 23.88-58.81 23.88Zm183.64 167.31q-34.79 0-58.67-24.02-23.88-24.02-23.88-58.81 0-34.78 24.02-58.67 24.02-23.88 58.8-23.88 34.79 0 58.67 24.02Q870-609.65 870-574.86q0 34.78-24.02 58.67-24.02 23.88-58.81 23.88ZM266-85q-38.92 0-63.81-29.35-24.88-29.36-24.88-69.34 0-42.93 27.81-75.16 27.8-32.23 56.8-63.38 23.93-24.69 43.7-52.08 19.77-27.38 39.46-55.31 25.92-37.46 58.13-69.11T480-530.38q45.01 0 77.89 31.65t58.42 70.11q20.07 27.54 39.15 54.81 19.08 27.27 42.62 51.58 29 31.15 56.8 63.38 27.81 32.23 27.81 75.16 0 39.98-24.88 69.34Q732.92-85 694-85q-54 0-107-9t-107-9q-54 0-107 9t-107 9Z\"><\/path><\/svg>\t\t\t\t\t\t<\/span>\n\t\t\t\t\t\t\t\t\t\t<span class=\"elementor-icon-list-text\">No est\u00e0 permesa l\u2019entrada d\u2019animals al Centre de Visitants del Parc.<\/span>\n\t\t\t\t\t\t\t\t\t<\/li>\n\t\t\t\t\t\t\t\t<li class=\"elementor-icon-list-item\">\n\t\t\t\t\t\t\t\t\t\t\t<span class=\"elementor-icon-list-icon\">\n\t\t\t\t\t\t\t<svg xmlns=\"http:\/\/www.w3.org\/2000\/svg\" height=\"48px\" viewBox=\"0 -960 960 960\" width=\"48px\" fill=\"Currentcolor\"><path d=\"M157.69-140q-23.59 0-40.64-17.05T100-197.69v-121.08h760v121.08q0 23.59-17.05 40.64T802.31-140H157.69Zm-12.3-133.39v75.7q0 5.38 3.46 8.84t8.84 3.46h644.62q5.38 0 8.84-3.46t3.46-8.84v-75.7H145.39ZM480-442.16q-39.08 0-58.19 21.43-19.12 21.42-68.89 21.42-49.77 0-67.46-21.42-17.69-21.43-56.77-21.43-39.07 0-58.85 21.43-19.78 21.42-69.84 21.42v-45.38q33.39 0 55.96-21.43 22.58-21.42 72.54-21.42 49.96 0 67.65 21.42 17.7 21.43 56.77 21.43 39.08 0 58.2-21.43 19.11-21.42 68.88-21.42 49.77 0 68.88 21.42 19.12 21.43 58.2 21.43 39.07 0 56.38-21.43 17.31-21.42 67.27-21.42 49.96 0 72.77 21.42 22.82 21.43 56.5 21.43v45.38q-49.77 0-69.5-21.42-19.73-21.43-58.81-21.43t-56.96 21.43q-17.88 21.42-67.65 21.42-49.77 0-68.89-21.42-19.11-21.43-58.19-21.43ZM100-566.08v-32.3q0-100.16 93.46-160.89Q286.92-820 480-820q193.08 0 286.54 60.73Q860-698.54 860-598.38v32.3H100Zm380-208.53q-157.62 0-246.73 45.92-89.12 45.92-87.04 117.23h667.54q.46-71.31-87.85-117.23-88.3-45.92-245.92-45.92Zm0 501.22Zm0-338.07Z\"><\/path><\/svg>\t\t\t\t\t\t<\/span>\n\t\t\t\t\t\t\t\t\t\t<span class=\"elementor-icon-list-text\">No est\u00e0 permesa l\u2019entrada de menjar ni beguda al Centre de Visitants del Parc.<\/span>\n\t\t\t\t\t\t\t\t\t<\/li>\n\t\t\t\t\t\t\t\t<li class=\"elementor-icon-list-item\">\n\t\t\t\t\t\t\t\t\t\t\t<span class=\"elementor-icon-list-icon\">\n\t\t\t\t\t\t\t<svg xmlns=\"http:\/\/www.w3.org\/2000\/svg\" height=\"48px\" viewBox=\"0 -960 960 960\" width=\"48px\" fill=\"Currentcolor\"><path d=\"M318.08-63.08 351-156.16h-69.84l46.15-129.23h84.61l-39.53 92.31h76.46l-101.54 130h-29.23ZM567.31-100l26.07-74.62h-72.23l39.54-110.77h84.62l-31.93 73.85h75.46L596.54-100h-29.23ZM292.69-344.62q-83.78 0-143.24-59.4Q90-463.42 90-547.14q0-77.63 54.58-136.74 54.57-59.12 137.04-65.5 30.84-56 82.19-88.31Q415.15-870 480.26-870q88.43 0 148.97 57.31 60.54 57.31 72.62 142.31 79 3.61 123.57 51.38Q870-571.23 870-507.53q0 67.53-47.48 115.22-47.49 47.69-115.21 47.69H292.69Zm0-45.38h414.62q48.91 0 83.11-34.61 34.2-34.62 34.2-83.01 0-48.38-34.2-82.69-34.2-34.31-83.11-34.31h-50v-22.69q0-73.69-51.81-125.5t-125.29-51.81q-53.68 0-97.83 28.85T317.08-718l-5.7 13.38h-20.75q-64.63 2-109.94 47.49-45.31 45.48-45.31 109.66 0 65.24 46.03 111.36Q227.43-390 292.69-390ZM480-607.31Z\"><\/path><\/svg>\t\t\t\t\t\t<\/span>\n\t\t\t\t\t\t\t\t\t\t<span class=\"elementor-icon-list-text\">L\u2019organitzaci\u00f3 es reserva el dret de suspendre l\u2019observaci\u00f3 al Mirador Astron\u00f2mic en cas de condicions meteorol\u00f2giques adverses. En aquest cas, els nostres guies els oferiran una entrada gratu\u00efta per la part d\u2019observaci\u00f3 amb telescopis disponible durant els seg\u00fcents 3 mesos.<\/span>\n\t\t\t\t\t\t\t\t\t<\/li>\n\t\t\t\t\t\t\t\t<li class=\"elementor-icon-list-item\">\n\t\t\t\t\t\t\t\t\t\t\t<span class=\"elementor-icon-list-icon\">\n\t\t\t\t\t\t\t<svg xmlns=\"http:\/\/www.w3.org\/2000\/svg\" height=\"48px\" viewBox=\"0 -960 960 960\" width=\"48px\" fill=\"Currentcolor\"><path d=\"M483.62-724.77q-28.54 0-48.7-20.26-20.15-20.27-20.15-48.43 0-28.54 20.07-48.69 20.08-20.16 48.62-20.16 28.16 0 48.5 20.08 20.35 20.07 20.35 48.61 0 28.16-20.27 48.51-20.27 20.34-48.42 20.34ZM698.31-89.23v-197.46q0-4.62-2.69-7.31-2.7-2.69-7.31-2.69h-204q-26.63 0-45.85-19.23-19.23-19.23-19.23-45.46v-244.31q0-26.63 18.69-45.47Q456.62-670 484.03-670q17.17 0 31.99 8.04 14.83 8.04 36.06 32.88 45.84 53.23 92.77 83.73 46.92 30.5 104 35.2v45.38q-54.47-3.08-104.62-28.85-50.15-25.77-102.08-74.69V-358h136.46q27.01 0 46.05 19.04 19.03 19.03 19.03 45.65v204.08h-45.38Zm-299.23 0q-79.16 0-133.54-54.39-54.39-54.38-54.39-133.53 0-68 48.54-122.43 48.54-54.42 126.85-62.65v46q-57.46 4.23-93.42 45.46-35.97 41.23-35.97 93.62 0 60.69 40.62 101.61 40.61 40.93 101.31 40.93 52.38 0 93.92-35.97 41.54-35.96 45.15-93.42h46q-6.84 77.31-61.96 126.04-55.11 48.73-123.11 48.73Z\"><\/path><\/svg>\t\t\t\t\t\t<\/span>\n\t\t\t\t\t\t\t\t\t\t<span class=\"elementor-icon-list-text\">Els qui no es poden aixecar de la cadira (de rodes), cal que avisin amb antelaci\u00f3 enviant un mail a info@parcastronomicprades.cat o per whatsapp al 663075962 per poder preparar el telescopi adaptat.<\/span>\n\t\t\t\t\t\t\t\t\t<\/li>\n\t\t\t\t\t\t\t\t<li class=\"elementor-icon-list-item\">\n\t\t\t\t\t\t\t\t\t\t\t<span class=\"elementor-icon-list-icon\">\n\t\t\t\t\t\t\t<svg xmlns=\"http:\/\/www.w3.org\/2000\/svg\" height=\"48px\" viewBox=\"0 -960 960 960\" width=\"48px\" fill=\"Currentcolor\"><path d=\"M704.62-90v-120h-120v-45.38h120v-120H750v120h120V-210H750v120h-45.38Zm-506.93-90q-23.53 0-40.61-17.08T140-237.69v-499.23q0-23.53 17.08-40.61t40.61-17.08h73.85v-70h50.38v70h237.69v-70h49.23v70h73.47q23.53 0 40.61 17.08T740-736.92v278.54q-11.35-.85-22.69-.85-11.35 0-22.7.85V-555H185.39v317.31q0 4.61 3.84 8.46 3.85 3.84 8.46 3.84h302.69q0 11.16 1.85 22.7 1.85 11.53 4.54 22.69H197.69Zm-12.3-420.38h509.22v-136.54q0-4.62-3.84-8.46-3.85-3.85-8.46-3.85H197.69q-4.61 0-8.46 3.85-3.84 3.84-3.84 8.46v136.54Zm0 0v-148.85 148.85Z\"><\/path><\/svg>\t\t\t\t\t\t<\/span>\n\t\t\t\t\t\t\t\t\t\t<span class=\"elementor-icon-list-text\">Cada espectacle est\u00e0 recomanat de manera espec\u00edfica per a un p\u00fablic determinat.<\/span>\n\t\t\t\t\t\t\t\t\t<\/li>\n\t\t\t\t\t\t\t\t<li class=\"elementor-icon-list-item\">\n\t\t\t\t\t\t\t\t\t\t\t<span class=\"elementor-icon-list-icon\">\n\t\t\t\t\t\t\t<svg xmlns=\"http:\/\/www.w3.org\/2000\/svg\" height=\"48px\" viewBox=\"0 -960 960 960\" width=\"48px\" fill=\"Currentcolor\"><path d=\"m400.69-183.08 259.77-311.53H485.85l34.07-270.23-234.53 339.45h149.76l-34.46 242.31Zm-57.61 80.77 40-277.69h-185l329.61-475.77h49.23L537.31-540H757.3L392.31-102.31h-49.23Zm130.15-372.15Z\"><\/path><\/svg>\t\t\t\t\t\t<\/span>\n\t\t\t\t\t\t\t\t\t\t<span class=\"elementor-icon-list-text\">A tots els espectacles del Parc Astron\u00f2mic s'utilitzen llums estrobosc\u00f2piques i efecte de fum.<\/span>\n\t\t\t\t\t\t\t\t\t<\/li>\n\t\t\t\t\t\t<\/ul>\n\t\t\t\t\t\t<\/div>\n\t\t\t\t<\/div>\n\t\t\t\t\t<\/div>\n\t\t\t\t<\/div>\n\t\t\t\t<\/div>\n\t\t\t\t<\/div>\n\t\t\t\t\t\t<\/div>\n\t\t\t\t<\/div>\n\t\t\t\t\t<\/div>\n\t\t\t\t<\/div>\n\t\t\t\t<\/div>\n\t\t","protected":false},"excerpt":{"rendered":"<p>Cena con estrellas: ZENIT Astronom\u00eda en el plato Disfruta de una comida premium donde se han tematizado todos los platos [&hellip;]<\/p>\n","protected":false},"author":5,"featured_media":0,"parent":0,"menu_order":0,"comment_status":"closed","ping_status":"closed","template":"","meta":{"_acf_changed":false,"site-sidebar-layout":"default","site-content-layout":"","ast-site-content-layout":"default","site-content-style":"default","site-sidebar-style":"default","ast-global-header-display":"","ast-banner-title-visibility":"","ast-main-header-display":"","ast-hfb-above-header-display":"","ast-hfb-below-header-display":"","ast-hfb-mobile-header-display":"","site-post-title":"","ast-breadcrumbs-content":"","ast-featured-img":"","footer-sml-layout":"","theme-transparent-header-meta":"","adv-header-id-meta":"","stick-header-meta":"","header-above-stick-meta":"","header-main-stick-meta":"","header-below-stick-meta":"","astra-migrate-meta-layouts":"default","ast-page-background-enabled":"default","ast-page-background-meta":{"desktop":{"background-color":"var(--ast-global-color-5)","background-image":"","background-repeat":"repeat","background-position":"center center","background-size":"auto","background-attachment":"scroll","background-type":"","background-media":"","overlay-type":"","overlay-color":"","overlay-opacity":"","overlay-gradient":""},"tablet":{"background-color":"","background-image":"","background-repeat":"repeat","background-position":"center center","background-size":"auto","background-attachment":"scroll","background-type":"","background-media":"","overlay-type":"","overlay-color":"","overlay-opacity":"","overlay-gradient":""},"mobile":{"background-color":"","background-image":"","background-repeat":"repeat","background-position":"center center","background-size":"auto","background-attachment":"scroll","background-type":"","background-media":"","overlay-type":"","overlay-color":"","overlay-opacity":"","overlay-gradient":""}},"ast-content-background-meta":{"desktop":{"background-color":"var(--ast-global-color-4)","background-image":"","background-repeat":"repeat","background-position":"center center","background-size":"auto","background-attachment":"scroll","background-type":"","background-media":"","overlay-type":"","overlay-color":"","overlay-opacity":"","overlay-gradient":""},"tablet":{"background-color":"var(--ast-global-color-4)","background-image":"","background-repeat":"repeat","background-position":"center center","background-size":"auto","background-attachment":"scroll","background-type":"","background-media":"","overlay-type":"","overlay-color":"","overlay-opacity":"","overlay-gradient":""},"mobile":{"background-color":"var(--ast-global-color-4)","background-image":"","background-repeat":"repeat","background-position":"center center","background-size":"auto","background-attachment":"scroll","background-type":"","background-media":"","overlay-type":"","overlay-color":"","overlay-opacity":"","overlay-gradient":""}},"footnotes":""},"class_list":["post-99889","page","type-page","status-publish","hentry"],"acf":[],"_links":{"self":[{"href":"https:\/\/www.parcastronomicprades.cat\/en\/wp-json\/wp\/v2\/pages\/99889","targetHints":{"allow":["GET"]}}],"collection":[{"href":"https:\/\/www.parcastronomicprades.cat\/en\/wp-json\/wp\/v2\/pages"}],"about":[{"href":"https:\/\/www.parcastronomicprades.cat\/en\/wp-json\/wp\/v2\/types\/page"}],"author":[{"embeddable":true,"href":"https:\/\/www.parcastronomicprades.cat\/en\/wp-json\/wp\/v2\/users\/5"}],"replies":[{"embeddable":true,"href":"https:\/\/www.parcastronomicprades.cat\/en\/wp-json\/wp\/v2\/comments?post=99889"}],"version-history":[{"count":1,"href":"https:\/\/www.parcastronomicprades.cat\/en\/wp-json\/wp\/v2\/pages\/99889\/revisions"}],"predecessor-version":[{"id":99890,"href":"https:\/\/www.parcastronomicprades.cat\/en\/wp-json\/wp\/v2\/pages\/99889\/revisions\/99890"}],"wp:attachment":[{"href":"https:\/\/www.parcastronomicprades.cat\/en\/wp-json\/wp\/v2\/media?parent=99889"}],"curies":[{"name":"wp","href":"https:\/\/api.w.org\/{rel}","templated":true}]}}